												{"id":433,"date":"2014-02-26T17:51:21","date_gmt":"2014-02-26T17:51:21","guid":{"rendered":"http:\/\/www.barcelopuntaumbriaevents.com\/?page_id=433"},"modified":"2020-01-03T12:51:05","modified_gmt":"2020-01-03T12:51:05","slug":"ofertas","status":"publish","type":"page","link":"https:\/\/barcelopuntaumbriaevents.com\/fr\/promociones-y-ofertas\/ofertas\/","title":{"rendered":"Offres"},"content":{"rendered":"<p><\/p>\n<div class=\"entry-content\">\n<div class=\"months1\"><img class=\"submonths\" src=\"https:\/\/www.barcelopuntaumbriaevents.com\/wp-content\/uploads\/Calendario\/01_janvier_blanc.jpg\" alt=\"\" \/><img class=\"submonths\" src=\"https:\/\/www.barcelopuntaumbriaevents.com\/wp-content\/uploads\/Calendario\/02_fevrier_blanc.jpg\" alt=\"\" \/><img class=\"submonths\" src=\"https:\/\/www.barcelopuntaumbriaevents.com\/wp-content\/uploads\/Calendario\/03_mars_blanc.jpg\" alt=\"\" \/><img class=\"submonths\" src=\"https:\/\/www.barcelopuntaumbriaevents.com\/wp-content\/uploads\/Calendario\/04_avril_blanc.jpg\" alt=\"\" \/><img class=\"submonths\" src=\"https:\/\/www.barcelopuntaumbriaevents.com\/wp-content\/uploads\/Calendario\/05_mai_blanc.jpg\" alt=\"\" \/><img class=\"submonths\" src=\"https:\/\/www.barcelopuntaumbriaevents.com\/wp-content\/uploads\/Calendario\/06_juin_blanc.jpg\" alt=\"\" \/><\/div>\n<div class=\"months\"><img class=\"submonths\" src=\"https:\/\/www.barcelopuntaumbriaevents.com\/wp-content\/uploads\/Calendario\/07_juillet_blanc.jpg\" alt=\"\" \/><img class=\"submonths\" src=\"https:\/\/www.barcelopuntaumbriaevents.com\/wp-content\/uploads\/Calendario\/08_aout_blanc.jpg\" alt=\"\" \/><img class=\"submonths\" src=\"https:\/\/www.barcelopuntaumbriaevents.com\/wp-content\/uploads\/Calendario\/09_septembre_blanc.jpg\" alt=\"\" \/><img class=\"submonths\" src=\"https:\/\/www.barcelopuntaumbriaevents.com\/wp-content\/uploads\/Calendario\/10_octobre_blanc.jpg\" alt=\"\" \/><img class=\"submonths\" src=\"http:\/\/barcelopuntaumbriaevents.com\/wp-content\/uploads\/2018\/02\/NOVIEMBRE-2018-e1518690005141.jpg\" alt=\"\" \/><img class=\"submonths\" src=\"http:\/\/barcelopuntaumbriaevents.com\/wp-content\/uploads\/2018\/02\/DICIEMBRE.jpg\" alt=\"\" \/><\/div>\n<div class=\"lenda\">\n<div class=\"gris\"><i>Gris<\/i> Offre d\u2019\u00e9v\u00e8nements et de r\u00e9unions<\/div>\n<\/div>\n<div class=\"clearfix\"><\/div>\n<div class=\"main-title-small1\">T\u00e9l\u00e9charger offres<\/div>\n<p><!-- BOT\u00d3N PARA OFERTAS--><\/p>\n<div class=\"bardroom_btn1\"><a href=\"http:\/\/barcelopuntaumbriaevents.com\/wp-content\/uploads\/2020\/01\/HIVER-SP\u00c9CIAL-FORFAIT-DE-R\u00c9UNION-2020.-BARCELO-PUNTA-UMBRIA-BEACH-RESORT.pdf\" target=\"_blank\">PDF Offres d\u2019\u00c9v\u00e8nements<\/a><\/div>\n<\/div>\n<p><\/p>","protected":false},"excerpt":{"rendered":"<p>Gris Offre d\u2019\u00e9v\u00e8nements et de r\u00e9unions T\u00e9l\u00e9charger offres PDF Offres d\u2019\u00c9v\u00e8nements<\/p>\n","protected":false},"author":7,"featured_media":0,"parent":37,"menu_order":0,"comment_status":"closed","ping_status":"open","template":"tpl_dynamic.php","meta":{"ngg_post_thumbnail":0},"yoast_head":"<!-- This site is optimized with the Yoast SEO plugin v17.4 - https:\/\/yoast.com\/wordpress\/plugins\/seo\/ -->\n<title>Offres &ndash; Barcel\u00f3 Punta Umbr\u00eda Beach Resort<\/title>\n<meta name=\"robots\" content=\"index, follow, max-snippet:-1, max-image-preview:large, max-video-preview:-1\" \/>\n<link rel=\"canonical\" href=\"https:\/\/barcelopuntaumbriaevents.com\/promociones-y-ofertas\/ofertas\/\" \/>\n<meta property=\"og:locale\" content=\"fr_FR\" \/>\n<meta property=\"og:type\" content=\"article\" \/>\n<meta property=\"og:title\" content=\"Offres &ndash; Barcel\u00f3 Punta Umbr\u00eda Beach Resort\" \/>\n<meta property=\"og:description\" content=\"Gris Offre d\u2019\u00e9v\u00e8nements et de r\u00e9unions T\u00e9l\u00e9charger offres PDF Offres d\u2019\u00c9v\u00e8nements\" \/>\n<meta property=\"og:url\" content=\"https:\/\/barcelopuntaumbriaevents.com\/promociones-y-ofertas\/ofertas\/\" \/>\n<meta property=\"og:site_name\" content=\"Barcel\u00f3 Punta Umbr\u00eda Beach Resort\" \/>\n<meta property=\"article:modified_time\" content=\"2020-01-03T12:51:05+00:00\" \/>\n<meta property=\"og:image\" content=\"http:\/\/www.barcelopuntaumbriaevents.com\/wp-content\/uploads\/Calendario\/01_enero_blanco.jpg\" \/>\n<script type=\"application\/ld+json\" class=\"yoast-schema-graph\">{\"@context\":\"https:\/\/schema.org\",\"@graph\":[{\"@type\":\"WebSite\",\"@id\":\"https:\/\/barcelopuntaumbriaevents.com\/es\/#website\",\"url\":\"https:\/\/barcelopuntaumbriaevents.com\/es\/\",\"name\":\"Barcel\\u00f3 Punta Umbr\\u00eda Beach Resort\",\"description\":\"Web oficial del Hotel Barcel\\u00f3 Punta Umbr\\u00eda Beach Resort\",\"potentialAction\":[{\"@type\":\"SearchAction\",\"target\":{\"@type\":\"EntryPoint\",\"urlTemplate\":\"https:\/\/barcelopuntaumbriaevents.com\/es\/?s={search_term_string}\"},\"query-input\":\"required name=search_term_string\"}],\"inLanguage\":\"fr-FR\"},{\"@type\":\"ImageObject\",\"@id\":\"https:\/\/barcelopuntaumbriaevents.com\/promociones-y-ofertas\/ofertas\/#primaryimage\",\"inLanguage\":\"fr-FR\",\"url\":\"https:\/\/www.barcelopuntaumbriaevents.com\/wp-content\/uploads\/Calendario\/01_enero_blanco.jpg\",\"contentUrl\":\"https:\/\/www.barcelopuntaumbriaevents.com\/wp-content\/uploads\/Calendario\/01_enero_blanco.jpg\"},{\"@type\":\"WebPage\",\"@id\":\"https:\/\/barcelopuntaumbriaevents.com\/promociones-y-ofertas\/ofertas\/#webpage\",\"url\":\"https:\/\/barcelopuntaumbriaevents.com\/promociones-y-ofertas\/ofertas\/\",\"name\":\"Offres &ndash; Barcel\\u00f3 Punta Umbr\\u00eda Beach Resort\",\"isPartOf\":{\"@id\":\"https:\/\/barcelopuntaumbriaevents.com\/es\/#website\"},\"primaryImageOfPage\":{\"@id\":\"https:\/\/barcelopuntaumbriaevents.com\/promociones-y-ofertas\/ofertas\/#primaryimage\"},\"datePublished\":\"2014-02-26T17:51:21+00:00\",\"dateModified\":\"2020-01-03T12:51:05+00:00\",\"breadcrumb\":{\"@id\":\"https:\/\/barcelopuntaumbriaevents.com\/promociones-y-ofertas\/ofertas\/#breadcrumb\"},\"inLanguage\":\"fr-FR\",\"potentialAction\":[{\"@type\":\"ReadAction\",\"target\":[\"https:\/\/barcelopuntaumbriaevents.com\/promociones-y-ofertas\/ofertas\/\"]}]},{\"@type\":\"BreadcrumbList\",\"@id\":\"https:\/\/barcelopuntaumbriaevents.com\/promociones-y-ofertas\/ofertas\/#breadcrumb\",\"itemListElement\":[{\"@type\":\"ListItem\",\"position\":1,\"name\":\"Home\",\"item\":\"https:\/\/barcelopuntaumbriaevents.com\/es\/\"},{\"@type\":\"ListItem\",\"position\":2,\"name\":\"Promociones y ofertas\",\"item\":\"https:\/\/barcelopuntaumbriaevents.com\/promociones-y-ofertas\/\"},{\"@type\":\"ListItem\",\"position\":3,\"name\":\"Ofertas\"}]}]}<\/script>\n<!-- \/ Yoast SEO plugin. -->","yoast_head_json":{"title":"Offres &ndash; Barcel\u00f3 Punta Umbr\u00eda Beach Resort","robots":{"index":"index","follow":"follow","max-snippet":"max-snippet:-1","max-image-preview":"max-image-preview:large","max-video-preview":"max-video-preview:-1"},"canonical":"https:\/\/barcelopuntaumbriaevents.com\/promociones-y-ofertas\/ofertas\/","og_locale":"fr_FR","og_type":"article","og_title":"Offres &ndash; Barcel\u00f3 Punta Umbr\u00eda Beach Resort","og_description":"Gris Offre d\u2019\u00e9v\u00e8nements et de r\u00e9unions T\u00e9l\u00e9charger offres PDF Offres d\u2019\u00c9v\u00e8nements","og_url":"https:\/\/barcelopuntaumbriaevents.com\/promociones-y-ofertas\/ofertas\/","og_site_name":"Barcel\u00f3 Punta Umbr\u00eda Beach Resort","article_modified_time":"2020-01-03T12:51:05+00:00","og_image":[{"url":"http:\/\/www.barcelopuntaumbriaevents.com\/wp-content\/uploads\/Calendario\/01_enero_blanco.jpg"}],"schema":{"@context":"https:\/\/schema.org","@graph":[{"@type":"WebSite","@id":"https:\/\/barcelopuntaumbriaevents.com\/es\/#website","url":"https:\/\/barcelopuntaumbriaevents.com\/es\/","name":"Barcel\u00f3 Punta Umbr\u00eda Beach Resort","description":"Web oficial del Hotel Barcel\u00f3 Punta Umbr\u00eda Beach Resort","potentialAction":[{"@type":"SearchAction","target":{"@type":"EntryPoint","urlTemplate":"https:\/\/barcelopuntaumbriaevents.com\/es\/?s={search_term_string}"},"query-input":"required name=search_term_string"}],"inLanguage":"fr-FR"},{"@type":"ImageObject","@id":"https:\/\/barcelopuntaumbriaevents.com\/promociones-y-ofertas\/ofertas\/#primaryimage","inLanguage":"fr-FR","url":"https:\/\/www.barcelopuntaumbriaevents.com\/wp-content\/uploads\/Calendario\/01_enero_blanco.jpg","contentUrl":"https:\/\/www.barcelopuntaumbriaevents.com\/wp-content\/uploads\/Calendario\/01_enero_blanco.jpg"},{"@type":"WebPage","@id":"https:\/\/barcelopuntaumbriaevents.com\/promociones-y-ofertas\/ofertas\/#webpage","url":"https:\/\/barcelopuntaumbriaevents.com\/promociones-y-ofertas\/ofertas\/","name":"Offres &ndash; Barcel\u00f3 Punta Umbr\u00eda Beach Resort","isPartOf":{"@id":"https:\/\/barcelopuntaumbriaevents.com\/es\/#website"},"primaryImageOfPage":{"@id":"https:\/\/barcelopuntaumbriaevents.com\/promociones-y-ofertas\/ofertas\/#primaryimage"},"datePublished":"2014-02-26T17:51:21+00:00","dateModified":"2020-01-03T12:51:05+00:00","breadcrumb":{"@id":"https:\/\/barcelopuntaumbriaevents.com\/promociones-y-ofertas\/ofertas\/#breadcrumb"},"inLanguage":"fr-FR","potentialAction":[{"@type":"ReadAction","target":["https:\/\/barcelopuntaumbriaevents.com\/promociones-y-ofertas\/ofertas\/"]}]},{"@type":"BreadcrumbList","@id":"https:\/\/barcelopuntaumbriaevents.com\/promociones-y-ofertas\/ofertas\/#breadcrumb","itemListElement":[{"@type":"ListItem","position":1,"name":"Home","item":"https:\/\/barcelopuntaumbriaevents.com\/es\/"},{"@type":"ListItem","position":2,"name":"Promociones y ofertas","item":"https:\/\/barcelopuntaumbriaevents.com\/promociones-y-ofertas\/"},{"@type":"ListItem","position":3,"name":"Ofertas"}]}]}},"_links":{"self":[{"href":"https:\/\/barcelopuntaumbriaevents.com\/fr\/wp-json\/wp\/v2\/pages\/433"}],"collection":[{"href":"https:\/\/barcelopuntaumbriaevents.com\/fr\/wp-json\/wp\/v2\/pages"}],"about":[{"href":"https:\/\/barcelopuntaumbriaevents.com\/fr\/wp-json\/wp\/v2\/types\/page"}],"author":[{"embeddable":true,"href":"https:\/\/barcelopuntaumbriaevents.com\/fr\/wp-json\/wp\/v2\/users\/7"}],"replies":[{"embeddable":true,"href":"https:\/\/barcelopuntaumbriaevents.com\/fr\/wp-json\/wp\/v2\/comments?post=433"}],"version-history":[{"count":27,"href":"https:\/\/barcelopuntaumbriaevents.com\/fr\/wp-json\/wp\/v2\/pages\/433\/revisions"}],"predecessor-version":[{"id":6336,"href":"https:\/\/barcelopuntaumbriaevents.com\/fr\/wp-json\/wp\/v2\/pages\/433\/revisions\/6336"}],"up":[{"embeddable":true,"href":"https:\/\/barcelopuntaumbriaevents.com\/fr\/wp-json\/wp\/v2\/pages\/37"}],"wp:attachment":[{"href":"https:\/\/barcelopuntaumbriaevents.com\/fr\/wp-json\/wp\/v2\/media?parent=433"}],"curies":[{"name":"wp","href":"https:\/\/api.w.org\/{rel}","templated":true}]}}