												{"id":37,"date":"2014-02-07T04:59:50","date_gmt":"2014-02-07T04:59:50","guid":{"rendered":"http:\/\/www.barcelopuntaumbriaevents.com\/?page_id=37"},"modified":"2016-03-16T01:46:42","modified_gmt":"2016-03-16T01:46:42","slug":"promociones-y-ofertas","status":"publish","type":"page","link":"https:\/\/barcelopuntaumbriaevents.com\/fr\/promociones-y-ofertas\/","title":{"rendered":"Promotions et offres"},"content":{"rendered":"<p><\/p>\n<div class=\"blk_c row\">\n<div class=\"promociones-box\">\n<div class=\"main-title\">Promotions<\/div>\n<div class=\"promociones-box-thumb\"><a href=\"http:\/\/www.barcelopuntaumbriaevents.com\/fr\/promociones-y-ofertas\/promociones\/\" style=\"display: block;\"><img alt=\"\" src=\"https:\/\/www.barcelopuntaumbriaevents.com\/wp-content\/uploads\/2014\/02\/03_promo_frances.jpg\" style=\"width: 100%\"><\/a><\/div>\n<div class=\"promociones-box-description1\">Inscrivez-vous et b\u00e9n\u00e9ficiez des avantages et des surprises de nos promotions exclusives r\u00e9serv\u00e9es aux professionnels du secteur.<\/div>\n<div class=\"read-more\"><a href=\"http:\/\/www.barcelopuntaumbriaevents.com\/promociones-y-ofertas\/promociones\/\">Entrer<\/a><\/div>\n<\/p><\/div>\n<div class=\"promociones-box\">\n<div class=\"main-title\">Offres pour r\u00e9unions et \u00e9v\u00e8nements<\/div>\n<div class=\"promociones-box-thumb\"><a href=\"http:\/\/www.barcelopuntaumbriaevents.com\/fr\/promociones-y-ofertas\/ofertas\/\"><img alt=\"\" src=\"https:\/\/www.barcelopuntaumbriaevents.com\/wp-content\/uploads\/2014\/02\/03_promo2_frances.jpg\"><\/a><\/div>\n<div class=\"promociones-box-description1\">Consultez et b\u00e9n\u00e9ficiez des remises que nous vous proposons pour les \u00e9v\u00e8nements, conventions et r\u00e9unions.<\/div>\n<div class=\"read-more\"><a href=\"http:\/\/www.barcelopuntaumbriaevents.com\/promociones-y-ofertas\/ofertas\/\">Entrer<\/a><\/div>\n<\/p><\/div>\n<\/p><\/div>\n<p><\/p>","protected":false},"excerpt":{"rendered":"<p>Promotions Inscrivez-vous et b\u00e9n\u00e9ficiez des avantages et des surprises de nos promotions exclusives r\u00e9serv\u00e9es aux professionnels du secteur. Entrer Offres pour r\u00e9unions et \u00e9v\u00e8nements Consultez et b\u00e9n\u00e9ficiez des remises que nous vous proposons pour les \u00e9v\u00e8nements, conventions et r\u00e9unions. Entrer<\/p>\n","protected":false},"author":7,"featured_media":0,"parent":0,"menu_order":0,"comment_status":"closed","ping_status":"open","template":"tpl_menus.php","meta":{"ngg_post_thumbnail":0},"yoast_head":"<!-- This site is optimized with the Yoast SEO plugin v17.4 - https:\/\/yoast.com\/wordpress\/plugins\/seo\/ -->\n<title>Promotions et offres &ndash; Barcel\u00f3 Punta Umbr\u00eda Beach Resort<\/title>\n<meta name=\"robots\" content=\"index, follow, max-snippet:-1, max-image-preview:large, max-video-preview:-1\" \/>\n<link rel=\"canonical\" href=\"https:\/\/barcelopuntaumbriaevents.com\/promociones-y-ofertas\/\" \/>\n<meta property=\"og:locale\" content=\"fr_FR\" \/>\n<meta property=\"og:type\" content=\"article\" \/>\n<meta property=\"og:title\" content=\"Promotions et offres &ndash; Barcel\u00f3 Punta Umbr\u00eda Beach Resort\" \/>\n<meta property=\"og:description\" content=\"Promotions Inscrivez-vous et b\u00e9n\u00e9ficiez des avantages et des surprises de nos promotions exclusives r\u00e9serv\u00e9es aux professionnels du secteur. Entrer Offres pour r\u00e9unions et \u00e9v\u00e8nements Consultez et b\u00e9n\u00e9ficiez des remises que nous vous proposons pour les \u00e9v\u00e8nements, conventions et r\u00e9unions. Entrer\" \/>\n<meta property=\"og:url\" content=\"https:\/\/barcelopuntaumbriaevents.com\/promociones-y-ofertas\/\" \/>\n<meta property=\"og:site_name\" content=\"Barcel\u00f3 Punta Umbr\u00eda Beach Resort\" \/>\n<meta property=\"article:modified_time\" content=\"2016-03-16T01:46:42+00:00\" \/>\n<meta property=\"og:image\" content=\"http:\/\/www.barcelopuntaumbriaevents.com\/wp-content\/uploads\/2014\/02\/01_promo_caste.jpg\" \/>\n<meta name=\"twitter:label1\" content=\"Dur\u00e9e de lecture est.\" \/>\n\t<meta name=\"twitter:data1\" content=\"1 minute\" \/>\n<script type=\"application\/ld+json\" class=\"yoast-schema-graph\">{\"@context\":\"https:\/\/schema.org\",\"@graph\":[{\"@type\":\"WebSite\",\"@id\":\"https:\/\/barcelopuntaumbriaevents.com\/es\/#website\",\"url\":\"https:\/\/barcelopuntaumbriaevents.com\/es\/\",\"name\":\"Barcel\\u00f3 Punta Umbr\\u00eda Beach Resort\",\"description\":\"Web oficial del Hotel Barcel\\u00f3 Punta Umbr\\u00eda Beach Resort\",\"potentialAction\":[{\"@type\":\"SearchAction\",\"target\":{\"@type\":\"EntryPoint\",\"urlTemplate\":\"https:\/\/barcelopuntaumbriaevents.com\/es\/?s={search_term_string}\"},\"query-input\":\"required name=search_term_string\"}],\"inLanguage\":\"fr-FR\"},{\"@type\":\"ImageObject\",\"@id\":\"https:\/\/barcelopuntaumbriaevents.com\/promociones-y-ofertas\/#primaryimage\",\"inLanguage\":\"fr-FR\",\"url\":\"https:\/\/www.barcelopuntaumbriaevents.com\/wp-content\/uploads\/2014\/02\/01_promo_caste.jpg\",\"contentUrl\":\"https:\/\/www.barcelopuntaumbriaevents.com\/wp-content\/uploads\/2014\/02\/01_promo_caste.jpg\"},{\"@type\":\"WebPage\",\"@id\":\"https:\/\/barcelopuntaumbriaevents.com\/promociones-y-ofertas\/#webpage\",\"url\":\"https:\/\/barcelopuntaumbriaevents.com\/promociones-y-ofertas\/\",\"name\":\"Promotions et offres &ndash; Barcel\\u00f3 Punta Umbr\\u00eda Beach Resort\",\"isPartOf\":{\"@id\":\"https:\/\/barcelopuntaumbriaevents.com\/es\/#website\"},\"primaryImageOfPage\":{\"@id\":\"https:\/\/barcelopuntaumbriaevents.com\/promociones-y-ofertas\/#primaryimage\"},\"datePublished\":\"2014-02-07T04:59:50+00:00\",\"dateModified\":\"2016-03-16T01:46:42+00:00\",\"breadcrumb\":{\"@id\":\"https:\/\/barcelopuntaumbriaevents.com\/promociones-y-ofertas\/#breadcrumb\"},\"inLanguage\":\"fr-FR\",\"potentialAction\":[{\"@type\":\"ReadAction\",\"target\":[\"https:\/\/barcelopuntaumbriaevents.com\/promociones-y-ofertas\/\"]}]},{\"@type\":\"BreadcrumbList\",\"@id\":\"https:\/\/barcelopuntaumbriaevents.com\/promociones-y-ofertas\/#breadcrumb\",\"itemListElement\":[{\"@type\":\"ListItem\",\"position\":1,\"name\":\"Home\",\"item\":\"https:\/\/barcelopuntaumbriaevents.com\/es\/\"},{\"@type\":\"ListItem\",\"position\":2,\"name\":\"Promociones y ofertas\"}]}]}<\/script>\n<!-- \/ Yoast SEO plugin. -->","yoast_head_json":{"title":"Promotions et offres &ndash; Barcel\u00f3 Punta Umbr\u00eda Beach Resort","robots":{"index":"index","follow":"follow","max-snippet":"max-snippet:-1","max-image-preview":"max-image-preview:large","max-video-preview":"max-video-preview:-1"},"canonical":"https:\/\/barcelopuntaumbriaevents.com\/promociones-y-ofertas\/","og_locale":"fr_FR","og_type":"article","og_title":"Promotions et offres &ndash; Barcel\u00f3 Punta Umbr\u00eda Beach Resort","og_description":"Promotions Inscrivez-vous et b\u00e9n\u00e9ficiez des avantages et des surprises de nos promotions exclusives r\u00e9serv\u00e9es aux professionnels du secteur. Entrer Offres pour r\u00e9unions et \u00e9v\u00e8nements Consultez et b\u00e9n\u00e9ficiez des remises que nous vous proposons pour les \u00e9v\u00e8nements, conventions et r\u00e9unions. Entrer","og_url":"https:\/\/barcelopuntaumbriaevents.com\/promociones-y-ofertas\/","og_site_name":"Barcel\u00f3 Punta Umbr\u00eda Beach Resort","article_modified_time":"2016-03-16T01:46:42+00:00","og_image":[{"url":"http:\/\/www.barcelopuntaumbriaevents.com\/wp-content\/uploads\/2014\/02\/01_promo_caste.jpg"}],"twitter_misc":{"Dur\u00e9e de lecture est.":"1 minute"},"schema":{"@context":"https:\/\/schema.org","@graph":[{"@type":"WebSite","@id":"https:\/\/barcelopuntaumbriaevents.com\/es\/#website","url":"https:\/\/barcelopuntaumbriaevents.com\/es\/","name":"Barcel\u00f3 Punta Umbr\u00eda Beach Resort","description":"Web oficial del Hotel Barcel\u00f3 Punta Umbr\u00eda Beach Resort","potentialAction":[{"@type":"SearchAction","target":{"@type":"EntryPoint","urlTemplate":"https:\/\/barcelopuntaumbriaevents.com\/es\/?s={search_term_string}"},"query-input":"required name=search_term_string"}],"inLanguage":"fr-FR"},{"@type":"ImageObject","@id":"https:\/\/barcelopuntaumbriaevents.com\/promociones-y-ofertas\/#primaryimage","inLanguage":"fr-FR","url":"https:\/\/www.barcelopuntaumbriaevents.com\/wp-content\/uploads\/2014\/02\/01_promo_caste.jpg","contentUrl":"https:\/\/www.barcelopuntaumbriaevents.com\/wp-content\/uploads\/2014\/02\/01_promo_caste.jpg"},{"@type":"WebPage","@id":"https:\/\/barcelopuntaumbriaevents.com\/promociones-y-ofertas\/#webpage","url":"https:\/\/barcelopuntaumbriaevents.com\/promociones-y-ofertas\/","name":"Promotions et offres &ndash; Barcel\u00f3 Punta Umbr\u00eda Beach Resort","isPartOf":{"@id":"https:\/\/barcelopuntaumbriaevents.com\/es\/#website"},"primaryImageOfPage":{"@id":"https:\/\/barcelopuntaumbriaevents.com\/promociones-y-ofertas\/#primaryimage"},"datePublished":"2014-02-07T04:59:50+00:00","dateModified":"2016-03-16T01:46:42+00:00","breadcrumb":{"@id":"https:\/\/barcelopuntaumbriaevents.com\/promociones-y-ofertas\/#breadcrumb"},"inLanguage":"fr-FR","potentialAction":[{"@type":"ReadAction","target":["https:\/\/barcelopuntaumbriaevents.com\/promociones-y-ofertas\/"]}]},{"@type":"BreadcrumbList","@id":"https:\/\/barcelopuntaumbriaevents.com\/promociones-y-ofertas\/#breadcrumb","itemListElement":[{"@type":"ListItem","position":1,"name":"Home","item":"https:\/\/barcelopuntaumbriaevents.com\/es\/"},{"@type":"ListItem","position":2,"name":"Promociones y ofertas"}]}]}},"_links":{"self":[{"href":"https:\/\/barcelopuntaumbriaevents.com\/fr\/wp-json\/wp\/v2\/pages\/37"}],"collection":[{"href":"https:\/\/barcelopuntaumbriaevents.com\/fr\/wp-json\/wp\/v2\/pages"}],"about":[{"href":"https:\/\/barcelopuntaumbriaevents.com\/fr\/wp-json\/wp\/v2\/types\/page"}],"author":[{"embeddable":true,"href":"https:\/\/barcelopuntaumbriaevents.com\/fr\/wp-json\/wp\/v2\/users\/7"}],"replies":[{"embeddable":true,"href":"https:\/\/barcelopuntaumbriaevents.com\/fr\/wp-json\/wp\/v2\/comments?post=37"}],"version-history":[{"count":0,"href":"https:\/\/barcelopuntaumbriaevents.com\/fr\/wp-json\/wp\/v2\/pages\/37\/revisions"}],"wp:attachment":[{"href":"https:\/\/barcelopuntaumbriaevents.com\/fr\/wp-json\/wp\/v2\/media?parent=37"}],"curies":[{"name":"wp","href":"https:\/\/api.w.org\/{rel}","templated":true}]}}