												{"id":35,"date":"2014-02-07T04:58:58","date_gmt":"2014-02-07T04:58:58","guid":{"rendered":"http:\/\/www.barcelopuntaumbriaevents.com\/?page_id=35"},"modified":"2019-12-27T13:40:02","modified_gmt":"2019-12-27T13:40:02","slug":"espacios-singulares","status":"publish","type":"page","link":"https:\/\/barcelopuntaumbriaevents.com\/fr\/el-hotel\/espacios-singulares\/","title":{"rendered":"Espaces singuliers"},"content":{"rendered":"<p><\/p>\n<div class=\"blk_c row\">\n<div class=\"promociones-box\">\n<div class=\"main-title\"> Barcel\u00f3 Auditorium<\/div>\n<div class=\"promociones-box-thumb\"> <img alt=\"\" src=\"https:\/\/www.barcelopuntaumbriaevents.com\/wp-content\/uploads\/2014\/02\/Auditorium1.jpg\"><\/div>\n<div class=\"promociones-box-description1\">Au c\u0153ur de notre Centre de Conventions se trouve notre imposant Barcel\u00f3 Auditorium, pl\u00e9ni\u00e8re multifonctionnelle avec des touches \u00e9l\u00e9gantes et modernes.<\/div>\n<div class=\"read-more\"><a href=\"http:\/\/www.barcelopuntaumbriaevents.com\/el-hotel\/espacios-singulares\/barcelo-auditorium\/\">Entrer<\/a><\/div>\n<\/p><\/div>\n<div class=\"promociones-box\">\n<div class=\"main-title\">Terrasses<\/div>\n<div class=\"promociones-box-thumb\"><img alt=\"\" src=\"http:\/\/www.barcelopuntaumbriaevents.com\/wp-content\/themes\/barcelo\/images\/secciones\/espacios_terrazas.png\"><\/div>\n<div class=\"promociones-box-description1\">Les 10000 m2 de terrasses ext\u00e9rieures que Barcel\u00f3 Punta Umbr\u00eda Beach Resort met \u00e0 votre disposition.<\/div>\n<div class=\"read-more\"><a href=\"http:\/\/www.barcelopuntaumbriaevents.com\/el-hotel\/espacios-singulares\/terrazas\/\">Entrer<\/a><\/div>\n<\/div>\n<div class=\"promociones-box\">\n<div class=\"main-title\">Patios Piscines<\/div>\n<div class=\"promociones-box-thumb\"><img alt=\"\" src=\"https:\/\/www.barcelopuntaumbriaevents.com\/wp-content\/uploads\/2014\/02\/Barcelo_piscina.jpg\"><\/div>\n<div class=\"promociones-box-description1\">Plus de 6000 m2 de terrasses am\u00e9nag\u00e9es en espaces verts autour de nos impressionnantes piscines de mille m\u00e8tres  de surface d\u2019eau sont les lieux appropri\u00e9s pour organiser des \u00e9v\u00e8nements spectaculaires et des soir\u00e9es en plein air.<\/div>\n<div class=\"read-more\"><a href=\"http:\/\/www.barcelopuntaumbriaevents.com\/el-hotel\/espacios-singulares\/patios-piscinas\/\">Entrer<\/a><\/div>\n<\/div>\n<div class=\"promociones-box\">\n<div class=\"main-title\">Passerelles<\/div>\n<div class=\"promociones-box-thumb\"><img alt=\"\" src=\"https:\/\/www.barcelopuntaumbriaevents.com\/wp-content\/uploads\/2014\/02\/FOTO-PASARELA-1024x683.jpg\"><\/div>\n<div class=\"promociones-box-description1\">Id\u00e9al pour pauses caf\u00e9 et cocktails d\u2019entreprise, profitez de la luminosit\u00e9 d\u2019un cadre unique gr\u00e2ce avec d\u2019innombrables baies vitr\u00e9es avec vues sur le site naturel des Enebrales.<\/div>\n<div class=\"read-more\"><a href=\"http:\/\/www.barcelopuntaumbriaevents.com\/el-hotel\/espacios-singulares\/pasarelas\/\">Entrer<\/a><\/div>\n<\/div>\n<\/div>\n<p><!-- end blk_c-->  <\/p>","protected":false},"excerpt":{"rendered":"<p>Barcel\u00f3 Auditorium Au c\u0153ur de notre Centre de Conventions se trouve notre imposant Barcel\u00f3 Auditorium, pl\u00e9ni\u00e8re multifonctionnelle avec des touches \u00e9l\u00e9gantes et modernes. Entrer Terrasses Les 10000 m2 de terrasses ext\u00e9rieures que Barcel\u00f3 Punta Umbr\u00eda Beach Resort met \u00e0 votre disposition. Entrer Patios Piscines Plus de 6000 m2 de terrasses am\u00e9nag\u00e9es en espaces verts autour [&hellip;]<\/p>\n","protected":false},"author":7,"featured_media":0,"parent":22,"menu_order":0,"comment_status":"closed","ping_status":"open","template":"tpl_menus.php","meta":{"ngg_post_thumbnail":0},"yoast_head":"<!-- This site is optimized with the Yoast SEO plugin v17.4 - https:\/\/yoast.com\/wordpress\/plugins\/seo\/ -->\n<title>Espaces singuliers &ndash; Barcel\u00f3 Punta Umbr\u00eda Beach Resort<\/title>\n<meta name=\"robots\" content=\"index, follow, max-snippet:-1, max-image-preview:large, max-video-preview:-1\" \/>\n<link rel=\"canonical\" href=\"https:\/\/barcelopuntaumbriaevents.com\/es\/el-hotel\/espacios-singulares\/\" \/>\n<meta property=\"og:locale\" content=\"fr_FR\" \/>\n<meta property=\"og:type\" content=\"article\" \/>\n<meta property=\"og:title\" content=\"Espaces singuliers &ndash; Barcel\u00f3 Punta Umbr\u00eda Beach Resort\" \/>\n<meta property=\"og:description\" content=\"Barcel\u00f3 Auditorium Au c\u0153ur de notre Centre de Conventions se trouve notre imposant Barcel\u00f3 Auditorium, pl\u00e9ni\u00e8re multifonctionnelle avec des touches \u00e9l\u00e9gantes et modernes. Entrer Terrasses Les 10000 m2 de terrasses ext\u00e9rieures que Barcel\u00f3 Punta Umbr\u00eda Beach Resort met \u00e0 votre disposition. Entrer Patios Piscines Plus de 6000 m2 de terrasses am\u00e9nag\u00e9es en espaces verts autour [&hellip;]\" \/>\n<meta property=\"og:url\" content=\"https:\/\/barcelopuntaumbriaevents.com\/es\/el-hotel\/espacios-singulares\/\" \/>\n<meta property=\"og:site_name\" content=\"Barcel\u00f3 Punta Umbr\u00eda Beach Resort\" \/>\n<meta property=\"article:modified_time\" content=\"2019-12-27T13:40:02+00:00\" \/>\n<meta property=\"og:image\" content=\"http:\/\/www.barcelopuntaumbriaevents.com\/wp-content\/uploads\/2014\/02\/Auditorium1.jpg\" \/>\n<meta name=\"twitter:label1\" content=\"Dur\u00e9e de lecture est.\" \/>\n\t<meta name=\"twitter:data1\" content=\"2 minutes\" \/>\n<script type=\"application\/ld+json\" class=\"yoast-schema-graph\">{\"@context\":\"https:\/\/schema.org\",\"@graph\":[{\"@type\":\"WebSite\",\"@id\":\"https:\/\/barcelopuntaumbriaevents.com\/es\/#website\",\"url\":\"https:\/\/barcelopuntaumbriaevents.com\/es\/\",\"name\":\"Barcel\\u00f3 Punta Umbr\\u00eda Beach Resort\",\"description\":\"Web oficial del Hotel Barcel\\u00f3 Punta Umbr\\u00eda Beach Resort\",\"potentialAction\":[{\"@type\":\"SearchAction\",\"target\":{\"@type\":\"EntryPoint\",\"urlTemplate\":\"https:\/\/barcelopuntaumbriaevents.com\/es\/?s={search_term_string}\"},\"query-input\":\"required name=search_term_string\"}],\"inLanguage\":\"fr-FR\"},{\"@type\":\"ImageObject\",\"@id\":\"https:\/\/barcelopuntaumbriaevents.com\/es\/el-hotel\/espacios-singulares\/#primaryimage\",\"inLanguage\":\"fr-FR\",\"url\":\"https:\/\/www.barcelopuntaumbriaevents.com\/wp-content\/uploads\/2014\/02\/Auditorium1.jpg\",\"contentUrl\":\"https:\/\/www.barcelopuntaumbriaevents.com\/wp-content\/uploads\/2014\/02\/Auditorium1.jpg\"},{\"@type\":\"WebPage\",\"@id\":\"https:\/\/barcelopuntaumbriaevents.com\/es\/el-hotel\/espacios-singulares\/#webpage\",\"url\":\"https:\/\/barcelopuntaumbriaevents.com\/es\/el-hotel\/espacios-singulares\/\",\"name\":\"Espaces singuliers &ndash; Barcel\\u00f3 Punta Umbr\\u00eda Beach Resort\",\"isPartOf\":{\"@id\":\"https:\/\/barcelopuntaumbriaevents.com\/es\/#website\"},\"primaryImageOfPage\":{\"@id\":\"https:\/\/barcelopuntaumbriaevents.com\/es\/el-hotel\/espacios-singulares\/#primaryimage\"},\"datePublished\":\"2014-02-07T04:58:58+00:00\",\"dateModified\":\"2019-12-27T13:40:02+00:00\",\"breadcrumb\":{\"@id\":\"https:\/\/barcelopuntaumbriaevents.com\/es\/el-hotel\/espacios-singulares\/#breadcrumb\"},\"inLanguage\":\"fr-FR\",\"potentialAction\":[{\"@type\":\"ReadAction\",\"target\":[\"https:\/\/barcelopuntaumbriaevents.com\/es\/el-hotel\/espacios-singulares\/\"]}]},{\"@type\":\"BreadcrumbList\",\"@id\":\"https:\/\/barcelopuntaumbriaevents.com\/es\/el-hotel\/espacios-singulares\/#breadcrumb\",\"itemListElement\":[{\"@type\":\"ListItem\",\"position\":1,\"name\":\"Home\",\"item\":\"https:\/\/barcelopuntaumbriaevents.com\/es\/\"},{\"@type\":\"ListItem\",\"position\":2,\"name\":\"El Hotel\",\"item\":\"https:\/\/barcelopuntaumbriaevents.com\/es\/el-hotel\/\"},{\"@type\":\"ListItem\",\"position\":3,\"name\":\"Espacios singulares\"}]}]}<\/script>\n<!-- \/ Yoast SEO plugin. -->","yoast_head_json":{"title":"Espaces singuliers &ndash; Barcel\u00f3 Punta Umbr\u00eda Beach Resort","robots":{"index":"index","follow":"follow","max-snippet":"max-snippet:-1","max-image-preview":"max-image-preview:large","max-video-preview":"max-video-preview:-1"},"canonical":"https:\/\/barcelopuntaumbriaevents.com\/es\/el-hotel\/espacios-singulares\/","og_locale":"fr_FR","og_type":"article","og_title":"Espaces singuliers &ndash; Barcel\u00f3 Punta Umbr\u00eda Beach Resort","og_description":"Barcel\u00f3 Auditorium Au c\u0153ur de notre Centre de Conventions se trouve notre imposant Barcel\u00f3 Auditorium, pl\u00e9ni\u00e8re multifonctionnelle avec des touches \u00e9l\u00e9gantes et modernes. Entrer Terrasses Les 10000 m2 de terrasses ext\u00e9rieures que Barcel\u00f3 Punta Umbr\u00eda Beach Resort met \u00e0 votre disposition. Entrer Patios Piscines Plus de 6000 m2 de terrasses am\u00e9nag\u00e9es en espaces verts autour [&hellip;]","og_url":"https:\/\/barcelopuntaumbriaevents.com\/es\/el-hotel\/espacios-singulares\/","og_site_name":"Barcel\u00f3 Punta Umbr\u00eda Beach Resort","article_modified_time":"2019-12-27T13:40:02+00:00","og_image":[{"url":"http:\/\/www.barcelopuntaumbriaevents.com\/wp-content\/uploads\/2014\/02\/Auditorium1.jpg"}],"twitter_misc":{"Dur\u00e9e de lecture est.":"2 minutes"},"schema":{"@context":"https:\/\/schema.org","@graph":[{"@type":"WebSite","@id":"https:\/\/barcelopuntaumbriaevents.com\/es\/#website","url":"https:\/\/barcelopuntaumbriaevents.com\/es\/","name":"Barcel\u00f3 Punta Umbr\u00eda Beach Resort","description":"Web oficial del Hotel Barcel\u00f3 Punta Umbr\u00eda Beach Resort","potentialAction":[{"@type":"SearchAction","target":{"@type":"EntryPoint","urlTemplate":"https:\/\/barcelopuntaumbriaevents.com\/es\/?s={search_term_string}"},"query-input":"required name=search_term_string"}],"inLanguage":"fr-FR"},{"@type":"ImageObject","@id":"https:\/\/barcelopuntaumbriaevents.com\/es\/el-hotel\/espacios-singulares\/#primaryimage","inLanguage":"fr-FR","url":"https:\/\/www.barcelopuntaumbriaevents.com\/wp-content\/uploads\/2014\/02\/Auditorium1.jpg","contentUrl":"https:\/\/www.barcelopuntaumbriaevents.com\/wp-content\/uploads\/2014\/02\/Auditorium1.jpg"},{"@type":"WebPage","@id":"https:\/\/barcelopuntaumbriaevents.com\/es\/el-hotel\/espacios-singulares\/#webpage","url":"https:\/\/barcelopuntaumbriaevents.com\/es\/el-hotel\/espacios-singulares\/","name":"Espaces singuliers &ndash; Barcel\u00f3 Punta Umbr\u00eda Beach Resort","isPartOf":{"@id":"https:\/\/barcelopuntaumbriaevents.com\/es\/#website"},"primaryImageOfPage":{"@id":"https:\/\/barcelopuntaumbriaevents.com\/es\/el-hotel\/espacios-singulares\/#primaryimage"},"datePublished":"2014-02-07T04:58:58+00:00","dateModified":"2019-12-27T13:40:02+00:00","breadcrumb":{"@id":"https:\/\/barcelopuntaumbriaevents.com\/es\/el-hotel\/espacios-singulares\/#breadcrumb"},"inLanguage":"fr-FR","potentialAction":[{"@type":"ReadAction","target":["https:\/\/barcelopuntaumbriaevents.com\/es\/el-hotel\/espacios-singulares\/"]}]},{"@type":"BreadcrumbList","@id":"https:\/\/barcelopuntaumbriaevents.com\/es\/el-hotel\/espacios-singulares\/#breadcrumb","itemListElement":[{"@type":"ListItem","position":1,"name":"Home","item":"https:\/\/barcelopuntaumbriaevents.com\/es\/"},{"@type":"ListItem","position":2,"name":"El Hotel","item":"https:\/\/barcelopuntaumbriaevents.com\/es\/el-hotel\/"},{"@type":"ListItem","position":3,"name":"Espacios singulares"}]}]}},"_links":{"self":[{"href":"https:\/\/barcelopuntaumbriaevents.com\/fr\/wp-json\/wp\/v2\/pages\/35"}],"collection":[{"href":"https:\/\/barcelopuntaumbriaevents.com\/fr\/wp-json\/wp\/v2\/pages"}],"about":[{"href":"https:\/\/barcelopuntaumbriaevents.com\/fr\/wp-json\/wp\/v2\/types\/page"}],"author":[{"embeddable":true,"href":"https:\/\/barcelopuntaumbriaevents.com\/fr\/wp-json\/wp\/v2\/users\/7"}],"replies":[{"embeddable":true,"href":"https:\/\/barcelopuntaumbriaevents.com\/fr\/wp-json\/wp\/v2\/comments?post=35"}],"version-history":[{"count":1,"href":"https:\/\/barcelopuntaumbriaevents.com\/fr\/wp-json\/wp\/v2\/pages\/35\/revisions"}],"predecessor-version":[{"id":6251,"href":"https:\/\/barcelopuntaumbriaevents.com\/fr\/wp-json\/wp\/v2\/pages\/35\/revisions\/6251"}],"up":[{"embeddable":true,"href":"https:\/\/barcelopuntaumbriaevents.com\/fr\/wp-json\/wp\/v2\/pages\/22"}],"wp:attachment":[{"href":"https:\/\/barcelopuntaumbriaevents.com\/fr\/wp-json\/wp\/v2\/media?parent=35"}],"curies":[{"name":"wp","href":"https:\/\/api.w.org\/{rel}","templated":true}]}}