												{"id":281,"date":"2014-02-26T10:47:42","date_gmt":"2014-02-26T10:47:42","guid":{"rendered":"http:\/\/www.barcelopuntaumbriaevents.com\/?page_id=281"},"modified":"2018-06-15T11:59:28","modified_gmt":"2018-06-15T11:59:28","slug":"el-resort","status":"publish","type":"page","link":"https:\/\/barcelopuntaumbriaevents.com\/fr\/el-hotel\/el-resort\/","title":{"rendered":"Le Resort"},"content":{"rendered":"<p><\/p>\n<div class=\"entorno-banner\"><img src=\"http:\/\/www.barcelopuntaumbriaevents.com\/wp-content\/themes\/barcelo\/images\/el_proyecto_arquitectonico.png\" alt=\"\" \/><\/div>\n<div class=\"nuecontent\">\n<p>D\u00e9couvrez certaines des cl\u00e9s de la conception \u0153uvre de D. Antonio Alba Carrillo et D. Carlos Jim\u00e9nez Pose, 2 des architectes espagnols les plus embl\u00e9matiques du XXI\u00e8me si\u00e8cle. Tous deux l\u2019ont con\u00e7u conform\u00e9ment aux concepts de base suivants:<\/p>\n<ul>\n<li><strong>Fonctionnalit\u00e9: trois B\u00e2timents reli\u00e9s par des passerelles au premier \u00e9tage<\/strong>, Beach (500 chambres), Dunas (200 chambres plus le Centre de Conventions) et Enebrales (500 chambres), d\u00e9licatement d\u00e9cor\u00e9es \u00e0 l\u2019int\u00e9rieur avec des images de choix des espaces Colombinos. L\u2019h\u00f4tel a ouvert ses portes en \u00e9t\u00e9 2007 avec le b\u00e2timent Beach, suivi de Dunas et d\u2019Enebrales respectivement les \u00e9t\u00e9s 2008 et 2009.<\/li>\n<li><strong>Exclusivit\u00e9 des espaces:<\/strong> chaque b\u00e2timent a sa propre entr\u00e9e et sortie de parking, sa r\u00e9ception, ses restaurants et bars priv\u00e9s, ce qui nous permet d\u2019offrir \u00e0 nos clients de nombreuses possibilit\u00e9s de branding et image de marque dans une ambiance diff\u00e9rente avec de nombreux privil\u00e8ges.<\/li>\n<li>Une <strong>touche Arabo-Andalouse moderne<\/strong> repr\u00e9sent\u00e9e dans ses fontaines et cours int\u00e9rieures couleur terre cuite.<\/li>\n<li><strong>Lignes droites avec des touches innovantes et \u00e9l\u00e9gantes dans les tons ocre et sable.<\/strong><\/li>\n<li><strong>Une certaine rigueur asc\u00e9tique et postmoderniste<\/strong> dans l\u2019emploi de mat\u00e9riaux basiques et l&rsquo;absence de d\u00e9corations non strictement fonctionnelles ; espaces qui invitent \u00e0 la cr\u00e9ativit\u00e9 dans la cr\u00e9ation d\u2019ambiances int\u00e9rieures comme paradigme de ce qui est agr\u00e9able et flexible.<\/li>\n<\/ul>\n<\/div>\n<div id=\"planos\"><\/div>\n<ul>\nLe <strong>centre de la ville<\/strong> se trouve \u00e0 15 min \u00e0 pied.<br \/>\nEn face de l\u2019h\u00f4tel se trouve le <a href=\"http:\/\/www.puntaalmenara.es\/\">Centre Commercial \u201cPunta Almenara\u201d<\/a> avec: 7 salles de cin\u00e9ma multiplex, boutiques, restaurants, bars et une discoth\u00e8que \u201cLa Suite\u201d, pouvant accueillir des groupes allant jusqu\u2019\u00e0 1000 personnes.<\/ul>\n<p><span class=\"descargar\"><a href=\"https:\/\/www.barcelopuntaumbriaevents.com\/wp-content\/uploads\/2014\/02\/NUEVO-TRIPTICO-BPUBR-2017.jpg\">T\u00e9l\u00e9charger le d\u00e9pliant Barcel\u00f3 Punta Umbr\u00eda Beach Resort (pdf)<\/a><\/span><br \/>\n<span class=\"descargar\"><a href=\"https:\/\/www.barcelopuntaumbriaevents.com\/wp-content\/uploads\/2014\/02\/El_Resort.eps\">T\u00e9l\u00e9charger le d\u00e9pliant Barcel\u00f3 Punta Umbr\u00eda Beach Resort (eps)<\/a><\/span><\/p>","protected":false},"excerpt":{"rendered":"<p>D\u00e9couvrez certaines des cl\u00e9s de la conception \u0153uvre de D. Antonio Alba Carrillo et D. Carlos Jim\u00e9nez Pose, 2 des architectes espagnols les plus embl\u00e9matiques du XXI\u00e8me si\u00e8cle. Tous deux l\u2019ont con\u00e7u conform\u00e9ment aux concepts de base suivants: Fonctionnalit\u00e9: trois B\u00e2timents reli\u00e9s par des passerelles au premier \u00e9tage, Beach (500 chambres), Dunas (200 chambres plus [&hellip;]<\/p>\n","protected":false},"author":7,"featured_media":0,"parent":22,"menu_order":0,"comment_status":"closed","ping_status":"open","template":"tpl_el_hotel.php","meta":{"ngg_post_thumbnail":0},"yoast_head":"<!-- This site is optimized with the Yoast SEO plugin v17.4 - https:\/\/yoast.com\/wordpress\/plugins\/seo\/ -->\n<title>Le Resort &ndash; Barcel\u00f3 Punta Umbr\u00eda Beach Resort<\/title>\n<meta name=\"robots\" content=\"index, follow, max-snippet:-1, max-image-preview:large, max-video-preview:-1\" \/>\n<link rel=\"canonical\" href=\"https:\/\/barcelopuntaumbriaevents.com\/el-hotel\/el-resort\/\" \/>\n<meta property=\"og:locale\" content=\"fr_FR\" \/>\n<meta property=\"og:type\" content=\"article\" \/>\n<meta property=\"og:title\" content=\"Le Resort &ndash; Barcel\u00f3 Punta Umbr\u00eda Beach Resort\" \/>\n<meta property=\"og:description\" content=\"D\u00e9couvrez certaines des cl\u00e9s de la conception \u0153uvre de D. Antonio Alba Carrillo et D. Carlos Jim\u00e9nez Pose, 2 des architectes espagnols les plus embl\u00e9matiques du XXI\u00e8me si\u00e8cle. Tous deux l\u2019ont con\u00e7u conform\u00e9ment aux concepts de base suivants: Fonctionnalit\u00e9: trois B\u00e2timents reli\u00e9s par des passerelles au premier \u00e9tage, Beach (500 chambres), Dunas (200 chambres plus [&hellip;]\" \/>\n<meta property=\"og:url\" content=\"https:\/\/barcelopuntaumbriaevents.com\/el-hotel\/el-resort\/\" \/>\n<meta property=\"og:site_name\" content=\"Barcel\u00f3 Punta Umbr\u00eda Beach Resort\" \/>\n<meta property=\"article:modified_time\" content=\"2018-06-15T11:59:28+00:00\" \/>\n<meta property=\"og:image\" content=\"http:\/\/www.barcelopuntaumbriaevents.com\/wp-content\/themes\/barcelo\/images\/el_proyecto_arquitectonico.png\" \/>\n<meta name=\"twitter:label1\" content=\"Dur\u00e9e de lecture est.\" \/>\n\t<meta name=\"twitter:data1\" content=\"6 minutes\" \/>\n<script type=\"application\/ld+json\" class=\"yoast-schema-graph\">{\"@context\":\"https:\/\/schema.org\",\"@graph\":[{\"@type\":\"WebSite\",\"@id\":\"https:\/\/barcelopuntaumbriaevents.com\/es\/#website\",\"url\":\"https:\/\/barcelopuntaumbriaevents.com\/es\/\",\"name\":\"Barcel\\u00f3 Punta Umbr\\u00eda Beach Resort\",\"description\":\"Web oficial del Hotel Barcel\\u00f3 Punta Umbr\\u00eda Beach Resort\",\"potentialAction\":[{\"@type\":\"SearchAction\",\"target\":{\"@type\":\"EntryPoint\",\"urlTemplate\":\"https:\/\/barcelopuntaumbriaevents.com\/es\/?s={search_term_string}\"},\"query-input\":\"required name=search_term_string\"}],\"inLanguage\":\"fr-FR\"},{\"@type\":\"ImageObject\",\"@id\":\"https:\/\/barcelopuntaumbriaevents.com\/el-hotel\/el-resort\/#primaryimage\",\"inLanguage\":\"fr-FR\",\"url\":\"http:\/\/www.barcelopuntaumbriaevents.com\/wp-content\/themes\/barcelo\/images\/el_proyecto_arquitectonico.png\",\"contentUrl\":\"http:\/\/www.barcelopuntaumbriaevents.com\/wp-content\/themes\/barcelo\/images\/el_proyecto_arquitectonico.png\"},{\"@type\":\"WebPage\",\"@id\":\"https:\/\/barcelopuntaumbriaevents.com\/el-hotel\/el-resort\/#webpage\",\"url\":\"https:\/\/barcelopuntaumbriaevents.com\/el-hotel\/el-resort\/\",\"name\":\"Le Resort &ndash; Barcel\\u00f3 Punta Umbr\\u00eda Beach Resort\",\"isPartOf\":{\"@id\":\"https:\/\/barcelopuntaumbriaevents.com\/es\/#website\"},\"primaryImageOfPage\":{\"@id\":\"https:\/\/barcelopuntaumbriaevents.com\/el-hotel\/el-resort\/#primaryimage\"},\"datePublished\":\"2014-02-26T10:47:42+00:00\",\"dateModified\":\"2018-06-15T11:59:28+00:00\",\"breadcrumb\":{\"@id\":\"https:\/\/barcelopuntaumbriaevents.com\/el-hotel\/el-resort\/#breadcrumb\"},\"inLanguage\":\"fr-FR\",\"potentialAction\":[{\"@type\":\"ReadAction\",\"target\":[\"https:\/\/barcelopuntaumbriaevents.com\/el-hotel\/el-resort\/\"]}]},{\"@type\":\"BreadcrumbList\",\"@id\":\"https:\/\/barcelopuntaumbriaevents.com\/el-hotel\/el-resort\/#breadcrumb\",\"itemListElement\":[{\"@type\":\"ListItem\",\"position\":1,\"name\":\"Home\",\"item\":\"https:\/\/barcelopuntaumbriaevents.com\/es\/\"},{\"@type\":\"ListItem\",\"position\":2,\"name\":\"El Hotel\",\"item\":\"https:\/\/barcelopuntaumbriaevents.com\/es\/el-hotel\/\"},{\"@type\":\"ListItem\",\"position\":3,\"name\":\"El Resort\"}]}]}<\/script>\n<!-- \/ Yoast SEO plugin. -->","yoast_head_json":{"title":"Le Resort &ndash; Barcel\u00f3 Punta Umbr\u00eda Beach Resort","robots":{"index":"index","follow":"follow","max-snippet":"max-snippet:-1","max-image-preview":"max-image-preview:large","max-video-preview":"max-video-preview:-1"},"canonical":"https:\/\/barcelopuntaumbriaevents.com\/el-hotel\/el-resort\/","og_locale":"fr_FR","og_type":"article","og_title":"Le Resort &ndash; Barcel\u00f3 Punta Umbr\u00eda Beach Resort","og_description":"D\u00e9couvrez certaines des cl\u00e9s de la conception \u0153uvre de D. Antonio Alba Carrillo et D. Carlos Jim\u00e9nez Pose, 2 des architectes espagnols les plus embl\u00e9matiques du XXI\u00e8me si\u00e8cle. Tous deux l\u2019ont con\u00e7u conform\u00e9ment aux concepts de base suivants: Fonctionnalit\u00e9: trois B\u00e2timents reli\u00e9s par des passerelles au premier \u00e9tage, Beach (500 chambres), Dunas (200 chambres plus [&hellip;]","og_url":"https:\/\/barcelopuntaumbriaevents.com\/el-hotel\/el-resort\/","og_site_name":"Barcel\u00f3 Punta Umbr\u00eda Beach Resort","article_modified_time":"2018-06-15T11:59:28+00:00","og_image":[{"url":"http:\/\/www.barcelopuntaumbriaevents.com\/wp-content\/themes\/barcelo\/images\/el_proyecto_arquitectonico.png"}],"twitter_misc":{"Dur\u00e9e de lecture est.":"6 minutes"},"schema":{"@context":"https:\/\/schema.org","@graph":[{"@type":"WebSite","@id":"https:\/\/barcelopuntaumbriaevents.com\/es\/#website","url":"https:\/\/barcelopuntaumbriaevents.com\/es\/","name":"Barcel\u00f3 Punta Umbr\u00eda Beach Resort","description":"Web oficial del Hotel Barcel\u00f3 Punta Umbr\u00eda Beach Resort","potentialAction":[{"@type":"SearchAction","target":{"@type":"EntryPoint","urlTemplate":"https:\/\/barcelopuntaumbriaevents.com\/es\/?s={search_term_string}"},"query-input":"required name=search_term_string"}],"inLanguage":"fr-FR"},{"@type":"ImageObject","@id":"https:\/\/barcelopuntaumbriaevents.com\/el-hotel\/el-resort\/#primaryimage","inLanguage":"fr-FR","url":"http:\/\/www.barcelopuntaumbriaevents.com\/wp-content\/themes\/barcelo\/images\/el_proyecto_arquitectonico.png","contentUrl":"http:\/\/www.barcelopuntaumbriaevents.com\/wp-content\/themes\/barcelo\/images\/el_proyecto_arquitectonico.png"},{"@type":"WebPage","@id":"https:\/\/barcelopuntaumbriaevents.com\/el-hotel\/el-resort\/#webpage","url":"https:\/\/barcelopuntaumbriaevents.com\/el-hotel\/el-resort\/","name":"Le Resort &ndash; Barcel\u00f3 Punta Umbr\u00eda Beach Resort","isPartOf":{"@id":"https:\/\/barcelopuntaumbriaevents.com\/es\/#website"},"primaryImageOfPage":{"@id":"https:\/\/barcelopuntaumbriaevents.com\/el-hotel\/el-resort\/#primaryimage"},"datePublished":"2014-02-26T10:47:42+00:00","dateModified":"2018-06-15T11:59:28+00:00","breadcrumb":{"@id":"https:\/\/barcelopuntaumbriaevents.com\/el-hotel\/el-resort\/#breadcrumb"},"inLanguage":"fr-FR","potentialAction":[{"@type":"ReadAction","target":["https:\/\/barcelopuntaumbriaevents.com\/el-hotel\/el-resort\/"]}]},{"@type":"BreadcrumbList","@id":"https:\/\/barcelopuntaumbriaevents.com\/el-hotel\/el-resort\/#breadcrumb","itemListElement":[{"@type":"ListItem","position":1,"name":"Home","item":"https:\/\/barcelopuntaumbriaevents.com\/es\/"},{"@type":"ListItem","position":2,"name":"El Hotel","item":"https:\/\/barcelopuntaumbriaevents.com\/es\/el-hotel\/"},{"@type":"ListItem","position":3,"name":"El Resort"}]}]}},"_links":{"self":[{"href":"https:\/\/barcelopuntaumbriaevents.com\/fr\/wp-json\/wp\/v2\/pages\/281"}],"collection":[{"href":"https:\/\/barcelopuntaumbriaevents.com\/fr\/wp-json\/wp\/v2\/pages"}],"about":[{"href":"https:\/\/barcelopuntaumbriaevents.com\/fr\/wp-json\/wp\/v2\/types\/page"}],"author":[{"embeddable":true,"href":"https:\/\/barcelopuntaumbriaevents.com\/fr\/wp-json\/wp\/v2\/users\/7"}],"replies":[{"embeddable":true,"href":"https:\/\/barcelopuntaumbriaevents.com\/fr\/wp-json\/wp\/v2\/comments?post=281"}],"version-history":[{"count":9,"href":"https:\/\/barcelopuntaumbriaevents.com\/fr\/wp-json\/wp\/v2\/pages\/281\/revisions"}],"predecessor-version":[{"id":5796,"href":"https:\/\/barcelopuntaumbriaevents.com\/fr\/wp-json\/wp\/v2\/pages\/281\/revisions\/5796"}],"up":[{"embeddable":true,"href":"https:\/\/barcelopuntaumbriaevents.com\/fr\/wp-json\/wp\/v2\/pages\/22"}],"wp:attachment":[{"href":"https:\/\/barcelopuntaumbriaevents.com\/fr\/wp-json\/wp\/v2\/media?parent=281"}],"curies":[{"name":"wp","href":"https:\/\/api.w.org\/{rel}","templated":true}]}}