												{"id":2405,"date":"2015-01-20T13:42:17","date_gmt":"2015-01-20T13:42:17","guid":{"rendered":"http:\/\/www.barcelopuntaumbriaevents.com\/?page_id=2405"},"modified":"2020-01-03T11:53:17","modified_gmt":"2020-01-03T11:53:17","slug":"congresos-y-reuniones","status":"publish","type":"page","link":"https:\/\/barcelopuntaumbriaevents.com\/fr\/congresos-y-reuniones\/","title":{"rendered":"Congr\u00e8s et R\u00e9unions"},"content":{"rendered":"<p><\/p>\n<div class=\"blk_c row\">\n<div class=\"promociones-box\">\n<div class=\"main-title\">H\u00f4tel pour r\u00e9unions<\/div>\n<div class=\"promociones-box-thumb\"><img src=\"http:\/\/barcelopuntaumbriaevents.com\/wp-content\/uploads\/2019\/11\/021_BPUB_2019.jpg\" alt=\"\" \/><\/div>\n<div class=\"promociones-box-description1\">D\u00e9couvrez certaines des cl\u00e9s de la conception de l&rsquo;h\u00f4tel, et choisissez le cadre appropri\u00e9 \u00e0 votre \u00e9v\u00e8nement parmi le grand \u00e9ventail des espaces disponibles.<\/div>\n<div class=\"read-more\"><a href=\"http:\/\/www.barcelopuntaumbriaevents.com\/congresos-y-reuniones\/hotel-reuniones-y-seminarios\/\">Entrer<\/a><\/div>\n<\/div>\n<div class=\"promociones-box\">\n<div class=\"main-title\">Sejours de Motivation<\/div>\n<div class=\"promociones-box-thumb\"><img src=\"http:\/\/barcelopuntaumbriaevents.com\/wp-content\/uploads\/2020\/01\/Flash-mob-hotel-1.png\" alt=\"\" \/><\/div>\n<div class=\"promociones-box-description1\">D\u00e9couvrez l\u2019endroit id\u00e9al qui s\u2019adaptera \u00e0 vos besoins pour savourer la meilleure gastronomie.<\/div>\n<div class=\"read-more\"><a href=\"http:\/\/www.barcelopuntaumbriaevents.com\/congresos-y-reuniones\/hotel-estancias-para-incentivos\/\">Entrer<\/a><\/div>\n<\/div>\n<div class=\"promociones-box\">\n<div class=\"main-title\">H\u00f4tel pour congres<\/div>\n<div class=\"promociones-box-thumb\"><img src=\"http:\/\/barcelopuntaumbriaevents.com\/wp-content\/uploads\/2019\/11\/011_BPUB_2019-telon-negro.jpg\" alt=\"\" \/><\/div>\n<div class=\"promociones-box-description1\">D\u00e9couvrez le plus important centre de conventions d\u2019Europe et les 16 salles de r\u00e9union avec les nombreuses possibilit\u00e9s de configuration que nous proposons.<\/div>\n<div class=\"read-more\"><a href=\"http:\/\/www.barcelopuntaumbriaevents.com\/congresos-y-reuniones\/hotel-congresos-y-convenciones\/\">Entrer<\/a><\/div>\n<\/div>\n<\/div>\n<div class=\"blk_c row\">\n<div class=\"promociones-box\">\n<div class=\"main-title\">Organisation D\u2019\u00c9V\u00c8NEMENTS<\/div>\n<div class=\"promociones-box-thumb\"><img src=\"http:\/\/barcelopuntaumbriaevents.com\/wp-content\/uploads\/2020\/01\/DSCN1767.jpg\" alt=\"\" \/><\/div>\n<div class=\"promociones-box-description1\">R\u00e9alisez vos \u00e9v\u00e8nements d\u2019entreprise avec nous, nous l\u2019organiserons dans la plus grande diversit\u00e9 et toutes les garanties de succ\u00e8s.<\/div>\n<div class=\"read-more\"><a href=\"http:\/\/www.barcelopuntaumbriaevents.com\/congresos-y-reuniones\/hotel-organizacion-eventos\">Entrer<\/a><\/div>\n<\/div>\n<div class=\"promociones-box\">\n<div class=\"main-title\">Portfolio M.I.C.E.<\/div>\n<div class=\"promociones-box-thumb\"><img src=\"http:\/\/www.barcelopuntaumbriaevents.com\/wp-content\/themes\/barcelo\/images\/secciones\/inicio_ksp.jpg\" alt=\"\" \/><\/div>\n<div class=\"promociones-box-description1\">Une grande vari\u00e9t\u00e9 de clients satisfaits garantit notre longue exp\u00e9rience dans l&rsquo;organisation de toutes sortes d&rsquo;\u00e9v\u00e9nements.<\/div>\n<div class=\"read-more\"><a href=\"http:\/\/www.barcelopuntaumbriaevents.com\/congresos-y-reuniones\/portfolio-mice\/\">Entrer<\/a><\/div>\n<\/div>\n<\/div>\n<p><\/p>","protected":false},"excerpt":{"rendered":"<p>H\u00f4tel pour r\u00e9unions D\u00e9couvrez certaines des cl\u00e9s de la conception de l&rsquo;h\u00f4tel, et choisissez le cadre appropri\u00e9 \u00e0 votre \u00e9v\u00e8nement parmi le grand \u00e9ventail des espaces disponibles. Entrer Sejours de Motivation D\u00e9couvrez l\u2019endroit id\u00e9al qui s\u2019adaptera \u00e0 vos besoins pour savourer la meilleure gastronomie. Entrer H\u00f4tel pour congres D\u00e9couvrez le plus important centre de conventions [&hellip;]<\/p>\n","protected":false},"author":7,"featured_media":0,"parent":0,"menu_order":0,"comment_status":"open","ping_status":"closed","template":"tpl_menus.php","meta":{"ngg_post_thumbnail":0},"yoast_head":"<!-- This site is optimized with the Yoast SEO plugin v17.4 - https:\/\/yoast.com\/wordpress\/plugins\/seo\/ -->\n<title>Congr\u00e8s et R\u00e9unions &ndash; Barcel\u00f3 Punta Umbr\u00eda Beach Resort<\/title>\n<meta name=\"robots\" content=\"index, follow, max-snippet:-1, max-image-preview:large, max-video-preview:-1\" \/>\n<link rel=\"canonical\" href=\"https:\/\/barcelopuntaumbriaevents.com\/congresos-y-reuniones\/\" \/>\n<meta property=\"og:locale\" content=\"fr_FR\" \/>\n<meta property=\"og:type\" content=\"article\" \/>\n<meta property=\"og:title\" content=\"Congr\u00e8s et R\u00e9unions &ndash; Barcel\u00f3 Punta Umbr\u00eda Beach Resort\" \/>\n<meta property=\"og:description\" content=\"H\u00f4tel pour r\u00e9unions D\u00e9couvrez certaines des cl\u00e9s de la conception de l&rsquo;h\u00f4tel, et choisissez le cadre appropri\u00e9 \u00e0 votre \u00e9v\u00e8nement parmi le grand \u00e9ventail des espaces disponibles. Entrer Sejours de Motivation D\u00e9couvrez l\u2019endroit id\u00e9al qui s\u2019adaptera \u00e0 vos besoins pour savourer la meilleure gastronomie. Entrer H\u00f4tel pour congres D\u00e9couvrez le plus important centre de conventions [&hellip;]\" \/>\n<meta property=\"og:url\" content=\"https:\/\/barcelopuntaumbriaevents.com\/congresos-y-reuniones\/\" \/>\n<meta property=\"og:site_name\" content=\"Barcel\u00f3 Punta Umbr\u00eda Beach Resort\" \/>\n<meta property=\"article:modified_time\" content=\"2020-01-03T11:53:17+00:00\" \/>\n<meta property=\"og:image\" content=\"http:\/\/barcelopuntaumbriaevents.com\/wp-content\/uploads\/2019\/11\/021_BPUB_2019.jpg\" \/>\n<meta name=\"twitter:label1\" content=\"Dur\u00e9e de lecture est.\" \/>\n\t<meta name=\"twitter:data1\" content=\"3 minutes\" \/>\n<script type=\"application\/ld+json\" class=\"yoast-schema-graph\">{\"@context\":\"https:\/\/schema.org\",\"@graph\":[{\"@type\":\"WebSite\",\"@id\":\"https:\/\/barcelopuntaumbriaevents.com\/es\/#website\",\"url\":\"https:\/\/barcelopuntaumbriaevents.com\/es\/\",\"name\":\"Barcel\\u00f3 Punta Umbr\\u00eda Beach Resort\",\"description\":\"Web oficial del Hotel Barcel\\u00f3 Punta Umbr\\u00eda Beach Resort\",\"potentialAction\":[{\"@type\":\"SearchAction\",\"target\":{\"@type\":\"EntryPoint\",\"urlTemplate\":\"https:\/\/barcelopuntaumbriaevents.com\/es\/?s={search_term_string}\"},\"query-input\":\"required name=search_term_string\"}],\"inLanguage\":\"fr-FR\"},{\"@type\":\"ImageObject\",\"@id\":\"https:\/\/barcelopuntaumbriaevents.com\/congresos-y-reuniones\/#primaryimage\",\"inLanguage\":\"fr-FR\",\"url\":\"http:\/\/barcelopuntaumbriaevents.com\/wp-content\/uploads\/2019\/11\/021_BPUB_2019.jpg\",\"contentUrl\":\"http:\/\/barcelopuntaumbriaevents.com\/wp-content\/uploads\/2019\/11\/021_BPUB_2019.jpg\"},{\"@type\":\"WebPage\",\"@id\":\"https:\/\/barcelopuntaumbriaevents.com\/congresos-y-reuniones\/#webpage\",\"url\":\"https:\/\/barcelopuntaumbriaevents.com\/congresos-y-reuniones\/\",\"name\":\"Congr\\u00e8s et R\\u00e9unions &ndash; Barcel\\u00f3 Punta Umbr\\u00eda Beach Resort\",\"isPartOf\":{\"@id\":\"https:\/\/barcelopuntaumbriaevents.com\/es\/#website\"},\"primaryImageOfPage\":{\"@id\":\"https:\/\/barcelopuntaumbriaevents.com\/congresos-y-reuniones\/#primaryimage\"},\"datePublished\":\"2015-01-20T13:42:17+00:00\",\"dateModified\":\"2020-01-03T11:53:17+00:00\",\"breadcrumb\":{\"@id\":\"https:\/\/barcelopuntaumbriaevents.com\/congresos-y-reuniones\/#breadcrumb\"},\"inLanguage\":\"fr-FR\",\"potentialAction\":[{\"@type\":\"ReadAction\",\"target\":[\"https:\/\/barcelopuntaumbriaevents.com\/congresos-y-reuniones\/\"]}]},{\"@type\":\"BreadcrumbList\",\"@id\":\"https:\/\/barcelopuntaumbriaevents.com\/congresos-y-reuniones\/#breadcrumb\",\"itemListElement\":[{\"@type\":\"ListItem\",\"position\":1,\"name\":\"Home\",\"item\":\"https:\/\/barcelopuntaumbriaevents.com\/es\/\"},{\"@type\":\"ListItem\",\"position\":2,\"name\":\"Congresos y Reuniones\"}]}]}<\/script>\n<!-- \/ Yoast SEO plugin. -->","yoast_head_json":{"title":"Congr\u00e8s et R\u00e9unions &ndash; Barcel\u00f3 Punta Umbr\u00eda Beach Resort","robots":{"index":"index","follow":"follow","max-snippet":"max-snippet:-1","max-image-preview":"max-image-preview:large","max-video-preview":"max-video-preview:-1"},"canonical":"https:\/\/barcelopuntaumbriaevents.com\/congresos-y-reuniones\/","og_locale":"fr_FR","og_type":"article","og_title":"Congr\u00e8s et R\u00e9unions &ndash; Barcel\u00f3 Punta Umbr\u00eda Beach Resort","og_description":"H\u00f4tel pour r\u00e9unions D\u00e9couvrez certaines des cl\u00e9s de la conception de l&rsquo;h\u00f4tel, et choisissez le cadre appropri\u00e9 \u00e0 votre \u00e9v\u00e8nement parmi le grand \u00e9ventail des espaces disponibles. Entrer Sejours de Motivation D\u00e9couvrez l\u2019endroit id\u00e9al qui s\u2019adaptera \u00e0 vos besoins pour savourer la meilleure gastronomie. Entrer H\u00f4tel pour congres D\u00e9couvrez le plus important centre de conventions [&hellip;]","og_url":"https:\/\/barcelopuntaumbriaevents.com\/congresos-y-reuniones\/","og_site_name":"Barcel\u00f3 Punta Umbr\u00eda Beach Resort","article_modified_time":"2020-01-03T11:53:17+00:00","og_image":[{"url":"http:\/\/barcelopuntaumbriaevents.com\/wp-content\/uploads\/2019\/11\/021_BPUB_2019.jpg"}],"twitter_misc":{"Dur\u00e9e de lecture est.":"3 minutes"},"schema":{"@context":"https:\/\/schema.org","@graph":[{"@type":"WebSite","@id":"https:\/\/barcelopuntaumbriaevents.com\/es\/#website","url":"https:\/\/barcelopuntaumbriaevents.com\/es\/","name":"Barcel\u00f3 Punta Umbr\u00eda Beach Resort","description":"Web oficial del Hotel Barcel\u00f3 Punta Umbr\u00eda Beach Resort","potentialAction":[{"@type":"SearchAction","target":{"@type":"EntryPoint","urlTemplate":"https:\/\/barcelopuntaumbriaevents.com\/es\/?s={search_term_string}"},"query-input":"required name=search_term_string"}],"inLanguage":"fr-FR"},{"@type":"ImageObject","@id":"https:\/\/barcelopuntaumbriaevents.com\/congresos-y-reuniones\/#primaryimage","inLanguage":"fr-FR","url":"http:\/\/barcelopuntaumbriaevents.com\/wp-content\/uploads\/2019\/11\/021_BPUB_2019.jpg","contentUrl":"http:\/\/barcelopuntaumbriaevents.com\/wp-content\/uploads\/2019\/11\/021_BPUB_2019.jpg"},{"@type":"WebPage","@id":"https:\/\/barcelopuntaumbriaevents.com\/congresos-y-reuniones\/#webpage","url":"https:\/\/barcelopuntaumbriaevents.com\/congresos-y-reuniones\/","name":"Congr\u00e8s et R\u00e9unions &ndash; Barcel\u00f3 Punta Umbr\u00eda Beach Resort","isPartOf":{"@id":"https:\/\/barcelopuntaumbriaevents.com\/es\/#website"},"primaryImageOfPage":{"@id":"https:\/\/barcelopuntaumbriaevents.com\/congresos-y-reuniones\/#primaryimage"},"datePublished":"2015-01-20T13:42:17+00:00","dateModified":"2020-01-03T11:53:17+00:00","breadcrumb":{"@id":"https:\/\/barcelopuntaumbriaevents.com\/congresos-y-reuniones\/#breadcrumb"},"inLanguage":"fr-FR","potentialAction":[{"@type":"ReadAction","target":["https:\/\/barcelopuntaumbriaevents.com\/congresos-y-reuniones\/"]}]},{"@type":"BreadcrumbList","@id":"https:\/\/barcelopuntaumbriaevents.com\/congresos-y-reuniones\/#breadcrumb","itemListElement":[{"@type":"ListItem","position":1,"name":"Home","item":"https:\/\/barcelopuntaumbriaevents.com\/es\/"},{"@type":"ListItem","position":2,"name":"Congresos y Reuniones"}]}]}},"_links":{"self":[{"href":"https:\/\/barcelopuntaumbriaevents.com\/fr\/wp-json\/wp\/v2\/pages\/2405"}],"collection":[{"href":"https:\/\/barcelopuntaumbriaevents.com\/fr\/wp-json\/wp\/v2\/pages"}],"about":[{"href":"https:\/\/barcelopuntaumbriaevents.com\/fr\/wp-json\/wp\/v2\/types\/page"}],"author":[{"embeddable":true,"href":"https:\/\/barcelopuntaumbriaevents.com\/fr\/wp-json\/wp\/v2\/users\/7"}],"replies":[{"embeddable":true,"href":"https:\/\/barcelopuntaumbriaevents.com\/fr\/wp-json\/wp\/v2\/comments?post=2405"}],"version-history":[{"count":22,"href":"https:\/\/barcelopuntaumbriaevents.com\/fr\/wp-json\/wp\/v2\/pages\/2405\/revisions"}],"predecessor-version":[{"id":6299,"href":"https:\/\/barcelopuntaumbriaevents.com\/fr\/wp-json\/wp\/v2\/pages\/2405\/revisions\/6299"}],"wp:attachment":[{"href":"https:\/\/barcelopuntaumbriaevents.com\/fr\/wp-json\/wp\/v2\/media?parent=2405"}],"curies":[{"name":"wp","href":"https:\/\/api.w.org\/{rel}","templated":true}]}}