												{"id":22,"date":"2014-02-05T09:17:57","date_gmt":"2014-02-05T09:17:57","guid":{"rendered":"http:\/\/www.barcelopuntaumbriaevents.com\/?page_id=22"},"modified":"2020-01-03T12:23:44","modified_gmt":"2020-01-03T12:23:44","slug":"el-hotel","status":"publish","type":"page","link":"https:\/\/barcelopuntaumbriaevents.com\/fr\/el-hotel\/","title":{"rendered":"L\u00b4hotel"},"content":{"rendered":"<p><\/p>\n<div class=\"black-title\"><strong>Presentation de L\u00b4Hotel<\/strong><\/div>\n<div class=\"blk_c row\">\n<div class=\"promociones-box\">\n<div class=\"main-title\">Le Resort<\/div>\n<div class=\"promociones-box-thumb\"><img src=\"http:\/\/www.barcelopuntaumbriaevents.com\/wp-content\/themes\/barcelo\/images\/secciones\/inicio_resort.jpg\" alt=\"\" \/><\/div>\n<div class=\"promociones-box-description1\">D\u00e9couvrez certaines des cl\u00e9s de la conception de l&rsquo;h\u00f4tel, et choisissez le cadre id\u00e9al pour votre \u00e9v\u00e8nement parmi le grand \u00e9ventail des espaces disponibles.<\/div>\n<div class=\"read-more\"><a href=\"http:\/\/www.barcelopuntaumbriaevents.com\/el-hotel\/el-resort\/\">Entrer<\/a><\/div>\n<\/div>\n<div class=\"promociones-box\">\n<div class=\"main-title\">Key selling points<\/div>\n<div class=\"promociones-box-thumb\"><img src=\"http:\/\/www.barcelopuntaumbriaevents.com\/wp-content\/themes\/barcelo\/images\/secciones\/inicio_ksp.jpg\" alt=\"\" \/><\/div>\n<div class=\"promociones-box-description1\">D\u00e9couvrez les \u00e9l\u00e9ments qui font la diff\u00e9rence dans l\u2019H\u00f4tel Barcel\u00f3 Punta Umbr\u00eda Beach Resort.<\/div>\n<div class=\"read-more\"><a href=\"http:\/\/www.barcelopuntaumbriaevents.com\/el-hotel\/key-selling-points\/\">Entrer<\/a><\/div>\n<\/div>\n<\/div>\n<p>&nbsp;<\/p>\n<div class=\"black-title\"><strong>Chambres et Installations<\/strong><\/div>\n<div class=\"blk_c row\">\n<div class=\"promociones-box\">\n<div class=\"main-title\">Chambres<\/div>\n<div class=\"promociones-box-thumb\"><img src=\"http:\/\/www.barcelopuntaumbriaevents.com\/wp-content\/themes\/barcelo\/images\/secciones\/instalaciones_habitaciones.jpg\" alt=\"\" \/><\/div>\n<div class=\"promociones-box-description1\">Profitez du bien-\u00eatre, de la luminosit\u00e9 et de l\u2019espace que vous offrent nos 1200 chambres identiques r\u00e9parties dans trois b\u00e2timents.<\/div>\n<div class=\"read-more\"><a href=\"http:\/\/www.barcelopuntaumbriaevents.com\/el-hotel\/habitaciones\/\">Entrer<\/a><\/div>\n<\/div>\n<div class=\"promociones-box\">\n<div class=\"main-title\">Centre de conventions<\/div>\n<div class=\"promociones-box-thumb\"><img src=\"http:\/\/barcelopuntaumbriaevents.com\/wp-content\/uploads\/2019\/06\/026_bpub_2019.jpg\" alt=\"\" \/><\/div>\n<div class=\"promociones-box-description1\">D\u00e9couvrez le confort et les tr\u00e8s nombreux de disposer d\u2019un Centre de Conventions int\u00e9gr\u00e9 dans votre h\u00f4tel.<\/div>\n<div class=\"read-more\"><a href=\"http:\/\/www.barcelopuntaumbriaevents.com\/el-hotel\/centro-de-convenciones\/\">Entrer<\/a><\/div>\n<\/div>\n<div class=\"promociones-box\">\n<div class=\"main-title\">Espaces de restauration<\/div>\n<div class=\"promociones-box-thumb\"><img src=\"http:\/\/www.barcelopuntaumbriaevents.com\/wp-content\/themes\/barcelo\/images\/secciones\/instalaciones_restauracion.jpg\" alt=\"\" \/><\/div>\n<div class=\"promociones-box-description1\">D\u00e9couvrez l\u2019endroit id\u00e9al qui s\u2019adaptera \u00e0 vos besoins pour savourer la meilleure gastronomie.<\/div>\n<div class=\"read-more\"><a href=\"http:\/\/www.barcelopuntaumbriaevents.com\/el-hotel\/espacios-para-restauracion\/\">Entrer<\/a><\/div>\n<\/div>\n<div class=\"promociones-box\">\n<div class=\"main-title\">Espaces Singuliers<\/div>\n<div class=\"promociones-box-thumb\"><img src=\"http:\/\/www.barcelopuntaumbriaevents.com\/wp-content\/themes\/barcelo\/images\/secciones\/btn_Espacios_singulares.jpg\" alt=\"\" \/><\/div>\n<div class=\"promociones-box-description1\">Laissez-vous surprendre par l\u2019originalit\u00e9 de nos espaces singuliers.<\/div>\n<div class=\"read-more\"><a href=\"http:\/\/www.barcelopuntaumbriaevents.com\/el-hotel\/espacios-singulares\/\">Entrer<\/a><\/div>\n<\/div>\n<\/div>\n<p>&nbsp;<\/p>\n<div class=\"black-title\"><strong>Sport et Activit\u00e9s<\/strong><\/div>\n<div class=\"blk_c row\">\n<div class=\"promociones-box\">\n<div class=\"main-title\">Installations Sportives<\/div>\n<div class=\"promociones-box-thumb\"><img src=\"http:\/\/www.barcelopuntaumbriaevents.com\/wp-content\/themes\/barcelo\/images\/secciones\/servicios_instalaciones_deportivas.png\" alt=\"\" \/><\/div>\n<div class=\"promociones-box-description1\">Profitez des magnifiques installations sportives.<\/div>\n<div class=\"read-more\"><a href=\"http:\/\/www.barcelopuntaumbriaevents.com\/el-hotel\/instalaciones-deportivas\/\">Entrer<\/a><\/div>\n<\/div>\n<div class=\"promociones-box\">\n<div class=\"main-title\">Spa &amp; Gym<\/div>\n<div class=\"promociones-box-thumb\"><img src=\"http:\/\/www.barcelopuntaumbriaevents.com\/wp-content\/themes\/barcelo\/images\/secciones\/servicios_spa_gym.png\" alt=\"\" \/><\/div>\n<div class=\"promociones-box-description1\">Laissez-vous dorloter apr\u00e8s une dure journ\u00e9e de travail dans notre espace bien-\u00eatre de 2000 m2.<\/div>\n<div class=\"read-more\"><a href=\"http:\/\/www.barcelopuntaumbriaevents.com\/el-hotel\/spa-gym\/\">Entrer<\/a><\/div>\n<\/div>\n<div class=\"promociones-box\">\n<div class=\"main-title\">Activit\u00e9s de groupe<\/div>\n<div class=\"promociones-box-thumb\"><img src=\"http:\/\/barcelopuntaumbriaevents.com\/wp-content\/uploads\/2020\/01\/LMI-7.jpg\" alt=\"\" \/><\/div>\n<div class=\"promociones-box-description1\">Multipliez vos possibilit\u00e9s en r\u00e9alisant des activit\u00e9s diff\u00e9rentes pour votre \u00e9v\u00e8nement.<\/div>\n<div class=\"read-more\"><a href=\"http:\/\/www.barcelopuntaumbriaevents.com\/el-hotel\/actividades-de-grupo\/\">Entrer<\/a><\/div>\n<\/div>\n<\/div>\n<p>&nbsp;<\/p>\n<div class=\"black-title\"><strong>Moyens techniques pour \u00e9v\u00e8nements et pr\u00e9sentations<\/strong><\/div>\n<div class=\"blk_c row\">\n<div class=\"promociones-box\">\n<div class=\"main-title\">&nbsp;<br \/>Offre Audiovisuelle<\/div>\n<div class=\"promociones-box-thumb\"><img src=\"http:\/\/barcelopuntaumbriaevents.com\/wp-content\/uploads\/2020\/01\/img_4443.jpg\" alt=\"\" \/><\/div>\n<div class=\"promociones-box-description1\">Nous mettons \u00e0 votre disposition les derni\u00e8res technologies audiovisuelles pour assurer le succ\u00e8s de la mise en sc\u00e8ne de votre \u00e9v\u00e8nement.<\/div>\n<div class=\"read-more\"><a href=\"http:\/\/www.barcelopuntaumbriaevents.com\/el-hotel\/oferta-audiovisual\/\">Entrer<\/a><\/div>\n<\/div>\n<div class=\"promociones-box\">\n<div class=\"main-title\">Installations pour secteur Automobile<\/div>\n<div class=\"promociones-box-thumb\"><img src=\"http:\/\/barcelopuntaumbriaevents.com\/wp-content\/uploads\/2020\/01\/VEHICULO-ENTRADA-2.jpg\" alt=\"\" \/><\/div>\n<div class=\"promociones-box-description1\">Nous disposons d\u2019incroyables installations pour les \u00e9v\u00e8nements du secteur automobile.<\/div>\n<div class=\"read-more\"><a href=\"http:\/\/www.barcelopuntaumbriaevents.com\/el-hotel\/parking-y-montacargas\/\">Entrer<\/a><\/div>\n<\/div>\n<div class=\"promociones-box\">\n<div class=\"main-title\">&nbsp;<br \/>Branding<\/div>\n<div class=\"promociones-box-thumb\"><img src=\"http:\/\/www.barcelopuntaumbriaevents.com\/wp-content\/themes\/barcelo\/images\/secciones\/btn_Branding.jpg\" alt=\"\" \/><\/div>\n<div class=\"promociones-box-description1\">D\u00e9couvrez d\u2019infinies possibilit\u00e9s pour habiller vos \u00e9v\u00e8nements et cr\u00e9er l\u2019image de marque facilement et simplement.<\/div>\n<div class=\"read-more\"><a href=\"http:\/\/www.barcelopuntaumbriaevents.com\/el-hotel\/branding\/\">Entrer<\/a><\/div>\n<\/div>\n<\/div>\n<p><\/p>","protected":false},"excerpt":{"rendered":"<p>Presentation de L\u00b4Hotel Le Resort D\u00e9couvrez certaines des cl\u00e9s de la conception de l&rsquo;h\u00f4tel, et choisissez le cadre id\u00e9al pour votre \u00e9v\u00e8nement parmi le grand \u00e9ventail des espaces disponibles. Entrer Key selling points D\u00e9couvrez les \u00e9l\u00e9ments qui font la diff\u00e9rence dans l\u2019H\u00f4tel Barcel\u00f3 Punta Umbr\u00eda Beach Resort. Entrer &nbsp; Chambres et Installations Chambres Profitez du [&hellip;]<\/p>\n","protected":false},"author":7,"featured_media":0,"parent":0,"menu_order":0,"comment_status":"closed","ping_status":"open","template":"tpl_menus.php","meta":{"ngg_post_thumbnail":0},"yoast_head":"<!-- This site is optimized with the Yoast SEO plugin v17.4 - https:\/\/yoast.com\/wordpress\/plugins\/seo\/ -->\n<title>L\u00b4hotel &ndash; Barcel\u00f3 Punta Umbr\u00eda Beach Resort<\/title>\n<meta name=\"robots\" content=\"index, follow, max-snippet:-1, max-image-preview:large, max-video-preview:-1\" \/>\n<link rel=\"canonical\" href=\"https:\/\/barcelopuntaumbriaevents.com\/es\/el-hotel\/\" \/>\n<meta property=\"og:locale\" content=\"fr_FR\" \/>\n<meta property=\"og:type\" content=\"article\" \/>\n<meta property=\"og:title\" content=\"L\u00b4hotel &ndash; Barcel\u00f3 Punta Umbr\u00eda Beach Resort\" \/>\n<meta property=\"og:description\" content=\"Presentation de L\u00b4Hotel Le Resort D\u00e9couvrez certaines des cl\u00e9s de la conception de l&rsquo;h\u00f4tel, et choisissez le cadre id\u00e9al pour votre \u00e9v\u00e8nement parmi le grand \u00e9ventail des espaces disponibles. Entrer Key selling points D\u00e9couvrez les \u00e9l\u00e9ments qui font la diff\u00e9rence dans l\u2019H\u00f4tel Barcel\u00f3 Punta Umbr\u00eda Beach Resort. Entrer &nbsp; Chambres et Installations Chambres Profitez du [&hellip;]\" \/>\n<meta property=\"og:url\" content=\"https:\/\/barcelopuntaumbriaevents.com\/es\/el-hotel\/\" \/>\n<meta property=\"og:site_name\" content=\"Barcel\u00f3 Punta Umbr\u00eda Beach Resort\" \/>\n<meta property=\"article:modified_time\" content=\"2020-01-03T12:23:44+00:00\" \/>\n<meta property=\"og:image\" content=\"http:\/\/www.barcelopuntaumbriaevents.com\/wp-content\/themes\/barcelo\/images\/secciones\/inicio_resort.jpg\" \/>\n<meta name=\"twitter:label1\" content=\"Dur\u00e9e de lecture est.\" \/>\n\t<meta name=\"twitter:data1\" content=\"5 minutes\" \/>\n<script type=\"application\/ld+json\" class=\"yoast-schema-graph\">{\"@context\":\"https:\/\/schema.org\",\"@graph\":[{\"@type\":\"WebSite\",\"@id\":\"https:\/\/barcelopuntaumbriaevents.com\/es\/#website\",\"url\":\"https:\/\/barcelopuntaumbriaevents.com\/es\/\",\"name\":\"Barcel\\u00f3 Punta Umbr\\u00eda Beach Resort\",\"description\":\"Web oficial del Hotel Barcel\\u00f3 Punta Umbr\\u00eda Beach Resort\",\"potentialAction\":[{\"@type\":\"SearchAction\",\"target\":{\"@type\":\"EntryPoint\",\"urlTemplate\":\"https:\/\/barcelopuntaumbriaevents.com\/es\/?s={search_term_string}\"},\"query-input\":\"required name=search_term_string\"}],\"inLanguage\":\"fr-FR\"},{\"@type\":\"ImageObject\",\"@id\":\"https:\/\/barcelopuntaumbriaevents.com\/es\/el-hotel\/#primaryimage\",\"inLanguage\":\"fr-FR\",\"url\":\"http:\/\/www.barcelopuntaumbriaevents.com\/wp-content\/themes\/barcelo\/images\/secciones\/inicio_resort.jpg\",\"contentUrl\":\"http:\/\/www.barcelopuntaumbriaevents.com\/wp-content\/themes\/barcelo\/images\/secciones\/inicio_resort.jpg\"},{\"@type\":\"WebPage\",\"@id\":\"https:\/\/barcelopuntaumbriaevents.com\/es\/el-hotel\/#webpage\",\"url\":\"https:\/\/barcelopuntaumbriaevents.com\/es\/el-hotel\/\",\"name\":\"L\\u00b4hotel &ndash; Barcel\\u00f3 Punta Umbr\\u00eda Beach Resort\",\"isPartOf\":{\"@id\":\"https:\/\/barcelopuntaumbriaevents.com\/es\/#website\"},\"primaryImageOfPage\":{\"@id\":\"https:\/\/barcelopuntaumbriaevents.com\/es\/el-hotel\/#primaryimage\"},\"datePublished\":\"2014-02-05T09:17:57+00:00\",\"dateModified\":\"2020-01-03T12:23:44+00:00\",\"breadcrumb\":{\"@id\":\"https:\/\/barcelopuntaumbriaevents.com\/es\/el-hotel\/#breadcrumb\"},\"inLanguage\":\"fr-FR\",\"potentialAction\":[{\"@type\":\"ReadAction\",\"target\":[\"https:\/\/barcelopuntaumbriaevents.com\/es\/el-hotel\/\"]}]},{\"@type\":\"BreadcrumbList\",\"@id\":\"https:\/\/barcelopuntaumbriaevents.com\/es\/el-hotel\/#breadcrumb\",\"itemListElement\":[{\"@type\":\"ListItem\",\"position\":1,\"name\":\"Home\",\"item\":\"https:\/\/barcelopuntaumbriaevents.com\/es\/\"},{\"@type\":\"ListItem\",\"position\":2,\"name\":\"El Hotel\"}]}]}<\/script>\n<!-- \/ Yoast SEO plugin. -->","yoast_head_json":{"title":"L\u00b4hotel &ndash; Barcel\u00f3 Punta Umbr\u00eda Beach Resort","robots":{"index":"index","follow":"follow","max-snippet":"max-snippet:-1","max-image-preview":"max-image-preview:large","max-video-preview":"max-video-preview:-1"},"canonical":"https:\/\/barcelopuntaumbriaevents.com\/es\/el-hotel\/","og_locale":"fr_FR","og_type":"article","og_title":"L\u00b4hotel &ndash; Barcel\u00f3 Punta Umbr\u00eda Beach Resort","og_description":"Presentation de L\u00b4Hotel Le Resort D\u00e9couvrez certaines des cl\u00e9s de la conception de l&rsquo;h\u00f4tel, et choisissez le cadre id\u00e9al pour votre \u00e9v\u00e8nement parmi le grand \u00e9ventail des espaces disponibles. Entrer Key selling points D\u00e9couvrez les \u00e9l\u00e9ments qui font la diff\u00e9rence dans l\u2019H\u00f4tel Barcel\u00f3 Punta Umbr\u00eda Beach Resort. Entrer &nbsp; Chambres et Installations Chambres Profitez du [&hellip;]","og_url":"https:\/\/barcelopuntaumbriaevents.com\/es\/el-hotel\/","og_site_name":"Barcel\u00f3 Punta Umbr\u00eda Beach Resort","article_modified_time":"2020-01-03T12:23:44+00:00","og_image":[{"url":"http:\/\/www.barcelopuntaumbriaevents.com\/wp-content\/themes\/barcelo\/images\/secciones\/inicio_resort.jpg"}],"twitter_misc":{"Dur\u00e9e de lecture est.":"5 minutes"},"schema":{"@context":"https:\/\/schema.org","@graph":[{"@type":"WebSite","@id":"https:\/\/barcelopuntaumbriaevents.com\/es\/#website","url":"https:\/\/barcelopuntaumbriaevents.com\/es\/","name":"Barcel\u00f3 Punta Umbr\u00eda Beach Resort","description":"Web oficial del Hotel Barcel\u00f3 Punta Umbr\u00eda Beach Resort","potentialAction":[{"@type":"SearchAction","target":{"@type":"EntryPoint","urlTemplate":"https:\/\/barcelopuntaumbriaevents.com\/es\/?s={search_term_string}"},"query-input":"required name=search_term_string"}],"inLanguage":"fr-FR"},{"@type":"ImageObject","@id":"https:\/\/barcelopuntaumbriaevents.com\/es\/el-hotel\/#primaryimage","inLanguage":"fr-FR","url":"http:\/\/www.barcelopuntaumbriaevents.com\/wp-content\/themes\/barcelo\/images\/secciones\/inicio_resort.jpg","contentUrl":"http:\/\/www.barcelopuntaumbriaevents.com\/wp-content\/themes\/barcelo\/images\/secciones\/inicio_resort.jpg"},{"@type":"WebPage","@id":"https:\/\/barcelopuntaumbriaevents.com\/es\/el-hotel\/#webpage","url":"https:\/\/barcelopuntaumbriaevents.com\/es\/el-hotel\/","name":"L\u00b4hotel &ndash; Barcel\u00f3 Punta Umbr\u00eda Beach Resort","isPartOf":{"@id":"https:\/\/barcelopuntaumbriaevents.com\/es\/#website"},"primaryImageOfPage":{"@id":"https:\/\/barcelopuntaumbriaevents.com\/es\/el-hotel\/#primaryimage"},"datePublished":"2014-02-05T09:17:57+00:00","dateModified":"2020-01-03T12:23:44+00:00","breadcrumb":{"@id":"https:\/\/barcelopuntaumbriaevents.com\/es\/el-hotel\/#breadcrumb"},"inLanguage":"fr-FR","potentialAction":[{"@type":"ReadAction","target":["https:\/\/barcelopuntaumbriaevents.com\/es\/el-hotel\/"]}]},{"@type":"BreadcrumbList","@id":"https:\/\/barcelopuntaumbriaevents.com\/es\/el-hotel\/#breadcrumb","itemListElement":[{"@type":"ListItem","position":1,"name":"Home","item":"https:\/\/barcelopuntaumbriaevents.com\/es\/"},{"@type":"ListItem","position":2,"name":"El Hotel"}]}]}},"_links":{"self":[{"href":"https:\/\/barcelopuntaumbriaevents.com\/fr\/wp-json\/wp\/v2\/pages\/22"}],"collection":[{"href":"https:\/\/barcelopuntaumbriaevents.com\/fr\/wp-json\/wp\/v2\/pages"}],"about":[{"href":"https:\/\/barcelopuntaumbriaevents.com\/fr\/wp-json\/wp\/v2\/types\/page"}],"author":[{"embeddable":true,"href":"https:\/\/barcelopuntaumbriaevents.com\/fr\/wp-json\/wp\/v2\/users\/7"}],"replies":[{"embeddable":true,"href":"https:\/\/barcelopuntaumbriaevents.com\/fr\/wp-json\/wp\/v2\/comments?post=22"}],"version-history":[{"count":21,"href":"https:\/\/barcelopuntaumbriaevents.com\/fr\/wp-json\/wp\/v2\/pages\/22\/revisions"}],"predecessor-version":[{"id":6321,"href":"https:\/\/barcelopuntaumbriaevents.com\/fr\/wp-json\/wp\/v2\/pages\/22\/revisions\/6321"}],"wp:attachment":[{"href":"https:\/\/barcelopuntaumbriaevents.com\/fr\/wp-json\/wp\/v2\/media?parent=22"}],"curies":[{"name":"wp","href":"https:\/\/api.w.org\/{rel}","templated":true}]}}