												{"id":4487,"date":"2015-12-17T15:39:10","date_gmt":"2015-12-17T15:39:10","guid":{"rendered":"http:\/\/www.barcelopuntaumbriaevents.com\/?page_id=4487"},"modified":"2020-02-10T21:38:48","modified_gmt":"2020-02-10T21:38:48","slug":"pasarelas","status":"publish","type":"page","link":"https:\/\/barcelopuntaumbriaevents.com\/es\/el-hotel\/espacios-singulares\/pasarelas\/","title":{"rendered":"Pasarelas"},"content":{"rendered":"<p>Ideal para coffes y c\u00f3cteles de empresa, disfrute de la luminosidad de un espacio \u00fanico de interminables cristaleras con vistas al paraje natural de los Enebrales.<\/p>\n<div class=\"black-title\">Galer\u00eda<\/div>\n<!-- index.php -->\n<div\n\tclass=\"ngg-galleryoverview\"\n\tid=\"ngg-gallery-d7a9912a138535bfcc88ed40665ba36c-1\">\n\n    \t<div class=\"slideshowlink\">\n        <a href='https:\/\/barcelopuntaumbriaevents.com\/es\/el-hotel\/espacios-singulares\/pasarelas\/nggallery\/slideshow'>[Mostrar presentaci\u00f3n de diapositivas]<\/a>\n\t\t\n\t<\/div>\n\t\t\t<!-- Thumbnails -->\n\t\t\t\t<div id=\"ngg-image-0\" class=\"ngg-gallery-thumbnail-box\" >\n\t\t\t\t        <div class=\"ngg-gallery-thumbnail\">\n            <a href=\"https:\/\/barcelopuntaumbriaevents.com\/wp-content\/gallery\/espacios-singulares-pasarelas\/003_DUNAS_BEACH.jpg\"\n               title=\"\"\n               data-src=\"https:\/\/barcelopuntaumbriaevents.com\/wp-content\/gallery\/espacios-singulares-pasarelas\/003_DUNAS_BEACH.jpg\"\n               data-thumbnail=\"https:\/\/barcelopuntaumbriaevents.com\/wp-content\/gallery\/espacios-singulares-pasarelas\/thumbs\/thumbs_003_DUNAS_BEACH.jpg\"\n               data-image-id=\"1744\"\n               data-title=\"003_DUNAS_BEACH\"\n               data-description=\"\"\n               data-image-slug=\"003_dunas_beach\"\n               class=\"ngg-fancybox\" rel=\"d7a9912a138535bfcc88ed40665ba36c\">\n                <img\n                    title=\"003_DUNAS_BEACH\"\n                    alt=\"003_DUNAS_BEACH\"\n                    src=\"https:\/\/barcelopuntaumbriaevents.com\/wp-content\/gallery\/espacios-singulares-pasarelas\/thumbs\/thumbs_003_DUNAS_BEACH.jpg\"\n                    width=\"90\"\n                    height=\"90\"\n                    style=\"max-width:100%;\"\n                \/>\n            <\/a>\n        <\/div>\n\t\t\t\t\t\t\t<\/div> \n\t\t\t\n        \n\t\t\t\t<div id=\"ngg-image-1\" class=\"ngg-gallery-thumbnail-box\" >\n\t\t\t\t        <div class=\"ngg-gallery-thumbnail\">\n            <a href=\"https:\/\/barcelopuntaumbriaevents.com\/wp-content\/gallery\/espacios-singulares-pasarelas\/127_DUNAS_BEACH.jpg\"\n               title=\"\"\n               data-src=\"https:\/\/barcelopuntaumbriaevents.com\/wp-content\/gallery\/espacios-singulares-pasarelas\/127_DUNAS_BEACH.jpg\"\n               data-thumbnail=\"https:\/\/barcelopuntaumbriaevents.com\/wp-content\/gallery\/espacios-singulares-pasarelas\/thumbs\/thumbs_127_DUNAS_BEACH.jpg\"\n               data-image-id=\"1745\"\n               data-title=\"127_DUNAS_BEACH\"\n               data-description=\"\"\n               data-image-slug=\"127_dunas_beach\"\n               class=\"ngg-fancybox\" rel=\"d7a9912a138535bfcc88ed40665ba36c\">\n                <img\n                    title=\"127_DUNAS_BEACH\"\n                    alt=\"127_DUNAS_BEACH\"\n                    src=\"https:\/\/barcelopuntaumbriaevents.com\/wp-content\/gallery\/espacios-singulares-pasarelas\/thumbs\/thumbs_127_DUNAS_BEACH.jpg\"\n                    width=\"90\"\n                    height=\"90\"\n                    style=\"max-width:100%;\"\n                \/>\n            <\/a>\n        <\/div>\n\t\t\t\t\t\t\t<\/div> \n\t\t\t\n        \n\t\t\t\t<div id=\"ngg-image-2\" class=\"ngg-gallery-thumbnail-box\" >\n\t\t\t\t        <div class=\"ngg-gallery-thumbnail\">\n            <a href=\"https:\/\/barcelopuntaumbriaevents.com\/wp-content\/gallery\/espacios-singulares-pasarelas\/129_DUNAS_BEACH.jpg\"\n               title=\"\"\n               data-src=\"https:\/\/barcelopuntaumbriaevents.com\/wp-content\/gallery\/espacios-singulares-pasarelas\/129_DUNAS_BEACH.jpg\"\n               data-thumbnail=\"https:\/\/barcelopuntaumbriaevents.com\/wp-content\/gallery\/espacios-singulares-pasarelas\/thumbs\/thumbs_129_DUNAS_BEACH.jpg\"\n               data-image-id=\"1746\"\n               data-title=\"129_DUNAS_BEACH\"\n               data-description=\"\"\n               data-image-slug=\"129_dunas_beach\"\n               class=\"ngg-fancybox\" rel=\"d7a9912a138535bfcc88ed40665ba36c\">\n                <img\n                    title=\"129_DUNAS_BEACH\"\n                    alt=\"129_DUNAS_BEACH\"\n                    src=\"https:\/\/barcelopuntaumbriaevents.com\/wp-content\/gallery\/espacios-singulares-pasarelas\/thumbs\/thumbs_129_DUNAS_BEACH.jpg\"\n                    width=\"90\"\n                    height=\"90\"\n                    style=\"max-width:100%;\"\n                \/>\n            <\/a>\n        <\/div>\n\t\t\t\t\t\t\t<\/div> \n\t\t\t\n        \n\t\t\t\t<div id=\"ngg-image-3\" class=\"ngg-gallery-thumbnail-box\" >\n\t\t\t\t        <div class=\"ngg-gallery-thumbnail\">\n            <a href=\"https:\/\/barcelopuntaumbriaevents.com\/wp-content\/gallery\/espacios-singulares-pasarelas\/BTB-VAN-MARCKE-58.jpg\"\n               title=\"\"\n               data-src=\"https:\/\/barcelopuntaumbriaevents.com\/wp-content\/gallery\/espacios-singulares-pasarelas\/BTB-VAN-MARCKE-58.jpg\"\n               data-thumbnail=\"https:\/\/barcelopuntaumbriaevents.com\/wp-content\/gallery\/espacios-singulares-pasarelas\/thumbs\/thumbs_BTB-VAN-MARCKE-58.jpg\"\n               data-image-id=\"1747\"\n               data-title=\"BTB-VAN-MARCKE-58\"\n               data-description=\"\"\n               data-image-slug=\"btb-van-marcke-58-2\"\n               class=\"ngg-fancybox\" rel=\"d7a9912a138535bfcc88ed40665ba36c\">\n                <img\n                    title=\"BTB-VAN-MARCKE-58\"\n                    alt=\"BTB-VAN-MARCKE-58\"\n                    src=\"https:\/\/barcelopuntaumbriaevents.com\/wp-content\/gallery\/espacios-singulares-pasarelas\/thumbs\/thumbs_BTB-VAN-MARCKE-58.jpg\"\n                    width=\"90\"\n                    height=\"90\"\n                    style=\"max-width:100%;\"\n                \/>\n            <\/a>\n        <\/div>\n\t\t\t\t\t\t\t<\/div> \n\t\t\t\n        \n\t\t\t\t<div id=\"ngg-image-4\" class=\"ngg-gallery-thumbnail-box\" >\n\t\t\t\t        <div class=\"ngg-gallery-thumbnail\">\n            <a href=\"https:\/\/barcelopuntaumbriaevents.com\/wp-content\/gallery\/espacios-singulares-pasarelas\/BTB-VAN-MARCKE-84.jpg\"\n               title=\"\"\n               data-src=\"https:\/\/barcelopuntaumbriaevents.com\/wp-content\/gallery\/espacios-singulares-pasarelas\/BTB-VAN-MARCKE-84.jpg\"\n               data-thumbnail=\"https:\/\/barcelopuntaumbriaevents.com\/wp-content\/gallery\/espacios-singulares-pasarelas\/thumbs\/thumbs_BTB-VAN-MARCKE-84.jpg\"\n               data-image-id=\"1748\"\n               data-title=\"BTB-VAN-MARCKE-84\"\n               data-description=\"\"\n               data-image-slug=\"btb-van-marcke-84-1\"\n               class=\"ngg-fancybox\" rel=\"d7a9912a138535bfcc88ed40665ba36c\">\n                <img\n                    title=\"BTB-VAN-MARCKE-84\"\n                    alt=\"BTB-VAN-MARCKE-84\"\n                    src=\"https:\/\/barcelopuntaumbriaevents.com\/wp-content\/gallery\/espacios-singulares-pasarelas\/thumbs\/thumbs_BTB-VAN-MARCKE-84.jpg\"\n                    width=\"90\"\n                    height=\"90\"\n                    style=\"max-width:100%;\"\n                \/>\n            <\/a>\n        <\/div>\n\t\t\t\t\t\t\t<\/div> \n\t\t\t\n        \n\t\t\t\t<div id=\"ngg-image-5\" class=\"ngg-gallery-thumbnail-box\" >\n\t\t\t\t        <div class=\"ngg-gallery-thumbnail\">\n            <a href=\"https:\/\/barcelopuntaumbriaevents.com\/wp-content\/gallery\/espacios-singulares-pasarelas\/Campus-Barcelo-11.jpg\"\n               title=\"\"\n               data-src=\"https:\/\/barcelopuntaumbriaevents.com\/wp-content\/gallery\/espacios-singulares-pasarelas\/Campus-Barcelo-11.jpg\"\n               data-thumbnail=\"https:\/\/barcelopuntaumbriaevents.com\/wp-content\/gallery\/espacios-singulares-pasarelas\/thumbs\/thumbs_Campus-Barcelo-11.jpg\"\n               data-image-id=\"1749\"\n               data-title=\"Campus-Barcelo-11\"\n               data-description=\"\"\n               data-image-slug=\"campus-barcelo-11\"\n               class=\"ngg-fancybox\" rel=\"d7a9912a138535bfcc88ed40665ba36c\">\n                <img\n                    title=\"Campus-Barcelo-11\"\n                    alt=\"Campus-Barcelo-11\"\n                    src=\"https:\/\/barcelopuntaumbriaevents.com\/wp-content\/gallery\/espacios-singulares-pasarelas\/thumbs\/thumbs_Campus-Barcelo-11.jpg\"\n                    width=\"90\"\n                    height=\"90\"\n                    style=\"max-width:100%;\"\n                \/>\n            <\/a>\n        <\/div>\n\t\t\t\t\t\t\t<\/div> \n\t\t\t\n        \n\t\t\t\t<div id=\"ngg-image-6\" class=\"ngg-gallery-thumbnail-box\" >\n\t\t\t\t        <div class=\"ngg-gallery-thumbnail\">\n            <a href=\"https:\/\/barcelopuntaumbriaevents.com\/wp-content\/gallery\/espacios-singulares-pasarelas\/Campus-Barcelo-27.jpg\"\n               title=\"\"\n               data-src=\"https:\/\/barcelopuntaumbriaevents.com\/wp-content\/gallery\/espacios-singulares-pasarelas\/Campus-Barcelo-27.jpg\"\n               data-thumbnail=\"https:\/\/barcelopuntaumbriaevents.com\/wp-content\/gallery\/espacios-singulares-pasarelas\/thumbs\/thumbs_Campus-Barcelo-27.jpg\"\n               data-image-id=\"1750\"\n               data-title=\"Campus-Barcelo-27\"\n               data-description=\"\"\n               data-image-slug=\"campus-barcelo-27\"\n               class=\"ngg-fancybox\" rel=\"d7a9912a138535bfcc88ed40665ba36c\">\n                <img\n                    title=\"Campus-Barcelo-27\"\n                    alt=\"Campus-Barcelo-27\"\n                    src=\"https:\/\/barcelopuntaumbriaevents.com\/wp-content\/gallery\/espacios-singulares-pasarelas\/thumbs\/thumbs_Campus-Barcelo-27.jpg\"\n                    width=\"90\"\n                    height=\"90\"\n                    style=\"max-width:100%;\"\n                \/>\n            <\/a>\n        <\/div>\n\t\t\t\t\t\t\t<\/div> \n\t\t\t\n        \n\t\t\t\t<div id=\"ngg-image-7\" class=\"ngg-gallery-thumbnail-box\" >\n\t\t\t\t        <div class=\"ngg-gallery-thumbnail\">\n            <a href=\"https:\/\/barcelopuntaumbriaevents.com\/wp-content\/gallery\/espacios-singulares-pasarelas\/Campus-Barcelo-32.jpg\"\n               title=\"\"\n               data-src=\"https:\/\/barcelopuntaumbriaevents.com\/wp-content\/gallery\/espacios-singulares-pasarelas\/Campus-Barcelo-32.jpg\"\n               data-thumbnail=\"https:\/\/barcelopuntaumbriaevents.com\/wp-content\/gallery\/espacios-singulares-pasarelas\/thumbs\/thumbs_Campus-Barcelo-32.jpg\"\n               data-image-id=\"1751\"\n               data-title=\"Campus-Barcelo-32\"\n               data-description=\"\"\n               data-image-slug=\"campus-barcelo-32\"\n               class=\"ngg-fancybox\" rel=\"d7a9912a138535bfcc88ed40665ba36c\">\n                <img\n                    title=\"Campus-Barcelo-32\"\n                    alt=\"Campus-Barcelo-32\"\n                    src=\"https:\/\/barcelopuntaumbriaevents.com\/wp-content\/gallery\/espacios-singulares-pasarelas\/thumbs\/thumbs_Campus-Barcelo-32.jpg\"\n                    width=\"90\"\n                    height=\"90\"\n                    style=\"max-width:100%;\"\n                \/>\n            <\/a>\n        <\/div>\n\t\t\t\t\t\t\t<\/div> \n\t\t\t\n        \n\t\t\t\t<div id=\"ngg-image-8\" class=\"ngg-gallery-thumbnail-box\" >\n\t\t\t\t        <div class=\"ngg-gallery-thumbnail\">\n            <a href=\"https:\/\/barcelopuntaumbriaevents.com\/wp-content\/gallery\/espacios-singulares-pasarelas\/Campus-Barcelo-33.jpg\"\n               title=\"\"\n               data-src=\"https:\/\/barcelopuntaumbriaevents.com\/wp-content\/gallery\/espacios-singulares-pasarelas\/Campus-Barcelo-33.jpg\"\n               data-thumbnail=\"https:\/\/barcelopuntaumbriaevents.com\/wp-content\/gallery\/espacios-singulares-pasarelas\/thumbs\/thumbs_Campus-Barcelo-33.jpg\"\n               data-image-id=\"1752\"\n               data-title=\"Campus-Barcelo-33\"\n               data-description=\"\"\n               data-image-slug=\"campus-barcelo-33\"\n               class=\"ngg-fancybox\" rel=\"d7a9912a138535bfcc88ed40665ba36c\">\n                <img\n                    title=\"Campus-Barcelo-33\"\n                    alt=\"Campus-Barcelo-33\"\n                    src=\"https:\/\/barcelopuntaumbriaevents.com\/wp-content\/gallery\/espacios-singulares-pasarelas\/thumbs\/thumbs_Campus-Barcelo-33.jpg\"\n                    width=\"90\"\n                    height=\"90\"\n                    style=\"max-width:100%;\"\n                \/>\n            <\/a>\n        <\/div>\n\t\t\t\t\t\t\t<\/div> \n\t\t\t\n        \n\t\t\t\t<div id=\"ngg-image-9\" class=\"ngg-gallery-thumbnail-box\" >\n\t\t\t\t        <div class=\"ngg-gallery-thumbnail\">\n            <a href=\"https:\/\/barcelopuntaumbriaevents.com\/wp-content\/gallery\/espacios-singulares-pasarelas\/puntaUmbria75.jpg\"\n               title=\"\"\n               data-src=\"https:\/\/barcelopuntaumbriaevents.com\/wp-content\/gallery\/espacios-singulares-pasarelas\/puntaUmbria75.jpg\"\n               data-thumbnail=\"https:\/\/barcelopuntaumbriaevents.com\/wp-content\/gallery\/espacios-singulares-pasarelas\/thumbs\/thumbs_puntaUmbria75.jpg\"\n               data-image-id=\"1753\"\n               data-title=\"puntaUmbria75\"\n               data-description=\"\"\n               data-image-slug=\"puntaumbria75\"\n               class=\"ngg-fancybox\" rel=\"d7a9912a138535bfcc88ed40665ba36c\">\n                <img\n                    title=\"puntaUmbria75\"\n                    alt=\"puntaUmbria75\"\n                    src=\"https:\/\/barcelopuntaumbriaevents.com\/wp-content\/gallery\/espacios-singulares-pasarelas\/thumbs\/thumbs_puntaUmbria75.jpg\"\n                    width=\"90\"\n                    height=\"90\"\n                    style=\"max-width:100%;\"\n                \/>\n            <\/a>\n        <\/div>\n\t\t\t\t\t\t\t<\/div> \n\t\t\t\n        \n\t\t\n\t\t<!-- Pagination -->\n\t<div class='ngg-clear'><\/div>\t<\/div>\n\n<p>&nbsp;<\/p>\n<div class=\"accordion\">\n<div class=\"brown-title\">Pasarelas <a>ver<\/a><\/div>\n<div class=\"content\">\n<table class=\"tabla_caracteristicas\">\n<tbody>\n<tr>\n<th width=\"16%\"><\/th>\n<th class=\"texto\">Espacio<\/th>\n<th width=\"12%\">m<sup>2<\/sup><\/th>\n<th width=\"12%\">Interior<\/th>\n<th width=\"12%\">Con Terraza<\/th>\n<th width=\"12%\">Capacidad banquete<\/th>\n<th width=\"12%\">Cocktail<\/th>\n<\/tr>\n<tr>\n<td class=\"planos\">\n<div class=\"main-title-small1 ojo\"><a class=\"foto_lightbox\" href=\"https:\/\/www.barcelopuntaumbriaevents.com\/wp-content\/uploads\/2014\/02\/FOTO-PASARELA-e1455723402500.jpg\">Ver foto<\/a><\/div>\n<\/td>\n<td class=\"texto\">Pasarela Beach<\/td>\n<td class=\"numero\">240<\/td>\n<td class=\"check si\">Si<\/td>\n<td class=\"check si\">Si<\/td>\n<td class=\"numero\">100<\/td>\n<td class=\"numero\">200 *<\/td>\n<\/tr>\n<tr>\n<td class=\"planos\">\n<div class=\"main-title-small1 ojo\"><a class=\"foto_lightbox\" href=\"https:\/\/www.barcelopuntaumbriaevents.com\/wp-content\/uploads\/2014\/12\/Pasarela-enebrales.jpg\">Ver foto<\/a><\/div>\n<\/td>\n<td class=\"texto\">Pasarela Enebrales<\/td>\n<td class=\"numero\">240<\/td>\n<td class=\"check si\">Si<\/td>\n<td class=\"check si\">Si<\/td>\n<td class=\"numero\">100<\/td>\n<td class=\"numero\">200 *<\/td>\n<\/tr>\n<\/tbody>\n<tfoot>\n<tr>\n<td colspan=\"7\">Los valores con (*) son aproximados<\/td>\n<\/tr>\n<\/tfoot>\n<\/table>\n<\/div>\n<\/div>\n<p><\/p>","protected":false},"excerpt":{"rendered":"<p>Ideal para coffes y c\u00f3cteles de empresa, disfrute de la luminosidad de un espacio \u00fanico de interminables cristaleras con vistas al paraje natural de los Enebrales. Galer\u00eda &nbsp; Pasarelas ver Espacio m2 Interior Con Terraza Capacidad banquete Cocktail Ver foto Pasarela Beach 240 Si Si 100 200 * Ver foto Pasarela Enebrales 240 Si Si [&hellip;]<\/p>\n","protected":false},"author":5,"featured_media":0,"parent":35,"menu_order":0,"comment_status":"closed","ping_status":"closed","template":"tpl_dynamic.php","meta":{"ngg_post_thumbnail":0},"yoast_head":"<!-- This site is optimized with the Yoast SEO plugin v17.4 - https:\/\/yoast.com\/wordpress\/plugins\/seo\/ -->\n<title>Pasarelas &ndash; Barcel\u00f3 Punta Umbr\u00eda Beach Resort<\/title>\n<meta name=\"robots\" content=\"index, follow, max-snippet:-1, max-image-preview:large, max-video-preview:-1\" \/>\n<link rel=\"canonical\" href=\"https:\/\/barcelopuntaumbriaevents.com\/el-hotel\/espacios-singulares\/pasarelas\/\" \/>\n<meta property=\"og:locale\" content=\"es_ES\" \/>\n<meta property=\"og:type\" content=\"article\" \/>\n<meta property=\"og:title\" content=\"Pasarelas &ndash; Barcel\u00f3 Punta Umbr\u00eda Beach Resort\" \/>\n<meta property=\"og:description\" content=\"Ideal para coffes y c\u00f3cteles de empresa, disfrute de la luminosidad de un espacio \u00fanico de interminables cristaleras con vistas al paraje natural de los Enebrales. Galer\u00eda &nbsp; Pasarelas ver Espacio m2 Interior Con Terraza Capacidad banquete Cocktail Ver foto Pasarela Beach 240 Si Si 100 200 * Ver foto Pasarela Enebrales 240 Si Si [&hellip;]\" \/>\n<meta property=\"og:url\" content=\"https:\/\/barcelopuntaumbriaevents.com\/el-hotel\/espacios-singulares\/pasarelas\/\" \/>\n<meta property=\"og:site_name\" content=\"Barcel\u00f3 Punta Umbr\u00eda Beach Resort\" \/>\n<meta property=\"article:modified_time\" content=\"2020-02-10T21:38:48+00:00\" \/>\n<meta name=\"twitter:label1\" content=\"Tiempo de lectura\" \/>\n\t<meta name=\"twitter:data1\" content=\"1 minuto\" \/>\n<script type=\"application\/ld+json\" class=\"yoast-schema-graph\">{\"@context\":\"https:\/\/schema.org\",\"@graph\":[{\"@type\":\"WebSite\",\"@id\":\"https:\/\/barcelopuntaumbriaevents.com\/es\/#website\",\"url\":\"https:\/\/barcelopuntaumbriaevents.com\/es\/\",\"name\":\"Barcel\\u00f3 Punta Umbr\\u00eda Beach Resort\",\"description\":\"Web oficial del Hotel Barcel\\u00f3 Punta Umbr\\u00eda Beach Resort\",\"potentialAction\":[{\"@type\":\"SearchAction\",\"target\":{\"@type\":\"EntryPoint\",\"urlTemplate\":\"https:\/\/barcelopuntaumbriaevents.com\/es\/?s={search_term_string}\"},\"query-input\":\"required name=search_term_string\"}],\"inLanguage\":\"es\"},{\"@type\":\"WebPage\",\"@id\":\"https:\/\/barcelopuntaumbriaevents.com\/el-hotel\/espacios-singulares\/pasarelas\/#webpage\",\"url\":\"https:\/\/barcelopuntaumbriaevents.com\/el-hotel\/espacios-singulares\/pasarelas\/\",\"name\":\"Pasarelas &ndash; Barcel\\u00f3 Punta Umbr\\u00eda Beach Resort\",\"isPartOf\":{\"@id\":\"https:\/\/barcelopuntaumbriaevents.com\/es\/#website\"},\"datePublished\":\"2015-12-17T15:39:10+00:00\",\"dateModified\":\"2020-02-10T21:38:48+00:00\",\"breadcrumb\":{\"@id\":\"https:\/\/barcelopuntaumbriaevents.com\/el-hotel\/espacios-singulares\/pasarelas\/#breadcrumb\"},\"inLanguage\":\"es\",\"potentialAction\":[{\"@type\":\"ReadAction\",\"target\":[\"https:\/\/barcelopuntaumbriaevents.com\/el-hotel\/espacios-singulares\/pasarelas\/\"]}]},{\"@type\":\"BreadcrumbList\",\"@id\":\"https:\/\/barcelopuntaumbriaevents.com\/el-hotel\/espacios-singulares\/pasarelas\/#breadcrumb\",\"itemListElement\":[{\"@type\":\"ListItem\",\"position\":1,\"name\":\"Home\",\"item\":\"https:\/\/barcelopuntaumbriaevents.com\/es\/\"},{\"@type\":\"ListItem\",\"position\":2,\"name\":\"El Hotel\",\"item\":\"https:\/\/barcelopuntaumbriaevents.com\/es\/el-hotel\/\"},{\"@type\":\"ListItem\",\"position\":3,\"name\":\"Espacios singulares\",\"item\":\"https:\/\/barcelopuntaumbriaevents.com\/es\/el-hotel\/espacios-singulares\/\"},{\"@type\":\"ListItem\",\"position\":4,\"name\":\"Pasarelas\"}]}]}<\/script>\n<!-- \/ Yoast SEO plugin. -->","yoast_head_json":{"title":"Pasarelas &ndash; Barcel\u00f3 Punta Umbr\u00eda Beach Resort","robots":{"index":"index","follow":"follow","max-snippet":"max-snippet:-1","max-image-preview":"max-image-preview:large","max-video-preview":"max-video-preview:-1"},"canonical":"https:\/\/barcelopuntaumbriaevents.com\/el-hotel\/espacios-singulares\/pasarelas\/","og_locale":"es_ES","og_type":"article","og_title":"Pasarelas &ndash; Barcel\u00f3 Punta Umbr\u00eda Beach Resort","og_description":"Ideal para coffes y c\u00f3cteles de empresa, disfrute de la luminosidad de un espacio \u00fanico de interminables cristaleras con vistas al paraje natural de los Enebrales. Galer\u00eda &nbsp; Pasarelas ver Espacio m2 Interior Con Terraza Capacidad banquete Cocktail Ver foto Pasarela Beach 240 Si Si 100 200 * Ver foto Pasarela Enebrales 240 Si Si [&hellip;]","og_url":"https:\/\/barcelopuntaumbriaevents.com\/el-hotel\/espacios-singulares\/pasarelas\/","og_site_name":"Barcel\u00f3 Punta Umbr\u00eda Beach Resort","article_modified_time":"2020-02-10T21:38:48+00:00","twitter_misc":{"Tiempo de lectura":"1 minuto"},"schema":{"@context":"https:\/\/schema.org","@graph":[{"@type":"WebSite","@id":"https:\/\/barcelopuntaumbriaevents.com\/es\/#website","url":"https:\/\/barcelopuntaumbriaevents.com\/es\/","name":"Barcel\u00f3 Punta Umbr\u00eda Beach Resort","description":"Web oficial del Hotel Barcel\u00f3 Punta Umbr\u00eda Beach Resort","potentialAction":[{"@type":"SearchAction","target":{"@type":"EntryPoint","urlTemplate":"https:\/\/barcelopuntaumbriaevents.com\/es\/?s={search_term_string}"},"query-input":"required name=search_term_string"}],"inLanguage":"es"},{"@type":"WebPage","@id":"https:\/\/barcelopuntaumbriaevents.com\/el-hotel\/espacios-singulares\/pasarelas\/#webpage","url":"https:\/\/barcelopuntaumbriaevents.com\/el-hotel\/espacios-singulares\/pasarelas\/","name":"Pasarelas &ndash; Barcel\u00f3 Punta Umbr\u00eda Beach Resort","isPartOf":{"@id":"https:\/\/barcelopuntaumbriaevents.com\/es\/#website"},"datePublished":"2015-12-17T15:39:10+00:00","dateModified":"2020-02-10T21:38:48+00:00","breadcrumb":{"@id":"https:\/\/barcelopuntaumbriaevents.com\/el-hotel\/espacios-singulares\/pasarelas\/#breadcrumb"},"inLanguage":"es","potentialAction":[{"@type":"ReadAction","target":["https:\/\/barcelopuntaumbriaevents.com\/el-hotel\/espacios-singulares\/pasarelas\/"]}]},{"@type":"BreadcrumbList","@id":"https:\/\/barcelopuntaumbriaevents.com\/el-hotel\/espacios-singulares\/pasarelas\/#breadcrumb","itemListElement":[{"@type":"ListItem","position":1,"name":"Home","item":"https:\/\/barcelopuntaumbriaevents.com\/es\/"},{"@type":"ListItem","position":2,"name":"El Hotel","item":"https:\/\/barcelopuntaumbriaevents.com\/es\/el-hotel\/"},{"@type":"ListItem","position":3,"name":"Espacios singulares","item":"https:\/\/barcelopuntaumbriaevents.com\/es\/el-hotel\/espacios-singulares\/"},{"@type":"ListItem","position":4,"name":"Pasarelas"}]}]}},"_links":{"self":[{"href":"https:\/\/barcelopuntaumbriaevents.com\/es\/wp-json\/wp\/v2\/pages\/4487"}],"collection":[{"href":"https:\/\/barcelopuntaumbriaevents.com\/es\/wp-json\/wp\/v2\/pages"}],"about":[{"href":"https:\/\/barcelopuntaumbriaevents.com\/es\/wp-json\/wp\/v2\/types\/page"}],"author":[{"embeddable":true,"href":"https:\/\/barcelopuntaumbriaevents.com\/es\/wp-json\/wp\/v2\/users\/5"}],"replies":[{"embeddable":true,"href":"https:\/\/barcelopuntaumbriaevents.com\/es\/wp-json\/wp\/v2\/comments?post=4487"}],"version-history":[{"count":4,"href":"https:\/\/barcelopuntaumbriaevents.com\/es\/wp-json\/wp\/v2\/pages\/4487\/revisions"}],"predecessor-version":[{"id":6424,"href":"https:\/\/barcelopuntaumbriaevents.com\/es\/wp-json\/wp\/v2\/pages\/4487\/revisions\/6424"}],"up":[{"embeddable":true,"href":"https:\/\/barcelopuntaumbriaevents.com\/es\/wp-json\/wp\/v2\/pages\/35"}],"wp:attachment":[{"href":"https:\/\/barcelopuntaumbriaevents.com\/es\/wp-json\/wp\/v2\/media?parent=4487"}],"curies":[{"name":"wp","href":"https:\/\/api.w.org\/{rel}","templated":true}]}}