												{"id":37,"date":"2014-02-07T04:59:50","date_gmt":"2014-02-07T04:59:50","guid":{"rendered":"http:\/\/www.barcelopuntaumbriaevents.com\/?page_id=37"},"modified":"2016-03-16T01:46:42","modified_gmt":"2016-03-16T01:46:42","slug":"promociones-y-ofertas","status":"publish","type":"page","link":"https:\/\/barcelopuntaumbriaevents.com\/es\/promociones-y-ofertas\/","title":{"rendered":"Promociones y ofertas"},"content":{"rendered":"<p><\/p>\n<div class=\"blk_c row\">\n<div class=\"promociones-box\">\n<div class=\"main-title\">Promociones<\/div>\n<div class=\"promociones-box-thumb\"><a href=\"http:\/\/www.barcelopuntaumbriaevents.com\/promociones-y-ofertas\/promociones\/\" style=\"display: block;\"><img alt=\"\" src=\"https:\/\/www.barcelopuntaumbriaevents.com\/wp-content\/uploads\/2014\/02\/01_promo_caste.jpg\" style=\"width: 100%\"><\/a><\/div>\n<div class=\"promociones-box-description1\">Inscr\u00edbase y disfrute de las grandes ventajas y sorpresas \u00a0de nuestras promociones \u00a0exclusivas para los profesionales del sector.<\/div>\n<div class=\"read-more\"><a href=\"http:\/\/www.barcelopuntaumbriaevents.com\/promociones-y-ofertas\/promociones\/\">Entrar<\/a><\/div>\n<\/p><\/div>\n<div class=\"promociones-box\">\n<div class=\"main-title\">Ofertas para reuniones y eventos<\/div>\n<div class=\"promociones-box-thumb\"><a href=\"http:\/\/www.barcelopuntaumbriaevents.com\/promociones-y-ofertas\/ofertas\/\"><img alt=\"\" src=\"https:\/\/www.barcelopuntaumbriaevents.com\/wp-content\/uploads\/2014\/02\/01_promo2_caste.jpg\" \/><\/a><\/div>\n<div class=\"promociones-box-description1\">Consulte y aproveche los descuentos que ponemos a su disposici\u00f3n para eventos, convenciones y reuniones.<\/div>\n<div class=\"read-more\"><a href=\"http:\/\/www.barcelopuntaumbriaevents.com\/promociones-y-ofertas\/ofertas\/\">Entrar<\/a><\/div>\n<\/p><\/div>\n<\/p><\/div>\n<p><\/p>","protected":false},"excerpt":{"rendered":"<p>Promociones Inscr\u00edbase y disfrute de las grandes ventajas y sorpresas \u00a0de nuestras promociones \u00a0exclusivas para los profesionales del sector. Entrar Ofertas para reuniones y eventos Consulte y aproveche los descuentos que ponemos a su disposici\u00f3n para eventos, convenciones y reuniones. Entrar<\/p>\n","protected":false},"author":7,"featured_media":0,"parent":0,"menu_order":0,"comment_status":"closed","ping_status":"open","template":"tpl_menus.php","meta":{"ngg_post_thumbnail":0},"yoast_head":"<!-- This site is optimized with the Yoast SEO plugin v17.4 - https:\/\/yoast.com\/wordpress\/plugins\/seo\/ -->\n<title>Promociones y ofertas &ndash; Barcel\u00f3 Punta Umbr\u00eda Beach Resort<\/title>\n<meta name=\"robots\" content=\"index, follow, max-snippet:-1, max-image-preview:large, max-video-preview:-1\" \/>\n<link rel=\"canonical\" href=\"https:\/\/barcelopuntaumbriaevents.com\/promociones-y-ofertas\/\" \/>\n<meta property=\"og:locale\" content=\"es_ES\" \/>\n<meta property=\"og:type\" content=\"article\" \/>\n<meta property=\"og:title\" content=\"Promociones y ofertas &ndash; Barcel\u00f3 Punta Umbr\u00eda Beach Resort\" \/>\n<meta property=\"og:description\" content=\"Promociones Inscr\u00edbase y disfrute de las grandes ventajas y sorpresas \u00a0de nuestras promociones \u00a0exclusivas para los profesionales del sector. Entrar Ofertas para reuniones y eventos Consulte y aproveche los descuentos que ponemos a su disposici\u00f3n para eventos, convenciones y reuniones. Entrar\" \/>\n<meta property=\"og:url\" content=\"https:\/\/barcelopuntaumbriaevents.com\/promociones-y-ofertas\/\" \/>\n<meta property=\"og:site_name\" content=\"Barcel\u00f3 Punta Umbr\u00eda Beach Resort\" \/>\n<meta property=\"article:modified_time\" content=\"2016-03-16T01:46:42+00:00\" \/>\n<meta property=\"og:image\" content=\"http:\/\/www.barcelopuntaumbriaevents.com\/wp-content\/uploads\/2014\/02\/01_promo_caste.jpg\" \/>\n<meta name=\"twitter:label1\" content=\"Tiempo de lectura\" \/>\n\t<meta name=\"twitter:data1\" content=\"1 minuto\" \/>\n<script type=\"application\/ld+json\" class=\"yoast-schema-graph\">{\"@context\":\"https:\/\/schema.org\",\"@graph\":[{\"@type\":\"WebSite\",\"@id\":\"https:\/\/barcelopuntaumbriaevents.com\/es\/#website\",\"url\":\"https:\/\/barcelopuntaumbriaevents.com\/es\/\",\"name\":\"Barcel\\u00f3 Punta Umbr\\u00eda Beach Resort\",\"description\":\"Web oficial del Hotel Barcel\\u00f3 Punta Umbr\\u00eda Beach Resort\",\"potentialAction\":[{\"@type\":\"SearchAction\",\"target\":{\"@type\":\"EntryPoint\",\"urlTemplate\":\"https:\/\/barcelopuntaumbriaevents.com\/es\/?s={search_term_string}\"},\"query-input\":\"required name=search_term_string\"}],\"inLanguage\":\"es\"},{\"@type\":\"ImageObject\",\"@id\":\"https:\/\/barcelopuntaumbriaevents.com\/promociones-y-ofertas\/#primaryimage\",\"inLanguage\":\"es\",\"url\":\"https:\/\/www.barcelopuntaumbriaevents.com\/wp-content\/uploads\/2014\/02\/01_promo_caste.jpg\",\"contentUrl\":\"https:\/\/www.barcelopuntaumbriaevents.com\/wp-content\/uploads\/2014\/02\/01_promo_caste.jpg\"},{\"@type\":\"WebPage\",\"@id\":\"https:\/\/barcelopuntaumbriaevents.com\/promociones-y-ofertas\/#webpage\",\"url\":\"https:\/\/barcelopuntaumbriaevents.com\/promociones-y-ofertas\/\",\"name\":\"Promociones y ofertas &ndash; Barcel\\u00f3 Punta Umbr\\u00eda Beach Resort\",\"isPartOf\":{\"@id\":\"https:\/\/barcelopuntaumbriaevents.com\/es\/#website\"},\"primaryImageOfPage\":{\"@id\":\"https:\/\/barcelopuntaumbriaevents.com\/promociones-y-ofertas\/#primaryimage\"},\"datePublished\":\"2014-02-07T04:59:50+00:00\",\"dateModified\":\"2016-03-16T01:46:42+00:00\",\"breadcrumb\":{\"@id\":\"https:\/\/barcelopuntaumbriaevents.com\/promociones-y-ofertas\/#breadcrumb\"},\"inLanguage\":\"es\",\"potentialAction\":[{\"@type\":\"ReadAction\",\"target\":[\"https:\/\/barcelopuntaumbriaevents.com\/promociones-y-ofertas\/\"]}]},{\"@type\":\"BreadcrumbList\",\"@id\":\"https:\/\/barcelopuntaumbriaevents.com\/promociones-y-ofertas\/#breadcrumb\",\"itemListElement\":[{\"@type\":\"ListItem\",\"position\":1,\"name\":\"Home\",\"item\":\"https:\/\/barcelopuntaumbriaevents.com\/es\/\"},{\"@type\":\"ListItem\",\"position\":2,\"name\":\"Promociones y ofertas\"}]}]}<\/script>\n<!-- \/ Yoast SEO plugin. -->","yoast_head_json":{"title":"Promociones y ofertas &ndash; Barcel\u00f3 Punta Umbr\u00eda Beach Resort","robots":{"index":"index","follow":"follow","max-snippet":"max-snippet:-1","max-image-preview":"max-image-preview:large","max-video-preview":"max-video-preview:-1"},"canonical":"https:\/\/barcelopuntaumbriaevents.com\/promociones-y-ofertas\/","og_locale":"es_ES","og_type":"article","og_title":"Promociones y ofertas &ndash; Barcel\u00f3 Punta Umbr\u00eda Beach Resort","og_description":"Promociones Inscr\u00edbase y disfrute de las grandes ventajas y sorpresas \u00a0de nuestras promociones \u00a0exclusivas para los profesionales del sector. Entrar Ofertas para reuniones y eventos Consulte y aproveche los descuentos que ponemos a su disposici\u00f3n para eventos, convenciones y reuniones. Entrar","og_url":"https:\/\/barcelopuntaumbriaevents.com\/promociones-y-ofertas\/","og_site_name":"Barcel\u00f3 Punta Umbr\u00eda Beach Resort","article_modified_time":"2016-03-16T01:46:42+00:00","og_image":[{"url":"http:\/\/www.barcelopuntaumbriaevents.com\/wp-content\/uploads\/2014\/02\/01_promo_caste.jpg"}],"twitter_misc":{"Tiempo de lectura":"1 minuto"},"schema":{"@context":"https:\/\/schema.org","@graph":[{"@type":"WebSite","@id":"https:\/\/barcelopuntaumbriaevents.com\/es\/#website","url":"https:\/\/barcelopuntaumbriaevents.com\/es\/","name":"Barcel\u00f3 Punta Umbr\u00eda Beach Resort","description":"Web oficial del Hotel Barcel\u00f3 Punta Umbr\u00eda Beach Resort","potentialAction":[{"@type":"SearchAction","target":{"@type":"EntryPoint","urlTemplate":"https:\/\/barcelopuntaumbriaevents.com\/es\/?s={search_term_string}"},"query-input":"required name=search_term_string"}],"inLanguage":"es"},{"@type":"ImageObject","@id":"https:\/\/barcelopuntaumbriaevents.com\/promociones-y-ofertas\/#primaryimage","inLanguage":"es","url":"https:\/\/www.barcelopuntaumbriaevents.com\/wp-content\/uploads\/2014\/02\/01_promo_caste.jpg","contentUrl":"https:\/\/www.barcelopuntaumbriaevents.com\/wp-content\/uploads\/2014\/02\/01_promo_caste.jpg"},{"@type":"WebPage","@id":"https:\/\/barcelopuntaumbriaevents.com\/promociones-y-ofertas\/#webpage","url":"https:\/\/barcelopuntaumbriaevents.com\/promociones-y-ofertas\/","name":"Promociones y ofertas &ndash; Barcel\u00f3 Punta Umbr\u00eda Beach Resort","isPartOf":{"@id":"https:\/\/barcelopuntaumbriaevents.com\/es\/#website"},"primaryImageOfPage":{"@id":"https:\/\/barcelopuntaumbriaevents.com\/promociones-y-ofertas\/#primaryimage"},"datePublished":"2014-02-07T04:59:50+00:00","dateModified":"2016-03-16T01:46:42+00:00","breadcrumb":{"@id":"https:\/\/barcelopuntaumbriaevents.com\/promociones-y-ofertas\/#breadcrumb"},"inLanguage":"es","potentialAction":[{"@type":"ReadAction","target":["https:\/\/barcelopuntaumbriaevents.com\/promociones-y-ofertas\/"]}]},{"@type":"BreadcrumbList","@id":"https:\/\/barcelopuntaumbriaevents.com\/promociones-y-ofertas\/#breadcrumb","itemListElement":[{"@type":"ListItem","position":1,"name":"Home","item":"https:\/\/barcelopuntaumbriaevents.com\/es\/"},{"@type":"ListItem","position":2,"name":"Promociones y ofertas"}]}]}},"_links":{"self":[{"href":"https:\/\/barcelopuntaumbriaevents.com\/es\/wp-json\/wp\/v2\/pages\/37"}],"collection":[{"href":"https:\/\/barcelopuntaumbriaevents.com\/es\/wp-json\/wp\/v2\/pages"}],"about":[{"href":"https:\/\/barcelopuntaumbriaevents.com\/es\/wp-json\/wp\/v2\/types\/page"}],"author":[{"embeddable":true,"href":"https:\/\/barcelopuntaumbriaevents.com\/es\/wp-json\/wp\/v2\/users\/7"}],"replies":[{"embeddable":true,"href":"https:\/\/barcelopuntaumbriaevents.com\/es\/wp-json\/wp\/v2\/comments?post=37"}],"version-history":[{"count":0,"href":"https:\/\/barcelopuntaumbriaevents.com\/es\/wp-json\/wp\/v2\/pages\/37\/revisions"}],"wp:attachment":[{"href":"https:\/\/barcelopuntaumbriaevents.com\/es\/wp-json\/wp\/v2\/media?parent=37"}],"curies":[{"name":"wp","href":"https:\/\/api.w.org\/{rel}","templated":true}]}}