												{"id":281,"date":"2014-02-26T10:47:42","date_gmt":"2014-02-26T10:47:42","guid":{"rendered":"http:\/\/www.barcelopuntaumbriaevents.com\/?page_id=281"},"modified":"2018-06-15T11:59:28","modified_gmt":"2018-06-15T11:59:28","slug":"el-resort","status":"publish","type":"page","link":"https:\/\/barcelopuntaumbriaevents.com\/es\/el-hotel\/el-resort\/","title":{"rendered":"El Resort"},"content":{"rendered":"<p><\/p>\n<div class=\"entorno-banner\"><img src=\"http:\/\/www.barcelopuntaumbriaevents.com\/wp-content\/themes\/barcelo\/images\/el_proyecto_arquitectonico.png\" alt=\"\" \/><\/div>\n<div class=\"nuecontent\">\n<p>Descubra algunas claves del dise\u00f1o obra de D. Antonio Alba Carrillo y D. Carlos Jim\u00e9nez Pose, 2 de los arquitectos espa\u00f1oles m\u00e1s emblem\u00e1ticos del Siglo XXI. Ambos lo idearon\u00a0con arreglo a los siguientes conceptos b\u00e1sicos:<\/p>\n<ul>\n<li><strong>Funcionalidad: tres Edificios conectados por pasarelas a trav\u00e9s de la primera planta<\/strong>, Beach (500 habitaciones), Dunas (200 habitaciones m\u00e1s Centro de Convenciones) y Enebrales (500 habitaciones) suavemente decorados en el interior con selectas im\u00e1genes de los espacios Colombinos. El hotel abri\u00f3 sus puertas en verano 2007 con el edificio Beach, seguido por Dunas y Enebrales en los veranos de 2008 y 2009 respectivamente.<\/li>\n<li><strong>Exclusividad de espacios:<\/strong> cada edificio individual cuenta con su propia entrada y salida de parking, recepci\u00f3n, restaurantes y bares privados, lo que nos permite ofrecer a nuestros clientes amplias posibilidades de branding e imagen de marca en un ambiente distintivo lleno de privilegios.<\/li>\n<li>Un <strong>toque Ar\u00e1bigo \u2013 Andaluz moderno<\/strong> representado en sus fuentes y patios de luz interiores color terracota.<\/li>\n<li><strong>L\u00edneas rectas con toques innovadores y elegantes en tonos ocre y arena.<\/strong><\/li>\n<li><strong>Un cierto rigor asc\u00e9tico y postmodernista<\/strong> en el empleo de materiales b\u00e1sicos y en la ausencia de adornos no estrictamente funcionales; espacios que invitan a la creatividad en la creaci\u00f3n de ambientes interiores como paradigma de lo agradable y flexible.<\/li>\n<\/ul>\n<\/div>\n<div id=\"planos\"><\/div>\n<ul>\nEl <strong>centro de la ciudad<\/strong> se encuentra a 15 min. a pie.<br \/>\nEn frente del hotel se encuentra el <a href=\"http:\/\/www.puntaalmenara.es\/\">Centro Comercial \u201cPunta Almenara\u201d<\/a> con: 7 salas de multicine, boutiques, restaurantes, bares y una discoteca \u201cLa Suite\u201d, con capacidad para grupos de hasta 1.000 pax.<\/ul>\n<p><span class=\"descargar\"><a href=\"https:\/\/www.barcelopuntaumbriaevents.com\/wp-content\/uploads\/2014\/02\/NUEVO-TRIPTICO-BPUBR-2017.jpg\">Descargar tr\u00edptico Barcel\u00f3 Punta Umbr\u00eda Beach Resort (pdf)<\/a><\/span><br \/>\n<span class=\"descargar\"><a href=\"https:\/\/www.barcelopuntaumbriaevents.com\/wp-content\/uploads\/2014\/02\/El_Resort.eps\">Descargar tr\u00edptico Barcel\u00f3 Punta Umbr\u00eda Beach Resort (eps)<\/a><\/span><\/p>","protected":false},"excerpt":{"rendered":"<p>Descubra algunas claves del dise\u00f1o obra de D. Antonio Alba Carrillo y D. Carlos Jim\u00e9nez Pose, 2 de los arquitectos espa\u00f1oles m\u00e1s emblem\u00e1ticos del Siglo XXI. Ambos lo idearon\u00a0con arreglo a los siguientes conceptos b\u00e1sicos: Funcionalidad: tres Edificios conectados por pasarelas a trav\u00e9s de la primera planta, Beach (500 habitaciones), Dunas (200 habitaciones m\u00e1s Centro [&hellip;]<\/p>\n","protected":false},"author":7,"featured_media":0,"parent":22,"menu_order":0,"comment_status":"closed","ping_status":"open","template":"tpl_el_hotel.php","meta":{"ngg_post_thumbnail":0},"yoast_head":"<!-- This site is optimized with the Yoast SEO plugin v17.4 - https:\/\/yoast.com\/wordpress\/plugins\/seo\/ -->\n<title>El Resort &ndash; Barcel\u00f3 Punta Umbr\u00eda Beach Resort<\/title>\n<meta name=\"robots\" content=\"index, follow, max-snippet:-1, max-image-preview:large, max-video-preview:-1\" \/>\n<link rel=\"canonical\" href=\"https:\/\/barcelopuntaumbriaevents.com\/el-hotel\/el-resort\/\" \/>\n<meta property=\"og:locale\" content=\"es_ES\" \/>\n<meta property=\"og:type\" content=\"article\" \/>\n<meta property=\"og:title\" content=\"El Resort &ndash; Barcel\u00f3 Punta Umbr\u00eda Beach Resort\" \/>\n<meta property=\"og:description\" content=\"Descubra algunas claves del dise\u00f1o obra de D. Antonio Alba Carrillo y D. Carlos Jim\u00e9nez Pose, 2 de los arquitectos espa\u00f1oles m\u00e1s emblem\u00e1ticos del Siglo XXI. Ambos lo idearon\u00a0con arreglo a los siguientes conceptos b\u00e1sicos: Funcionalidad: tres Edificios conectados por pasarelas a trav\u00e9s de la primera planta, Beach (500 habitaciones), Dunas (200 habitaciones m\u00e1s Centro [&hellip;]\" \/>\n<meta property=\"og:url\" content=\"https:\/\/barcelopuntaumbriaevents.com\/el-hotel\/el-resort\/\" \/>\n<meta property=\"og:site_name\" content=\"Barcel\u00f3 Punta Umbr\u00eda Beach Resort\" \/>\n<meta property=\"article:modified_time\" content=\"2018-06-15T11:59:28+00:00\" \/>\n<meta property=\"og:image\" content=\"http:\/\/www.barcelopuntaumbriaevents.com\/wp-content\/themes\/barcelo\/images\/el_proyecto_arquitectonico.png\" \/>\n<meta name=\"twitter:label1\" content=\"Tiempo de lectura\" \/>\n\t<meta name=\"twitter:data1\" content=\"6 minutos\" \/>\n<script type=\"application\/ld+json\" class=\"yoast-schema-graph\">{\"@context\":\"https:\/\/schema.org\",\"@graph\":[{\"@type\":\"WebSite\",\"@id\":\"https:\/\/barcelopuntaumbriaevents.com\/es\/#website\",\"url\":\"https:\/\/barcelopuntaumbriaevents.com\/es\/\",\"name\":\"Barcel\\u00f3 Punta Umbr\\u00eda Beach Resort\",\"description\":\"Web oficial del Hotel Barcel\\u00f3 Punta Umbr\\u00eda Beach Resort\",\"potentialAction\":[{\"@type\":\"SearchAction\",\"target\":{\"@type\":\"EntryPoint\",\"urlTemplate\":\"https:\/\/barcelopuntaumbriaevents.com\/es\/?s={search_term_string}\"},\"query-input\":\"required name=search_term_string\"}],\"inLanguage\":\"es\"},{\"@type\":\"ImageObject\",\"@id\":\"https:\/\/barcelopuntaumbriaevents.com\/el-hotel\/el-resort\/#primaryimage\",\"inLanguage\":\"es\",\"url\":\"http:\/\/www.barcelopuntaumbriaevents.com\/wp-content\/themes\/barcelo\/images\/el_proyecto_arquitectonico.png\",\"contentUrl\":\"http:\/\/www.barcelopuntaumbriaevents.com\/wp-content\/themes\/barcelo\/images\/el_proyecto_arquitectonico.png\"},{\"@type\":\"WebPage\",\"@id\":\"https:\/\/barcelopuntaumbriaevents.com\/el-hotel\/el-resort\/#webpage\",\"url\":\"https:\/\/barcelopuntaumbriaevents.com\/el-hotel\/el-resort\/\",\"name\":\"El Resort &ndash; Barcel\\u00f3 Punta Umbr\\u00eda Beach Resort\",\"isPartOf\":{\"@id\":\"https:\/\/barcelopuntaumbriaevents.com\/es\/#website\"},\"primaryImageOfPage\":{\"@id\":\"https:\/\/barcelopuntaumbriaevents.com\/el-hotel\/el-resort\/#primaryimage\"},\"datePublished\":\"2014-02-26T10:47:42+00:00\",\"dateModified\":\"2018-06-15T11:59:28+00:00\",\"breadcrumb\":{\"@id\":\"https:\/\/barcelopuntaumbriaevents.com\/el-hotel\/el-resort\/#breadcrumb\"},\"inLanguage\":\"es\",\"potentialAction\":[{\"@type\":\"ReadAction\",\"target\":[\"https:\/\/barcelopuntaumbriaevents.com\/el-hotel\/el-resort\/\"]}]},{\"@type\":\"BreadcrumbList\",\"@id\":\"https:\/\/barcelopuntaumbriaevents.com\/el-hotel\/el-resort\/#breadcrumb\",\"itemListElement\":[{\"@type\":\"ListItem\",\"position\":1,\"name\":\"Home\",\"item\":\"https:\/\/barcelopuntaumbriaevents.com\/es\/\"},{\"@type\":\"ListItem\",\"position\":2,\"name\":\"El Hotel\",\"item\":\"https:\/\/barcelopuntaumbriaevents.com\/es\/el-hotel\/\"},{\"@type\":\"ListItem\",\"position\":3,\"name\":\"El Resort\"}]}]}<\/script>\n<!-- \/ Yoast SEO plugin. -->","yoast_head_json":{"title":"El Resort &ndash; Barcel\u00f3 Punta Umbr\u00eda Beach Resort","robots":{"index":"index","follow":"follow","max-snippet":"max-snippet:-1","max-image-preview":"max-image-preview:large","max-video-preview":"max-video-preview:-1"},"canonical":"https:\/\/barcelopuntaumbriaevents.com\/el-hotel\/el-resort\/","og_locale":"es_ES","og_type":"article","og_title":"El Resort &ndash; Barcel\u00f3 Punta Umbr\u00eda Beach Resort","og_description":"Descubra algunas claves del dise\u00f1o obra de D. Antonio Alba Carrillo y D. Carlos Jim\u00e9nez Pose, 2 de los arquitectos espa\u00f1oles m\u00e1s emblem\u00e1ticos del Siglo XXI. Ambos lo idearon\u00a0con arreglo a los siguientes conceptos b\u00e1sicos: Funcionalidad: tres Edificios conectados por pasarelas a trav\u00e9s de la primera planta, Beach (500 habitaciones), Dunas (200 habitaciones m\u00e1s Centro [&hellip;]","og_url":"https:\/\/barcelopuntaumbriaevents.com\/el-hotel\/el-resort\/","og_site_name":"Barcel\u00f3 Punta Umbr\u00eda Beach Resort","article_modified_time":"2018-06-15T11:59:28+00:00","og_image":[{"url":"http:\/\/www.barcelopuntaumbriaevents.com\/wp-content\/themes\/barcelo\/images\/el_proyecto_arquitectonico.png"}],"twitter_misc":{"Tiempo de lectura":"6 minutos"},"schema":{"@context":"https:\/\/schema.org","@graph":[{"@type":"WebSite","@id":"https:\/\/barcelopuntaumbriaevents.com\/es\/#website","url":"https:\/\/barcelopuntaumbriaevents.com\/es\/","name":"Barcel\u00f3 Punta Umbr\u00eda Beach Resort","description":"Web oficial del Hotel Barcel\u00f3 Punta Umbr\u00eda Beach Resort","potentialAction":[{"@type":"SearchAction","target":{"@type":"EntryPoint","urlTemplate":"https:\/\/barcelopuntaumbriaevents.com\/es\/?s={search_term_string}"},"query-input":"required name=search_term_string"}],"inLanguage":"es"},{"@type":"ImageObject","@id":"https:\/\/barcelopuntaumbriaevents.com\/el-hotel\/el-resort\/#primaryimage","inLanguage":"es","url":"http:\/\/www.barcelopuntaumbriaevents.com\/wp-content\/themes\/barcelo\/images\/el_proyecto_arquitectonico.png","contentUrl":"http:\/\/www.barcelopuntaumbriaevents.com\/wp-content\/themes\/barcelo\/images\/el_proyecto_arquitectonico.png"},{"@type":"WebPage","@id":"https:\/\/barcelopuntaumbriaevents.com\/el-hotel\/el-resort\/#webpage","url":"https:\/\/barcelopuntaumbriaevents.com\/el-hotel\/el-resort\/","name":"El Resort &ndash; Barcel\u00f3 Punta Umbr\u00eda Beach Resort","isPartOf":{"@id":"https:\/\/barcelopuntaumbriaevents.com\/es\/#website"},"primaryImageOfPage":{"@id":"https:\/\/barcelopuntaumbriaevents.com\/el-hotel\/el-resort\/#primaryimage"},"datePublished":"2014-02-26T10:47:42+00:00","dateModified":"2018-06-15T11:59:28+00:00","breadcrumb":{"@id":"https:\/\/barcelopuntaumbriaevents.com\/el-hotel\/el-resort\/#breadcrumb"},"inLanguage":"es","potentialAction":[{"@type":"ReadAction","target":["https:\/\/barcelopuntaumbriaevents.com\/el-hotel\/el-resort\/"]}]},{"@type":"BreadcrumbList","@id":"https:\/\/barcelopuntaumbriaevents.com\/el-hotel\/el-resort\/#breadcrumb","itemListElement":[{"@type":"ListItem","position":1,"name":"Home","item":"https:\/\/barcelopuntaumbriaevents.com\/es\/"},{"@type":"ListItem","position":2,"name":"El Hotel","item":"https:\/\/barcelopuntaumbriaevents.com\/es\/el-hotel\/"},{"@type":"ListItem","position":3,"name":"El Resort"}]}]}},"_links":{"self":[{"href":"https:\/\/barcelopuntaumbriaevents.com\/es\/wp-json\/wp\/v2\/pages\/281"}],"collection":[{"href":"https:\/\/barcelopuntaumbriaevents.com\/es\/wp-json\/wp\/v2\/pages"}],"about":[{"href":"https:\/\/barcelopuntaumbriaevents.com\/es\/wp-json\/wp\/v2\/types\/page"}],"author":[{"embeddable":true,"href":"https:\/\/barcelopuntaumbriaevents.com\/es\/wp-json\/wp\/v2\/users\/7"}],"replies":[{"embeddable":true,"href":"https:\/\/barcelopuntaumbriaevents.com\/es\/wp-json\/wp\/v2\/comments?post=281"}],"version-history":[{"count":9,"href":"https:\/\/barcelopuntaumbriaevents.com\/es\/wp-json\/wp\/v2\/pages\/281\/revisions"}],"predecessor-version":[{"id":5796,"href":"https:\/\/barcelopuntaumbriaevents.com\/es\/wp-json\/wp\/v2\/pages\/281\/revisions\/5796"}],"up":[{"embeddable":true,"href":"https:\/\/barcelopuntaumbriaevents.com\/es\/wp-json\/wp\/v2\/pages\/22"}],"wp:attachment":[{"href":"https:\/\/barcelopuntaumbriaevents.com\/es\/wp-json\/wp\/v2\/media?parent=281"}],"curies":[{"name":"wp","href":"https:\/\/api.w.org\/{rel}","templated":true}]}}