												{"id":2405,"date":"2015-01-20T13:42:17","date_gmt":"2015-01-20T13:42:17","guid":{"rendered":"http:\/\/www.barcelopuntaumbriaevents.com\/?page_id=2405"},"modified":"2020-01-03T11:53:17","modified_gmt":"2020-01-03T11:53:17","slug":"congresos-y-reuniones","status":"publish","type":"page","link":"https:\/\/barcelopuntaumbriaevents.com\/es\/congresos-y-reuniones\/","title":{"rendered":"Congresos y Reuniones"},"content":{"rendered":"<p><\/p>\n<div class=\"blk_c row\">\n<div class=\"promociones-box\">\n<div class=\"main-title\">Hotel para reuniones<\/div>\n<div class=\"promociones-box-thumb\"><img src=\"http:\/\/barcelopuntaumbriaevents.com\/wp-content\/uploads\/2019\/11\/021_BPUB_2019.jpg\" alt=\"\" \/><\/div>\n<div class=\"promociones-box-description1\">Descubra alguna de las claves del dise\u00f1o del hotel, y elija el marco ideal para su evento entre el gran abanico de espacios disponibles.<\/div>\n<div class=\"read-more\"><a href=\"http:\/\/www.barcelopuntaumbriaevents.com\/congresos-y-reuniones\/hotel-reuniones-y-seminarios\/\">Entrar<\/a><\/div>\n<\/div>\n<div class=\"promociones-box\">\n<div class=\"main-title\">Estancias para incentivos<\/div>\n<div class=\"promociones-box-thumb\"><img src=\"http:\/\/barcelopuntaumbriaevents.com\/wp-content\/uploads\/2020\/01\/Flash-mob-hotel-1.png\" alt=\"\" \/><\/div>\n<div class=\"promociones-box-description1\">Encuentre el espacio perfecto que se adaptar\u00e1 a sus necesidades para disfrutar de la mejor gastronom\u00eda.<\/div>\n<div class=\"read-more\"><a href=\"http:\/\/www.barcelopuntaumbriaevents.com\/congresos-y-reuniones\/hotel-estancias-para-incentivos\/\">Entrar<\/a><\/div>\n<\/div>\n<div class=\"promociones-box\">\n<div class=\"main-title\">Hotel para congresos<\/div>\n<div class=\"promociones-box-thumb\"><img src=\"http:\/\/barcelopuntaumbriaevents.com\/wp-content\/uploads\/2019\/11\/011_BPUB_2019-telon-negro.jpg\" alt=\"\" \/><\/div>\n<div class=\"promociones-box-description1\">Conozca el mayor centro de convenciones de Europa y las 16 salas de reuni\u00f3n con m\u00faltiples posibilidades de configuraci\u00f3n que tenemos disponibles.<\/div>\n<div class=\"read-more\"><a href=\"http:\/\/www.barcelopuntaumbriaevents.com\/congresos-y-reuniones\/hotel-congresos-y-convenciones\/\">Entrar<\/a><\/div>\n<\/div>\n<\/div>\n<div class=\"blk_c row\">\n<div class=\"promociones-box\">\n<div class=\"main-title\">Organizaci\u00f3n de eventos<\/div>\n<div class=\"promociones-box-thumb\"><img src=\"http:\/\/barcelopuntaumbriaevents.com\/wp-content\/uploads\/2020\/01\/DSCN1767.jpg\" alt=\"\" \/><\/div>\n<div class=\"promociones-box-description1\">Realice con nosotros su evento de empresa, lo llevaremos a cabo con la mayor versatilidad y todas las garant\u00edas de \u00e9xito.<\/div>\n<div class=\"read-more\"><a href=\"http:\/\/www.barcelopuntaumbriaevents.com\/congresos-y-reuniones\/hotel-organizacion-eventos\">Entrar<\/a><\/div>\n<\/div>\n<div class=\"promociones-box\">\n<div class=\"main-title\">Portfolio M.I.C.E.<\/div>\n<div class=\"promociones-box-thumb\"><img src=\"http:\/\/www.barcelopuntaumbriaevents.com\/wp-content\/themes\/barcelo\/images\/secciones\/inicio_ksp.jpg\" alt=\"\" \/><\/div>\n<div class=\"promociones-box-description1\">Una amplia gama de clientes satisfechos avalan nuestra\u00a0dilatada\u00a0experiencia en la organizaci\u00f3n de todo tipo de eventos.<\/div>\n<div class=\"read-more\"><a href=\"http:\/\/www.barcelopuntaumbriaevents.com\/congresos-y-reuniones\/portfolio-mice\/\">Entrar<\/a><\/div>\n<\/div>\n<\/div>\n<p><\/p>","protected":false},"excerpt":{"rendered":"<p>Hotel para reuniones Descubra alguna de las claves del dise\u00f1o del hotel, y elija el marco ideal para su evento entre el gran abanico de espacios disponibles. Entrar Estancias para incentivos Encuentre el espacio perfecto que se adaptar\u00e1 a sus necesidades para disfrutar de la mejor gastronom\u00eda. Entrar Hotel para congresos Conozca el mayor centro [&hellip;]<\/p>\n","protected":false},"author":7,"featured_media":0,"parent":0,"menu_order":0,"comment_status":"open","ping_status":"closed","template":"tpl_menus.php","meta":{"ngg_post_thumbnail":0},"yoast_head":"<!-- This site is optimized with the Yoast SEO plugin v17.4 - https:\/\/yoast.com\/wordpress\/plugins\/seo\/ -->\n<title>Congresos y Reuniones &ndash; Barcel\u00f3 Punta Umbr\u00eda Beach Resort<\/title>\n<meta name=\"robots\" content=\"index, follow, max-snippet:-1, max-image-preview:large, max-video-preview:-1\" \/>\n<link rel=\"canonical\" href=\"https:\/\/barcelopuntaumbriaevents.com\/congresos-y-reuniones\/\" \/>\n<meta property=\"og:locale\" content=\"es_ES\" \/>\n<meta property=\"og:type\" content=\"article\" \/>\n<meta property=\"og:title\" content=\"Congresos y Reuniones &ndash; Barcel\u00f3 Punta Umbr\u00eda Beach Resort\" \/>\n<meta property=\"og:description\" content=\"Hotel para reuniones Descubra alguna de las claves del dise\u00f1o del hotel, y elija el marco ideal para su evento entre el gran abanico de espacios disponibles. Entrar Estancias para incentivos Encuentre el espacio perfecto que se adaptar\u00e1 a sus necesidades para disfrutar de la mejor gastronom\u00eda. Entrar Hotel para congresos Conozca el mayor centro [&hellip;]\" \/>\n<meta property=\"og:url\" content=\"https:\/\/barcelopuntaumbriaevents.com\/congresos-y-reuniones\/\" \/>\n<meta property=\"og:site_name\" content=\"Barcel\u00f3 Punta Umbr\u00eda Beach Resort\" \/>\n<meta property=\"article:modified_time\" content=\"2020-01-03T11:53:17+00:00\" \/>\n<meta property=\"og:image\" content=\"http:\/\/barcelopuntaumbriaevents.com\/wp-content\/uploads\/2019\/11\/021_BPUB_2019.jpg\" \/>\n<meta name=\"twitter:label1\" content=\"Tiempo de lectura\" \/>\n\t<meta name=\"twitter:data1\" content=\"3 minutos\" \/>\n<script type=\"application\/ld+json\" class=\"yoast-schema-graph\">{\"@context\":\"https:\/\/schema.org\",\"@graph\":[{\"@type\":\"WebSite\",\"@id\":\"https:\/\/barcelopuntaumbriaevents.com\/es\/#website\",\"url\":\"https:\/\/barcelopuntaumbriaevents.com\/es\/\",\"name\":\"Barcel\\u00f3 Punta Umbr\\u00eda Beach Resort\",\"description\":\"Web oficial del Hotel Barcel\\u00f3 Punta Umbr\\u00eda Beach Resort\",\"potentialAction\":[{\"@type\":\"SearchAction\",\"target\":{\"@type\":\"EntryPoint\",\"urlTemplate\":\"https:\/\/barcelopuntaumbriaevents.com\/es\/?s={search_term_string}\"},\"query-input\":\"required name=search_term_string\"}],\"inLanguage\":\"es\"},{\"@type\":\"ImageObject\",\"@id\":\"https:\/\/barcelopuntaumbriaevents.com\/congresos-y-reuniones\/#primaryimage\",\"inLanguage\":\"es\",\"url\":\"http:\/\/barcelopuntaumbriaevents.com\/wp-content\/uploads\/2019\/11\/021_BPUB_2019.jpg\",\"contentUrl\":\"http:\/\/barcelopuntaumbriaevents.com\/wp-content\/uploads\/2019\/11\/021_BPUB_2019.jpg\"},{\"@type\":\"WebPage\",\"@id\":\"https:\/\/barcelopuntaumbriaevents.com\/congresos-y-reuniones\/#webpage\",\"url\":\"https:\/\/barcelopuntaumbriaevents.com\/congresos-y-reuniones\/\",\"name\":\"Congresos y Reuniones &ndash; Barcel\\u00f3 Punta Umbr\\u00eda Beach Resort\",\"isPartOf\":{\"@id\":\"https:\/\/barcelopuntaumbriaevents.com\/es\/#website\"},\"primaryImageOfPage\":{\"@id\":\"https:\/\/barcelopuntaumbriaevents.com\/congresos-y-reuniones\/#primaryimage\"},\"datePublished\":\"2015-01-20T13:42:17+00:00\",\"dateModified\":\"2020-01-03T11:53:17+00:00\",\"breadcrumb\":{\"@id\":\"https:\/\/barcelopuntaumbriaevents.com\/congresos-y-reuniones\/#breadcrumb\"},\"inLanguage\":\"es\",\"potentialAction\":[{\"@type\":\"ReadAction\",\"target\":[\"https:\/\/barcelopuntaumbriaevents.com\/congresos-y-reuniones\/\"]}]},{\"@type\":\"BreadcrumbList\",\"@id\":\"https:\/\/barcelopuntaumbriaevents.com\/congresos-y-reuniones\/#breadcrumb\",\"itemListElement\":[{\"@type\":\"ListItem\",\"position\":1,\"name\":\"Home\",\"item\":\"https:\/\/barcelopuntaumbriaevents.com\/es\/\"},{\"@type\":\"ListItem\",\"position\":2,\"name\":\"Congresos y Reuniones\"}]}]}<\/script>\n<!-- \/ Yoast SEO plugin. -->","yoast_head_json":{"title":"Congresos y Reuniones &ndash; Barcel\u00f3 Punta Umbr\u00eda Beach Resort","robots":{"index":"index","follow":"follow","max-snippet":"max-snippet:-1","max-image-preview":"max-image-preview:large","max-video-preview":"max-video-preview:-1"},"canonical":"https:\/\/barcelopuntaumbriaevents.com\/congresos-y-reuniones\/","og_locale":"es_ES","og_type":"article","og_title":"Congresos y Reuniones &ndash; Barcel\u00f3 Punta Umbr\u00eda Beach Resort","og_description":"Hotel para reuniones Descubra alguna de las claves del dise\u00f1o del hotel, y elija el marco ideal para su evento entre el gran abanico de espacios disponibles. Entrar Estancias para incentivos Encuentre el espacio perfecto que se adaptar\u00e1 a sus necesidades para disfrutar de la mejor gastronom\u00eda. Entrar Hotel para congresos Conozca el mayor centro [&hellip;]","og_url":"https:\/\/barcelopuntaumbriaevents.com\/congresos-y-reuniones\/","og_site_name":"Barcel\u00f3 Punta Umbr\u00eda Beach Resort","article_modified_time":"2020-01-03T11:53:17+00:00","og_image":[{"url":"http:\/\/barcelopuntaumbriaevents.com\/wp-content\/uploads\/2019\/11\/021_BPUB_2019.jpg"}],"twitter_misc":{"Tiempo de lectura":"3 minutos"},"schema":{"@context":"https:\/\/schema.org","@graph":[{"@type":"WebSite","@id":"https:\/\/barcelopuntaumbriaevents.com\/es\/#website","url":"https:\/\/barcelopuntaumbriaevents.com\/es\/","name":"Barcel\u00f3 Punta Umbr\u00eda Beach Resort","description":"Web oficial del Hotel Barcel\u00f3 Punta Umbr\u00eda Beach Resort","potentialAction":[{"@type":"SearchAction","target":{"@type":"EntryPoint","urlTemplate":"https:\/\/barcelopuntaumbriaevents.com\/es\/?s={search_term_string}"},"query-input":"required name=search_term_string"}],"inLanguage":"es"},{"@type":"ImageObject","@id":"https:\/\/barcelopuntaumbriaevents.com\/congresos-y-reuniones\/#primaryimage","inLanguage":"es","url":"http:\/\/barcelopuntaumbriaevents.com\/wp-content\/uploads\/2019\/11\/021_BPUB_2019.jpg","contentUrl":"http:\/\/barcelopuntaumbriaevents.com\/wp-content\/uploads\/2019\/11\/021_BPUB_2019.jpg"},{"@type":"WebPage","@id":"https:\/\/barcelopuntaumbriaevents.com\/congresos-y-reuniones\/#webpage","url":"https:\/\/barcelopuntaumbriaevents.com\/congresos-y-reuniones\/","name":"Congresos y Reuniones &ndash; Barcel\u00f3 Punta Umbr\u00eda Beach Resort","isPartOf":{"@id":"https:\/\/barcelopuntaumbriaevents.com\/es\/#website"},"primaryImageOfPage":{"@id":"https:\/\/barcelopuntaumbriaevents.com\/congresos-y-reuniones\/#primaryimage"},"datePublished":"2015-01-20T13:42:17+00:00","dateModified":"2020-01-03T11:53:17+00:00","breadcrumb":{"@id":"https:\/\/barcelopuntaumbriaevents.com\/congresos-y-reuniones\/#breadcrumb"},"inLanguage":"es","potentialAction":[{"@type":"ReadAction","target":["https:\/\/barcelopuntaumbriaevents.com\/congresos-y-reuniones\/"]}]},{"@type":"BreadcrumbList","@id":"https:\/\/barcelopuntaumbriaevents.com\/congresos-y-reuniones\/#breadcrumb","itemListElement":[{"@type":"ListItem","position":1,"name":"Home","item":"https:\/\/barcelopuntaumbriaevents.com\/es\/"},{"@type":"ListItem","position":2,"name":"Congresos y Reuniones"}]}]}},"_links":{"self":[{"href":"https:\/\/barcelopuntaumbriaevents.com\/es\/wp-json\/wp\/v2\/pages\/2405"}],"collection":[{"href":"https:\/\/barcelopuntaumbriaevents.com\/es\/wp-json\/wp\/v2\/pages"}],"about":[{"href":"https:\/\/barcelopuntaumbriaevents.com\/es\/wp-json\/wp\/v2\/types\/page"}],"author":[{"embeddable":true,"href":"https:\/\/barcelopuntaumbriaevents.com\/es\/wp-json\/wp\/v2\/users\/7"}],"replies":[{"embeddable":true,"href":"https:\/\/barcelopuntaumbriaevents.com\/es\/wp-json\/wp\/v2\/comments?post=2405"}],"version-history":[{"count":22,"href":"https:\/\/barcelopuntaumbriaevents.com\/es\/wp-json\/wp\/v2\/pages\/2405\/revisions"}],"predecessor-version":[{"id":6299,"href":"https:\/\/barcelopuntaumbriaevents.com\/es\/wp-json\/wp\/v2\/pages\/2405\/revisions\/6299"}],"wp:attachment":[{"href":"https:\/\/barcelopuntaumbriaevents.com\/es\/wp-json\/wp\/v2\/media?parent=2405"}],"curies":[{"name":"wp","href":"https:\/\/api.w.org\/{rel}","templated":true}]}}