												{"id":22,"date":"2014-02-05T09:17:57","date_gmt":"2014-02-05T09:17:57","guid":{"rendered":"http:\/\/www.barcelopuntaumbriaevents.com\/?page_id=22"},"modified":"2020-01-03T12:23:44","modified_gmt":"2020-01-03T12:23:44","slug":"el-hotel","status":"publish","type":"page","link":"https:\/\/barcelopuntaumbriaevents.com\/es\/el-hotel\/","title":{"rendered":"El Hotel"},"content":{"rendered":"<p><\/p>\n<div class=\"black-title\"><strong>Presentaci\u00f3n del Hotel<\/strong><\/div>\n<div class=\"blk_c row\">\n<div class=\"promociones-box\">\n<div class=\"main-title\">El Resort<\/div>\n<div class=\"promociones-box-thumb\"><img src=\"http:\/\/www.barcelopuntaumbriaevents.com\/wp-content\/themes\/barcelo\/images\/secciones\/inicio_resort.jpg\" alt=\"\" \/><\/div>\n<div class=\"promociones-box-description1\">Descubra alguna de las claves del dise\u00f1o del hotel, y elija el marco ideal para su evento entre el gran abanico de espacios disponibles.<\/div>\n<div class=\"read-more\"><a href=\"http:\/\/www.barcelopuntaumbriaevents.com\/el-hotel\/el-resort\/\">Entrar<\/a><\/div>\n<\/p><\/div>\n<div class=\"promociones-box\">\n<div class=\"main-title\">Key selling points<\/div>\n<div class=\"promociones-box-thumb\"><img src=\"http:\/\/www.barcelopuntaumbriaevents.com\/wp-content\/themes\/barcelo\/images\/secciones\/inicio_ksp.jpg\" alt=\"\" \/><\/div>\n<div class=\"promociones-box-description1\">Conozca cu\u00e1les son los elementos que marcan la diferencia \u00a0en el Hotel Barcel\u00f3 Punta Umbr\u00eda Beach Resort.<\/div>\n<div class=\"read-more\"><a href=\"http:\/\/www.barcelopuntaumbriaevents.com\/el-hotel\/key-selling-points\/\">Entrar<\/a><\/div>\n<\/p><\/div>\n<\/div>\n<p>&nbsp;<\/p>\n<div class=\"black-title\"><strong>Habitaciones e Instalaciones<\/strong><\/div>\n<div class=\"blk_c row\">\n<div class=\"promociones-box\">\n<div class=\"main-title\">Habitaciones<\/div>\n<div class=\"promociones-box-thumb\"><img src=\"http:\/\/www.barcelopuntaumbriaevents.com\/wp-content\/themes\/barcelo\/images\/secciones\/instalaciones_habitaciones.jpg\" alt=\"\" \/><\/div>\n<div class=\"promociones-box-description1\">Sienta el bienestar y disfrute de la luminosidad y amplitud que le ofrecen nuestras 1200 habitaciones id\u00e9nticas distribuidas en tres edificios.<\/div>\n<div class=\"read-more\"><a href=\"http:\/\/www.barcelopuntaumbriaevents.com\/el-hotel\/habitaciones\/\">Entrar<\/a><\/div>\n<\/p><\/div>\n<div class=\"promociones-box\">\n<div class=\"main-title\">Centro de convenciones<\/div>\n<div class=\"promociones-box-thumb\"><img src=\"http:\/\/barcelopuntaumbriaevents.com\/wp-content\/uploads\/2019\/06\/026_bpub_2019.jpg\" alt=\"\" \/><\/div>\n<div class=\"promociones-box-description1\">Descubra la comodidad y las infinitas ventajas de disponer de un Centro de Convenciones integrado en su hotel.<\/div>\n<div class=\"read-more\"><a href=\"http:\/\/www.barcelopuntaumbriaevents.com\/el-hotel\/centro-de-convenciones\/\">Entrar<\/a><\/div>\n<\/p><\/div>\n<div class=\"promociones-box\">\n<div class=\"main-title\">Espacios para restauraci\u00f3n<\/div>\n<div class=\"promociones-box-thumb\"><img src=\"http:\/\/www.barcelopuntaumbriaevents.com\/wp-content\/themes\/barcelo\/images\/secciones\/instalaciones_restauracion.jpg\" alt=\"\" \/><\/div>\n<div class=\"promociones-box-description1\">Encuentre el espacio perfecto que se adaptar\u00e1 a sus necesidades para disfrutar de la mejor gastronom\u00eda.<\/div>\n<div class=\"read-more\"><a href=\"http:\/\/www.barcelopuntaumbriaevents.com\/el-hotel\/espacios-para-restauracion\/\">Entrar<\/a><\/div>\n<\/p><\/div>\n<div class=\"promociones-box\">\n<div class=\"main-title\">Espacios Singulares<\/div>\n<div class=\"promociones-box-thumb\"><img src=\"http:\/\/www.barcelopuntaumbriaevents.com\/wp-content\/themes\/barcelo\/images\/secciones\/btn_Espacios_singulares.jpg\" alt=\"\" \/><\/div>\n<div class=\"promociones-box-description1\">D\u00e9jese sorprender por la originalidad de nuestros espacios singulares.<\/div>\n<div class=\"read-more\"><a href=\"http:\/\/www.barcelopuntaumbriaevents.com\/el-hotel\/espacios-singulares\/\">Entrar<\/a><\/div>\n<\/p><\/div>\n<\/div>\n<p>&nbsp;<\/p>\n<div class=\"black-title\"><strong>Deporte y Actividades<\/strong><\/div>\n<div class=\"blk_c row\">\n<div class=\"promociones-box\">\n<div class=\"main-title\">Instalaciones deportivas<\/div>\n<div class=\"promociones-box-thumb\"><img src=\"http:\/\/www.barcelopuntaumbriaevents.com\/wp-content\/themes\/barcelo\/images\/secciones\/servicios_instalaciones_deportivas.png\" alt=\"\" \/><\/div>\n<div class=\"promociones-box-description1\">Disfrute de unas magn\u00edficas instalaciones deportivas.<\/div>\n<div class=\"read-more\"><a href=\"http:\/\/www.barcelopuntaumbriaevents.com\/el-hotel\/instalaciones-deportivas\/\">Entrar<\/a><\/div>\n<\/p><\/div>\n<div class=\"promociones-box\">\n<div class=\"main-title\">Spa &amp; Gym<\/div>\n<div class=\"promociones-box-thumb\"><img src=\"http:\/\/www.barcelopuntaumbriaevents.com\/wp-content\/themes\/barcelo\/images\/secciones\/servicios_spa_gym.png\" alt=\"\" \/><\/div>\n<div class=\"promociones-box-description1\">D\u00e9jese mimar despu\u00e9s de un duro d\u00eda de trabajo en nuestra zona wellness de 2000m2.<\/div>\n<div class=\"read-more\"><a href=\"http:\/\/www.barcelopuntaumbriaevents.com\/el-hotel\/spa-gym\/\">Entrar<\/a><\/div>\n<\/p><\/div>\n<div class=\"promociones-box\">\n<div class=\"main-title\">Actividades de grupo<\/div>\n<div class=\"promociones-box-thumb\"><img src=\"http:\/\/barcelopuntaumbriaevents.com\/wp-content\/uploads\/2020\/01\/LMI-7.jpg\" alt=\"\" \/><\/div>\n<div class=\"promociones-box-description1\">Multiplique sus posibilidades realizando actividades diferentes para su evento.<\/div>\n<div class=\"read-more\"><a href=\"http:\/\/www.barcelopuntaumbriaevents.com\/el-hotel\/actividades-de-grupo\/\">Entrar<\/a><\/div>\n<\/p><\/div>\n<\/div>\n<p>&nbsp;<\/p>\n<div class=\"black-title\"><strong>Medios t\u00e9cnicos para Eventos y Presentaciones<\/strong><\/div>\n<div class=\"blk_c row\">\n<div class=\"promociones-box\">\n<div class=\"main-title\">Oferta audiovisual<\/div>\n<div class=\"promociones-box-thumb\"><img src=\"http:\/\/barcelopuntaumbriaevents.com\/wp-content\/uploads\/2020\/01\/img_4443.jpg\" alt=\"\" \/><\/div>\n<div class=\"promociones-box-description1\">Ponemos a su alcance las \u00faltimas tecnolog\u00edas audiovisuales para asegurar el \u00e9xito en la puesta en escena de su evento.<\/div>\n<div class=\"read-more\"><a href=\"http:\/\/www.barcelopuntaumbriaevents.com\/el-hotel\/oferta-audiovisual\/\">Entrar<\/a><\/div>\n<\/p><\/div>\n<div class=\"promociones-box\">\n<div class=\"main-title\">Instalaciones automoci\u00f3n<\/div>\n<div class=\"promociones-box-thumb\"><img src=\"http:\/\/barcelopuntaumbriaevents.com\/wp-content\/uploads\/2020\/01\/VEHICULO-ENTRADA-2.jpg\" alt=\"\" \/><\/div>\n<div class=\"promociones-box-description1\">Disponemos de incre\u00edbles instalaciones para eventos del sector del autom\u00f3vil.<\/div>\n<div class=\"read-more\"><a href=\"http:\/\/www.barcelopuntaumbriaevents.com\/el-hotel\/parking-y-montacargas\/\">Entrar<\/a><\/div>\n<\/p><\/div>\n<div class=\"promociones-box\">\n<div class=\"main-title\">Branding<\/div>\n<div class=\"promociones-box-thumb\"><img src=\"http:\/\/www.barcelopuntaumbriaevents.com\/wp-content\/themes\/barcelo\/images\/secciones\/btn_Branding.jpg\" alt=\"\" \/><\/div>\n<div class=\"promociones-box-description1\">\nDescubra infinitas posibilidades para vestir sus eventos y crear imagen de marca de manera f\u00e1cil y sencilla.\n<\/div>\n<div class=\"read-more\"><a href=\"http:\/\/www.barcelopuntaumbriaevents.com\/el-hotel\/branding\/\">Entrar<\/a><\/div>\n<\/p><\/div>\n<\/div>\n<p><\/p>","protected":false},"excerpt":{"rendered":"<p>Presentaci\u00f3n del Hotel El Resort Descubra alguna de las claves del dise\u00f1o del hotel, y elija el marco ideal para su evento entre el gran abanico de espacios disponibles. Entrar Key selling points Conozca cu\u00e1les son los elementos que marcan la diferencia \u00a0en el Hotel Barcel\u00f3 Punta Umbr\u00eda Beach Resort. Entrar &nbsp; Habitaciones e Instalaciones [&hellip;]<\/p>\n","protected":false},"author":7,"featured_media":0,"parent":0,"menu_order":0,"comment_status":"closed","ping_status":"open","template":"tpl_menus.php","meta":{"ngg_post_thumbnail":0},"yoast_head":"<!-- This site is optimized with the Yoast SEO plugin v17.4 - https:\/\/yoast.com\/wordpress\/plugins\/seo\/ -->\n<title>El Hotel &ndash; Barcel\u00f3 Punta Umbr\u00eda Beach Resort<\/title>\n<meta name=\"robots\" content=\"index, follow, max-snippet:-1, max-image-preview:large, max-video-preview:-1\" \/>\n<link rel=\"canonical\" href=\"https:\/\/barcelopuntaumbriaevents.com\/es\/el-hotel\/\" \/>\n<meta property=\"og:locale\" content=\"es_ES\" \/>\n<meta property=\"og:type\" content=\"article\" \/>\n<meta property=\"og:title\" content=\"El Hotel &ndash; Barcel\u00f3 Punta Umbr\u00eda Beach Resort\" \/>\n<meta property=\"og:description\" content=\"Presentaci\u00f3n del Hotel El Resort Descubra alguna de las claves del dise\u00f1o del hotel, y elija el marco ideal para su evento entre el gran abanico de espacios disponibles. Entrar Key selling points Conozca cu\u00e1les son los elementos que marcan la diferencia \u00a0en el Hotel Barcel\u00f3 Punta Umbr\u00eda Beach Resort. Entrar &nbsp; Habitaciones e Instalaciones [&hellip;]\" \/>\n<meta property=\"og:url\" content=\"https:\/\/barcelopuntaumbriaevents.com\/es\/el-hotel\/\" \/>\n<meta property=\"og:site_name\" content=\"Barcel\u00f3 Punta Umbr\u00eda Beach Resort\" \/>\n<meta property=\"article:modified_time\" content=\"2020-01-03T12:23:44+00:00\" \/>\n<meta property=\"og:image\" content=\"http:\/\/www.barcelopuntaumbriaevents.com\/wp-content\/themes\/barcelo\/images\/secciones\/inicio_resort.jpg\" \/>\n<meta name=\"twitter:label1\" content=\"Tiempo de lectura\" \/>\n\t<meta name=\"twitter:data1\" content=\"5 minutos\" \/>\n<script type=\"application\/ld+json\" class=\"yoast-schema-graph\">{\"@context\":\"https:\/\/schema.org\",\"@graph\":[{\"@type\":\"WebSite\",\"@id\":\"https:\/\/barcelopuntaumbriaevents.com\/es\/#website\",\"url\":\"https:\/\/barcelopuntaumbriaevents.com\/es\/\",\"name\":\"Barcel\\u00f3 Punta Umbr\\u00eda Beach Resort\",\"description\":\"Web oficial del Hotel Barcel\\u00f3 Punta Umbr\\u00eda Beach Resort\",\"potentialAction\":[{\"@type\":\"SearchAction\",\"target\":{\"@type\":\"EntryPoint\",\"urlTemplate\":\"https:\/\/barcelopuntaumbriaevents.com\/es\/?s={search_term_string}\"},\"query-input\":\"required name=search_term_string\"}],\"inLanguage\":\"es\"},{\"@type\":\"ImageObject\",\"@id\":\"https:\/\/barcelopuntaumbriaevents.com\/es\/el-hotel\/#primaryimage\",\"inLanguage\":\"es\",\"url\":\"http:\/\/www.barcelopuntaumbriaevents.com\/wp-content\/themes\/barcelo\/images\/secciones\/inicio_resort.jpg\",\"contentUrl\":\"http:\/\/www.barcelopuntaumbriaevents.com\/wp-content\/themes\/barcelo\/images\/secciones\/inicio_resort.jpg\"},{\"@type\":\"WebPage\",\"@id\":\"https:\/\/barcelopuntaumbriaevents.com\/es\/el-hotel\/#webpage\",\"url\":\"https:\/\/barcelopuntaumbriaevents.com\/es\/el-hotel\/\",\"name\":\"El Hotel &ndash; Barcel\\u00f3 Punta Umbr\\u00eda Beach Resort\",\"isPartOf\":{\"@id\":\"https:\/\/barcelopuntaumbriaevents.com\/es\/#website\"},\"primaryImageOfPage\":{\"@id\":\"https:\/\/barcelopuntaumbriaevents.com\/es\/el-hotel\/#primaryimage\"},\"datePublished\":\"2014-02-05T09:17:57+00:00\",\"dateModified\":\"2020-01-03T12:23:44+00:00\",\"breadcrumb\":{\"@id\":\"https:\/\/barcelopuntaumbriaevents.com\/es\/el-hotel\/#breadcrumb\"},\"inLanguage\":\"es\",\"potentialAction\":[{\"@type\":\"ReadAction\",\"target\":[\"https:\/\/barcelopuntaumbriaevents.com\/es\/el-hotel\/\"]}]},{\"@type\":\"BreadcrumbList\",\"@id\":\"https:\/\/barcelopuntaumbriaevents.com\/es\/el-hotel\/#breadcrumb\",\"itemListElement\":[{\"@type\":\"ListItem\",\"position\":1,\"name\":\"Home\",\"item\":\"https:\/\/barcelopuntaumbriaevents.com\/es\/\"},{\"@type\":\"ListItem\",\"position\":2,\"name\":\"El Hotel\"}]}]}<\/script>\n<!-- \/ Yoast SEO plugin. -->","yoast_head_json":{"title":"El Hotel &ndash; Barcel\u00f3 Punta Umbr\u00eda Beach Resort","robots":{"index":"index","follow":"follow","max-snippet":"max-snippet:-1","max-image-preview":"max-image-preview:large","max-video-preview":"max-video-preview:-1"},"canonical":"https:\/\/barcelopuntaumbriaevents.com\/es\/el-hotel\/","og_locale":"es_ES","og_type":"article","og_title":"El Hotel &ndash; Barcel\u00f3 Punta Umbr\u00eda Beach Resort","og_description":"Presentaci\u00f3n del Hotel El Resort Descubra alguna de las claves del dise\u00f1o del hotel, y elija el marco ideal para su evento entre el gran abanico de espacios disponibles. Entrar Key selling points Conozca cu\u00e1les son los elementos que marcan la diferencia \u00a0en el Hotel Barcel\u00f3 Punta Umbr\u00eda Beach Resort. Entrar &nbsp; Habitaciones e Instalaciones [&hellip;]","og_url":"https:\/\/barcelopuntaumbriaevents.com\/es\/el-hotel\/","og_site_name":"Barcel\u00f3 Punta Umbr\u00eda Beach Resort","article_modified_time":"2020-01-03T12:23:44+00:00","og_image":[{"url":"http:\/\/www.barcelopuntaumbriaevents.com\/wp-content\/themes\/barcelo\/images\/secciones\/inicio_resort.jpg"}],"twitter_misc":{"Tiempo de lectura":"5 minutos"},"schema":{"@context":"https:\/\/schema.org","@graph":[{"@type":"WebSite","@id":"https:\/\/barcelopuntaumbriaevents.com\/es\/#website","url":"https:\/\/barcelopuntaumbriaevents.com\/es\/","name":"Barcel\u00f3 Punta Umbr\u00eda Beach Resort","description":"Web oficial del Hotel Barcel\u00f3 Punta Umbr\u00eda Beach Resort","potentialAction":[{"@type":"SearchAction","target":{"@type":"EntryPoint","urlTemplate":"https:\/\/barcelopuntaumbriaevents.com\/es\/?s={search_term_string}"},"query-input":"required name=search_term_string"}],"inLanguage":"es"},{"@type":"ImageObject","@id":"https:\/\/barcelopuntaumbriaevents.com\/es\/el-hotel\/#primaryimage","inLanguage":"es","url":"http:\/\/www.barcelopuntaumbriaevents.com\/wp-content\/themes\/barcelo\/images\/secciones\/inicio_resort.jpg","contentUrl":"http:\/\/www.barcelopuntaumbriaevents.com\/wp-content\/themes\/barcelo\/images\/secciones\/inicio_resort.jpg"},{"@type":"WebPage","@id":"https:\/\/barcelopuntaumbriaevents.com\/es\/el-hotel\/#webpage","url":"https:\/\/barcelopuntaumbriaevents.com\/es\/el-hotel\/","name":"El Hotel &ndash; Barcel\u00f3 Punta Umbr\u00eda Beach Resort","isPartOf":{"@id":"https:\/\/barcelopuntaumbriaevents.com\/es\/#website"},"primaryImageOfPage":{"@id":"https:\/\/barcelopuntaumbriaevents.com\/es\/el-hotel\/#primaryimage"},"datePublished":"2014-02-05T09:17:57+00:00","dateModified":"2020-01-03T12:23:44+00:00","breadcrumb":{"@id":"https:\/\/barcelopuntaumbriaevents.com\/es\/el-hotel\/#breadcrumb"},"inLanguage":"es","potentialAction":[{"@type":"ReadAction","target":["https:\/\/barcelopuntaumbriaevents.com\/es\/el-hotel\/"]}]},{"@type":"BreadcrumbList","@id":"https:\/\/barcelopuntaumbriaevents.com\/es\/el-hotel\/#breadcrumb","itemListElement":[{"@type":"ListItem","position":1,"name":"Home","item":"https:\/\/barcelopuntaumbriaevents.com\/es\/"},{"@type":"ListItem","position":2,"name":"El Hotel"}]}]}},"_links":{"self":[{"href":"https:\/\/barcelopuntaumbriaevents.com\/es\/wp-json\/wp\/v2\/pages\/22"}],"collection":[{"href":"https:\/\/barcelopuntaumbriaevents.com\/es\/wp-json\/wp\/v2\/pages"}],"about":[{"href":"https:\/\/barcelopuntaumbriaevents.com\/es\/wp-json\/wp\/v2\/types\/page"}],"author":[{"embeddable":true,"href":"https:\/\/barcelopuntaumbriaevents.com\/es\/wp-json\/wp\/v2\/users\/7"}],"replies":[{"embeddable":true,"href":"https:\/\/barcelopuntaumbriaevents.com\/es\/wp-json\/wp\/v2\/comments?post=22"}],"version-history":[{"count":21,"href":"https:\/\/barcelopuntaumbriaevents.com\/es\/wp-json\/wp\/v2\/pages\/22\/revisions"}],"predecessor-version":[{"id":6321,"href":"https:\/\/barcelopuntaumbriaevents.com\/es\/wp-json\/wp\/v2\/pages\/22\/revisions\/6321"}],"wp:attachment":[{"href":"https:\/\/barcelopuntaumbriaevents.com\/es\/wp-json\/wp\/v2\/media?parent=22"}],"curies":[{"name":"wp","href":"https:\/\/api.w.org\/{rel}","templated":true}]}}