												{"id":736,"date":"2014-03-11T16:46:08","date_gmt":"2014-03-11T16:46:08","guid":{"rendered":"http:\/\/www.barcelopuntaumbriaevents.com\/?page_id=736"},"modified":"2016-03-15T13:29:27","modified_gmt":"2016-03-15T13:29:27","slug":"promociones","status":"publish","type":"page","link":"https:\/\/barcelopuntaumbriaevents.com\/en\/promociones-y-ofertas\/promociones\/","title":{"rendered":"Registration"},"content":{"rendered":"\t<style>\n\t\t.widget_mailchimpsf_widget .widget-title {\n\t\tline-height: 1.4em;\n\t\tmargin-bottom: 0.75em;\n\t}\n\t#mc_subheader {\n\t\tline-height: 1.25em;\n\t\tmargin-bottom: 18px;\n\t}\n\t.mc_merge_var {\n\t\tmargin-bottom: 1.0em;\n\t}\n\t.mc_var_label,\n\t.mc_interest_label {\n\t\tdisplay: block;\n\t\tmargin-bottom: 0.5em;\n\t}\n\t.mc_input {\n\t\t-moz-box-sizing: border-box;\n\t\t-webkit-box-sizing: border-box;\n\t\tbox-sizing: border-box;\n\t\twidth: 100%;\n\t}\n\t.mc_input.mc_phone {\n\t\twidth: auto;\n\t}\n\tselect.mc_select {\n\t\tmargin-top: 0.5em;\n\t\twidth: 100%;\n\t}\n\t.mc_address_label {\n\t\tmargin-top: 1.0em;\n\t\tmargin-bottom: 0.5em;\n\t\tdisplay: block;\n\t}\n\t.mc_address_label ~ select {\n\t\twidth: 100%;\t\t\n\t}\n\t.mc_list li {\n\t\tlist-style: none;\n\t\tbackground: none !important;\n\t}\n\t.mc_interests_header {\n\t\tmargin-top: 1.0em;\n\t\tmargin-bottom: 0.5em;\n\t}\n\t.mc_interest label,\n\t.mc_interest input {\n\t\tmargin-bottom: 0.4em;\n\t}\n\t#mc_signup_submit {\n\t\tmargin-top: 1.5em;\n\t\twidth: 80%;\n\t}\n\t#mc_unsub_link a {\n\t\tfont-size: 0.75em;\n\t}\n\t#mc_unsub_link {\n\t\tmargin-top: 1.0em;\n\t}\n\t.mc_header_address,\n\t.mc_email_format {\n\t\tdisplay: block;\n\t\tfont-weight: bold;\n\t\tmargin-top: 1.0em;\n\t\tmargin-bottom: 0.5em;\n\t}\n\t.mc_email_options {\n\t\tmargin-top: 0.5em;\n\t}\n\t.mc_email_type {\n\t\tpadding-left: 4px;\n\t}\n\t<\/style>\n\t\n<div id=\"mc_signup\">\n\t<form method=\"post\" action=\"#mc_signup\" id=\"mc_signup_form\">\n\t\t<input type=\"hidden\" id=\"mc_submit_type\" name=\"mc_submit_type\" value=\"html\" \/>\n\t\t<input type=\"hidden\" name=\"mcsf_action\" value=\"mc_submit_signup_form\" \/>\n\t\t<input type=\"hidden\" id=\"_mc_submit_signup_form_nonce\" name=\"_mc_submit_signup_form_nonce\" value=\"7a10d1e81f\" \/>\t\t\n\t\t\n\t<div class=\"mc_form_inside\">\n\t\t\n\t\t<div class=\"updated\" id=\"mc_message\">\n\t\t\t\t\t<\/div><!-- \/mc_message -->\n\n\t\t\n<div class=\"mc_merge_var\">\n\t\t<label for=\"mc_mv_FNAME\" class=\"mc_var_label mc_header mc_header_\">Name<\/label>\n\t<input type=\"text\" size=\"18\" placeholder=\"\" name=\"mc_mv_FNAME\" id=\"mc_mv_FNAME\" class=\"mc_input\"\/>\n<\/div><!-- \/mc_merge_var -->\n<div class=\"mc_merge_var\">\n\t\t<label for=\"mc_mv_LNAME\" class=\"mc_var_label mc_header mc_header_\">Surname<\/label>\n\t<input type=\"text\" size=\"18\" placeholder=\"\" name=\"mc_mv_LNAME\" id=\"mc_mv_LNAME\" class=\"mc_input\"\/>\n<\/div><!-- \/mc_merge_var -->\n<div class=\"mc_merge_var\">\n\t\t<label for=\"mc_mv_MMERGE3\" class=\"mc_var_label mc_header mc_header_\">Phone<\/label>\n\t<input type=\"text\" size=\"18\" placeholder=\"\" name=\"mc_mv_MMERGE3\" id=\"mc_mv_MMERGE3\" class=\"mc_input\"\/>\n<\/div><!-- \/mc_merge_var -->\n<div class=\"mc_merge_var\">\n\t\t<label for=\"mc_mv_EMAIL\" class=\"mc_var_label mc_header mc_header_\">Email<\/label>\n\t<input type=\"text\" size=\"18\" placeholder=\"\" name=\"mc_mv_EMAIL\" id=\"mc_mv_EMAIL\" class=\"mc_input\"\/>\n<\/div><!-- \/mc_merge_var -->\n<div class=\"mc_merge_var\">\n\t\t<label for=\"mc_mv_MMERGE4\" class=\"mc_var_label mc_header mc_header_\">Company<\/label>\n\t<input type=\"text\" size=\"18\" placeholder=\"\" name=\"mc_mv_MMERGE4\" id=\"mc_mv_MMERGE4\" class=\"mc_input\"\/>\n<\/div><!-- \/mc_merge_var -->\n<div class=\"mc_merge_var\">\n\t\t<label for=\"mc_mv_MMERGE5\" class=\"mc_var_label mc_header mc_header_\">Job<\/label>\n\t<input type=\"text\" size=\"18\" placeholder=\"\" name=\"mc_mv_MMERGE5\" id=\"mc_mv_MMERGE5\" class=\"mc_input\"\/>\n<\/div><!-- \/mc_merge_var -->\n<div class=\"mc_merge_var\">\n\t\t<label for=\"mc_mv_MMERGE7\" class=\"mc_var_label mc_header mc_header_\">Through which channel did you receive our notification?<\/label>\n\t<input type=\"text\" size=\"18\" placeholder=\"\" name=\"mc_mv_MMERGE7\" id=\"mc_mv_MMERGE7\" class=\"mc_input\"\/>\n<\/div><!-- \/mc_merge_var --><div style=\"display:none;\"><\/div><div style=\"display:none;\">\n<div class=\"mc_merge_var\">\n\t\t<label for=\"mc_mv_IDIOMA\" class=\"mc_var_label mc_header mc_header_\">Idioma Web<\/label>\n\t<input type=\"text\" size=\"18\" placeholder=\"\" name=\"mc_mv_IDIOMA\" id=\"mc_mv_IDIOMA\" class=\"mc_input\"\/>\n<\/div><!-- \/mc_merge_var --><\/div>\t\t\t<div id=\"mc-indicates-required\">\n\t\t\t\t* = required field\t\t\t<\/div><!-- \/mc-indicates-required -->\n\t\t\t\n\t\t<div class=\"mc_signup_submit\">\n\t\t\t<input type=\"submit\" name=\"mc_signup_submit\" id=\"mc_signup_submit\" value=\"Sign Up\" class=\"button\" \/>\n\t\t<\/div><!-- \/mc_signup_submit -->\n\t\n\t\n\t\t\t\t\n\t<\/div><!-- \/mc_form_inside -->\n\t<\/form><!-- \/mc_signup_form -->\n<\/div><!-- \/mc_signup_container -->\n\t\n","protected":false},"excerpt":{"rendered":"","protected":false},"author":7,"featured_media":0,"parent":37,"menu_order":0,"comment_status":"closed","ping_status":"open","template":"","meta":{"ngg_post_thumbnail":0},"yoast_head":"<!-- This site is optimized with the Yoast SEO plugin v17.4 - https:\/\/yoast.com\/wordpress\/plugins\/seo\/ -->\n<title>Registration &ndash; Barcel\u00f3 Punta Umbr\u00eda Beach Resort<\/title>\n<meta name=\"robots\" content=\"index, follow, max-snippet:-1, max-image-preview:large, max-video-preview:-1\" \/>\n<link rel=\"canonical\" href=\"https:\/\/barcelopuntaumbriaevents.com\/promociones-y-ofertas\/promociones\/\" \/>\n<meta property=\"og:locale\" content=\"en_US\" \/>\n<meta property=\"og:type\" content=\"article\" \/>\n<meta property=\"og:title\" content=\"Registration &ndash; Barcel\u00f3 Punta Umbr\u00eda Beach Resort\" \/>\n<meta property=\"og:url\" content=\"https:\/\/barcelopuntaumbriaevents.com\/promociones-y-ofertas\/promociones\/\" \/>\n<meta property=\"og:site_name\" content=\"Barcel\u00f3 Punta Umbr\u00eda Beach Resort\" \/>\n<meta property=\"article:modified_time\" content=\"2016-03-15T13:29:27+00:00\" \/>\n<script type=\"application\/ld+json\" class=\"yoast-schema-graph\">{\"@context\":\"https:\/\/schema.org\",\"@graph\":[{\"@type\":\"WebSite\",\"@id\":\"https:\/\/barcelopuntaumbriaevents.com\/es\/#website\",\"url\":\"https:\/\/barcelopuntaumbriaevents.com\/es\/\",\"name\":\"Barcel\\u00f3 Punta Umbr\\u00eda Beach Resort\",\"description\":\"Web oficial del Hotel Barcel\\u00f3 Punta Umbr\\u00eda Beach Resort\",\"potentialAction\":[{\"@type\":\"SearchAction\",\"target\":{\"@type\":\"EntryPoint\",\"urlTemplate\":\"https:\/\/barcelopuntaumbriaevents.com\/es\/?s={search_term_string}\"},\"query-input\":\"required name=search_term_string\"}],\"inLanguage\":\"en-US\"},{\"@type\":\"WebPage\",\"@id\":\"https:\/\/barcelopuntaumbriaevents.com\/promociones-y-ofertas\/promociones\/#webpage\",\"url\":\"https:\/\/barcelopuntaumbriaevents.com\/promociones-y-ofertas\/promociones\/\",\"name\":\"Registration &ndash; Barcel\\u00f3 Punta Umbr\\u00eda Beach Resort\",\"isPartOf\":{\"@id\":\"https:\/\/barcelopuntaumbriaevents.com\/es\/#website\"},\"datePublished\":\"2014-03-11T16:46:08+00:00\",\"dateModified\":\"2016-03-15T13:29:27+00:00\",\"breadcrumb\":{\"@id\":\"https:\/\/barcelopuntaumbriaevents.com\/promociones-y-ofertas\/promociones\/#breadcrumb\"},\"inLanguage\":\"en-US\",\"potentialAction\":[{\"@type\":\"ReadAction\",\"target\":[\"https:\/\/barcelopuntaumbriaevents.com\/promociones-y-ofertas\/promociones\/\"]}]},{\"@type\":\"BreadcrumbList\",\"@id\":\"https:\/\/barcelopuntaumbriaevents.com\/promociones-y-ofertas\/promociones\/#breadcrumb\",\"itemListElement\":[{\"@type\":\"ListItem\",\"position\":1,\"name\":\"Home\",\"item\":\"https:\/\/barcelopuntaumbriaevents.com\/es\/\"},{\"@type\":\"ListItem\",\"position\":2,\"name\":\"Promociones y ofertas\",\"item\":\"https:\/\/barcelopuntaumbriaevents.com\/promociones-y-ofertas\/\"},{\"@type\":\"ListItem\",\"position\":3,\"name\":\"Inscripciones\"}]}]}<\/script>\n<!-- \/ Yoast SEO plugin. -->","yoast_head_json":{"title":"Registration &ndash; Barcel\u00f3 Punta Umbr\u00eda Beach Resort","robots":{"index":"index","follow":"follow","max-snippet":"max-snippet:-1","max-image-preview":"max-image-preview:large","max-video-preview":"max-video-preview:-1"},"canonical":"https:\/\/barcelopuntaumbriaevents.com\/promociones-y-ofertas\/promociones\/","og_locale":"en_US","og_type":"article","og_title":"Registration &ndash; Barcel\u00f3 Punta Umbr\u00eda Beach Resort","og_url":"https:\/\/barcelopuntaumbriaevents.com\/promociones-y-ofertas\/promociones\/","og_site_name":"Barcel\u00f3 Punta Umbr\u00eda Beach Resort","article_modified_time":"2016-03-15T13:29:27+00:00","schema":{"@context":"https:\/\/schema.org","@graph":[{"@type":"WebSite","@id":"https:\/\/barcelopuntaumbriaevents.com\/es\/#website","url":"https:\/\/barcelopuntaumbriaevents.com\/es\/","name":"Barcel\u00f3 Punta Umbr\u00eda Beach Resort","description":"Web oficial del Hotel Barcel\u00f3 Punta Umbr\u00eda Beach Resort","potentialAction":[{"@type":"SearchAction","target":{"@type":"EntryPoint","urlTemplate":"https:\/\/barcelopuntaumbriaevents.com\/es\/?s={search_term_string}"},"query-input":"required name=search_term_string"}],"inLanguage":"en-US"},{"@type":"WebPage","@id":"https:\/\/barcelopuntaumbriaevents.com\/promociones-y-ofertas\/promociones\/#webpage","url":"https:\/\/barcelopuntaumbriaevents.com\/promociones-y-ofertas\/promociones\/","name":"Registration &ndash; Barcel\u00f3 Punta Umbr\u00eda Beach Resort","isPartOf":{"@id":"https:\/\/barcelopuntaumbriaevents.com\/es\/#website"},"datePublished":"2014-03-11T16:46:08+00:00","dateModified":"2016-03-15T13:29:27+00:00","breadcrumb":{"@id":"https:\/\/barcelopuntaumbriaevents.com\/promociones-y-ofertas\/promociones\/#breadcrumb"},"inLanguage":"en-US","potentialAction":[{"@type":"ReadAction","target":["https:\/\/barcelopuntaumbriaevents.com\/promociones-y-ofertas\/promociones\/"]}]},{"@type":"BreadcrumbList","@id":"https:\/\/barcelopuntaumbriaevents.com\/promociones-y-ofertas\/promociones\/#breadcrumb","itemListElement":[{"@type":"ListItem","position":1,"name":"Home","item":"https:\/\/barcelopuntaumbriaevents.com\/es\/"},{"@type":"ListItem","position":2,"name":"Promociones y ofertas","item":"https:\/\/barcelopuntaumbriaevents.com\/promociones-y-ofertas\/"},{"@type":"ListItem","position":3,"name":"Inscripciones"}]}]}},"_links":{"self":[{"href":"https:\/\/barcelopuntaumbriaevents.com\/en\/wp-json\/wp\/v2\/pages\/736"}],"collection":[{"href":"https:\/\/barcelopuntaumbriaevents.com\/en\/wp-json\/wp\/v2\/pages"}],"about":[{"href":"https:\/\/barcelopuntaumbriaevents.com\/en\/wp-json\/wp\/v2\/types\/page"}],"author":[{"embeddable":true,"href":"https:\/\/barcelopuntaumbriaevents.com\/en\/wp-json\/wp\/v2\/users\/7"}],"replies":[{"embeddable":true,"href":"https:\/\/barcelopuntaumbriaevents.com\/en\/wp-json\/wp\/v2\/comments?post=736"}],"version-history":[{"count":0,"href":"https:\/\/barcelopuntaumbriaevents.com\/en\/wp-json\/wp\/v2\/pages\/736\/revisions"}],"up":[{"embeddable":true,"href":"https:\/\/barcelopuntaumbriaevents.com\/en\/wp-json\/wp\/v2\/pages\/37"}],"wp:attachment":[{"href":"https:\/\/barcelopuntaumbriaevents.com\/en\/wp-json\/wp\/v2\/media?parent=736"}],"curies":[{"name":"wp","href":"https:\/\/api.w.org\/{rel}","templated":true}]}}