												{"id":281,"date":"2014-02-26T10:47:42","date_gmt":"2014-02-26T10:47:42","guid":{"rendered":"http:\/\/www.barcelopuntaumbriaevents.com\/?page_id=281"},"modified":"2018-06-15T11:59:28","modified_gmt":"2018-06-15T11:59:28","slug":"el-resort","status":"publish","type":"page","link":"https:\/\/barcelopuntaumbriaevents.com\/en\/el-hotel\/el-resort\/","title":{"rendered":"The Resort"},"content":{"rendered":"<p><\/p>\n<div class=\"entorno-banner\"><img src=\"http:\/\/www.barcelopuntaumbriaevents.com\/wp-content\/themes\/barcelo\/images\/el_proyecto_arquitectonico.png\" alt=\"\" \/><\/div>\n<div class=\"nuecontent\">\n<p>Discover some of the keys to the design by Antonio Alba Carrillo and Carlos Jim\u00e9nez Pose, 2 of the most emblematic 21st-century Spanish architects, designed bearing in mind the following basic concepts:<\/p>\n<ul>\n<li><strong>Functionality: three buildings connected by walkways through the first floor<\/strong>, Beach (500 rooms), Dunas (200 rooms plus Convention Centre) and Enebrales (500 rooms) with interior decoration featuring select images of Colombine spaces. The hotel opened in summer 2007 with the Beach building, followed by the Dunas and Enebrales buildings in the summers of 2008 and 2009, respectively.<\/li>\n<li><strong>Exclusive spaces:<\/strong> each individual building has its own parking entrance and exit, reception, restaurants and private bars, meaning we can offer our customers a wide range of branding and brand image possibilities in a distinctive atmosphere full of privileges.<\/li>\n<li>A <strong>modern Andalusian-Arabian touch<\/strong> on its terracotta-colour patios and fountains.<\/li>\n<li><strong>Straight lines with innovative elegant touches in sand and ochre tones.<\/strong><\/li>\n<li><strong>A certain ascetic and postmodern<\/strong> rigour in the use of basic materials and the absence of non-strictly functional ornaments; spaces inviting creativity in the creation of interior atmospheres as a paradigm of good taste and flexibility.<\/li>\n<\/ul>\n<\/div>\n<div id=\"planos\"><\/div>\n<ul>\nThe <strong>town centre<\/strong> is a 15 minutes\u2019 walk.<br \/>\nIn front of the hotel is the <a href=\"http:\/\/www.puntaalmenara.es\/\">\u201cPunta Almenara\u201d Shopping Mall<\/a> with: a 7-screen cinema, boutiques, restaurants, bars and \u201cLa Suite\u201d discotheque, with a capacity for groups of up to 1,000 people.<\/ul>\n<p><span class=\"descargar\"><a href=\"https:\/\/www.barcelopuntaumbriaevents.com\/wp-content\/uploads\/2014\/02\/NUEVO-TRIPTICO-BPUBR-2017.jpg\">Download leaflet Barcel\u00f3 Punta Umbr\u00eda Beach Resort (pdf)<\/a><\/span><br \/>\n<span class=\"descargar\"><a href=\"https:\/\/www.barcelopuntaumbriaevents.com\/wp-content\/uploads\/2014\/02\/El_Resort.eps\">Download leaflet Barcel\u00f3 Punta Umbr\u00eda Beach Resort (eps)<\/a><\/span><\/p>","protected":false},"excerpt":{"rendered":"<p>Discover some of the keys to the design by Antonio Alba Carrillo and Carlos Jim\u00e9nez Pose, 2 of the most emblematic 21st-century Spanish architects, designed bearing in mind the following basic concepts: Functionality: three buildings connected by walkways through the first floor, Beach (500 rooms), Dunas (200 rooms plus Convention Centre) and Enebrales (500 rooms) [&hellip;]<\/p>\n","protected":false},"author":7,"featured_media":0,"parent":22,"menu_order":0,"comment_status":"closed","ping_status":"open","template":"tpl_el_hotel.php","meta":{"ngg_post_thumbnail":0},"yoast_head":"<!-- This site is optimized with the Yoast SEO plugin v17.4 - https:\/\/yoast.com\/wordpress\/plugins\/seo\/ -->\n<title>The Resort &ndash; Barcel\u00f3 Punta Umbr\u00eda Beach Resort<\/title>\n<meta name=\"robots\" content=\"index, follow, max-snippet:-1, max-image-preview:large, max-video-preview:-1\" \/>\n<link rel=\"canonical\" href=\"https:\/\/barcelopuntaumbriaevents.com\/el-hotel\/el-resort\/\" \/>\n<meta property=\"og:locale\" content=\"en_US\" \/>\n<meta property=\"og:type\" content=\"article\" \/>\n<meta property=\"og:title\" content=\"The Resort &ndash; Barcel\u00f3 Punta Umbr\u00eda Beach Resort\" \/>\n<meta property=\"og:description\" content=\"Discover some of the keys to the design by Antonio Alba Carrillo and Carlos Jim\u00e9nez Pose, 2 of the most emblematic 21st-century Spanish architects, designed bearing in mind the following basic concepts: Functionality: three buildings connected by walkways through the first floor, Beach (500 rooms), Dunas (200 rooms plus Convention Centre) and Enebrales (500 rooms) [&hellip;]\" \/>\n<meta property=\"og:url\" content=\"https:\/\/barcelopuntaumbriaevents.com\/el-hotel\/el-resort\/\" \/>\n<meta property=\"og:site_name\" content=\"Barcel\u00f3 Punta Umbr\u00eda Beach Resort\" \/>\n<meta property=\"article:modified_time\" content=\"2018-06-15T11:59:28+00:00\" \/>\n<meta property=\"og:image\" content=\"http:\/\/www.barcelopuntaumbriaevents.com\/wp-content\/themes\/barcelo\/images\/el_proyecto_arquitectonico.png\" \/>\n<meta name=\"twitter:label1\" content=\"Est. reading time\" \/>\n\t<meta name=\"twitter:data1\" content=\"6 minutes\" \/>\n<script type=\"application\/ld+json\" class=\"yoast-schema-graph\">{\"@context\":\"https:\/\/schema.org\",\"@graph\":[{\"@type\":\"WebSite\",\"@id\":\"https:\/\/barcelopuntaumbriaevents.com\/es\/#website\",\"url\":\"https:\/\/barcelopuntaumbriaevents.com\/es\/\",\"name\":\"Barcel\\u00f3 Punta Umbr\\u00eda Beach Resort\",\"description\":\"Web oficial del Hotel Barcel\\u00f3 Punta Umbr\\u00eda Beach Resort\",\"potentialAction\":[{\"@type\":\"SearchAction\",\"target\":{\"@type\":\"EntryPoint\",\"urlTemplate\":\"https:\/\/barcelopuntaumbriaevents.com\/es\/?s={search_term_string}\"},\"query-input\":\"required name=search_term_string\"}],\"inLanguage\":\"en-US\"},{\"@type\":\"ImageObject\",\"@id\":\"https:\/\/barcelopuntaumbriaevents.com\/el-hotel\/el-resort\/#primaryimage\",\"inLanguage\":\"en-US\",\"url\":\"http:\/\/www.barcelopuntaumbriaevents.com\/wp-content\/themes\/barcelo\/images\/el_proyecto_arquitectonico.png\",\"contentUrl\":\"http:\/\/www.barcelopuntaumbriaevents.com\/wp-content\/themes\/barcelo\/images\/el_proyecto_arquitectonico.png\"},{\"@type\":\"WebPage\",\"@id\":\"https:\/\/barcelopuntaumbriaevents.com\/el-hotel\/el-resort\/#webpage\",\"url\":\"https:\/\/barcelopuntaumbriaevents.com\/el-hotel\/el-resort\/\",\"name\":\"The Resort &ndash; Barcel\\u00f3 Punta Umbr\\u00eda Beach Resort\",\"isPartOf\":{\"@id\":\"https:\/\/barcelopuntaumbriaevents.com\/es\/#website\"},\"primaryImageOfPage\":{\"@id\":\"https:\/\/barcelopuntaumbriaevents.com\/el-hotel\/el-resort\/#primaryimage\"},\"datePublished\":\"2014-02-26T10:47:42+00:00\",\"dateModified\":\"2018-06-15T11:59:28+00:00\",\"breadcrumb\":{\"@id\":\"https:\/\/barcelopuntaumbriaevents.com\/el-hotel\/el-resort\/#breadcrumb\"},\"inLanguage\":\"en-US\",\"potentialAction\":[{\"@type\":\"ReadAction\",\"target\":[\"https:\/\/barcelopuntaumbriaevents.com\/el-hotel\/el-resort\/\"]}]},{\"@type\":\"BreadcrumbList\",\"@id\":\"https:\/\/barcelopuntaumbriaevents.com\/el-hotel\/el-resort\/#breadcrumb\",\"itemListElement\":[{\"@type\":\"ListItem\",\"position\":1,\"name\":\"Home\",\"item\":\"https:\/\/barcelopuntaumbriaevents.com\/es\/\"},{\"@type\":\"ListItem\",\"position\":2,\"name\":\"El Hotel\",\"item\":\"https:\/\/barcelopuntaumbriaevents.com\/es\/el-hotel\/\"},{\"@type\":\"ListItem\",\"position\":3,\"name\":\"El Resort\"}]}]}<\/script>\n<!-- \/ Yoast SEO plugin. -->","yoast_head_json":{"title":"The Resort &ndash; Barcel\u00f3 Punta Umbr\u00eda Beach Resort","robots":{"index":"index","follow":"follow","max-snippet":"max-snippet:-1","max-image-preview":"max-image-preview:large","max-video-preview":"max-video-preview:-1"},"canonical":"https:\/\/barcelopuntaumbriaevents.com\/el-hotel\/el-resort\/","og_locale":"en_US","og_type":"article","og_title":"The Resort &ndash; Barcel\u00f3 Punta Umbr\u00eda Beach Resort","og_description":"Discover some of the keys to the design by Antonio Alba Carrillo and Carlos Jim\u00e9nez Pose, 2 of the most emblematic 21st-century Spanish architects, designed bearing in mind the following basic concepts: Functionality: three buildings connected by walkways through the first floor, Beach (500 rooms), Dunas (200 rooms plus Convention Centre) and Enebrales (500 rooms) [&hellip;]","og_url":"https:\/\/barcelopuntaumbriaevents.com\/el-hotel\/el-resort\/","og_site_name":"Barcel\u00f3 Punta Umbr\u00eda Beach Resort","article_modified_time":"2018-06-15T11:59:28+00:00","og_image":[{"url":"http:\/\/www.barcelopuntaumbriaevents.com\/wp-content\/themes\/barcelo\/images\/el_proyecto_arquitectonico.png"}],"twitter_misc":{"Est. reading time":"6 minutes"},"schema":{"@context":"https:\/\/schema.org","@graph":[{"@type":"WebSite","@id":"https:\/\/barcelopuntaumbriaevents.com\/es\/#website","url":"https:\/\/barcelopuntaumbriaevents.com\/es\/","name":"Barcel\u00f3 Punta Umbr\u00eda Beach Resort","description":"Web oficial del Hotel Barcel\u00f3 Punta Umbr\u00eda Beach Resort","potentialAction":[{"@type":"SearchAction","target":{"@type":"EntryPoint","urlTemplate":"https:\/\/barcelopuntaumbriaevents.com\/es\/?s={search_term_string}"},"query-input":"required name=search_term_string"}],"inLanguage":"en-US"},{"@type":"ImageObject","@id":"https:\/\/barcelopuntaumbriaevents.com\/el-hotel\/el-resort\/#primaryimage","inLanguage":"en-US","url":"http:\/\/www.barcelopuntaumbriaevents.com\/wp-content\/themes\/barcelo\/images\/el_proyecto_arquitectonico.png","contentUrl":"http:\/\/www.barcelopuntaumbriaevents.com\/wp-content\/themes\/barcelo\/images\/el_proyecto_arquitectonico.png"},{"@type":"WebPage","@id":"https:\/\/barcelopuntaumbriaevents.com\/el-hotel\/el-resort\/#webpage","url":"https:\/\/barcelopuntaumbriaevents.com\/el-hotel\/el-resort\/","name":"The Resort &ndash; Barcel\u00f3 Punta Umbr\u00eda Beach Resort","isPartOf":{"@id":"https:\/\/barcelopuntaumbriaevents.com\/es\/#website"},"primaryImageOfPage":{"@id":"https:\/\/barcelopuntaumbriaevents.com\/el-hotel\/el-resort\/#primaryimage"},"datePublished":"2014-02-26T10:47:42+00:00","dateModified":"2018-06-15T11:59:28+00:00","breadcrumb":{"@id":"https:\/\/barcelopuntaumbriaevents.com\/el-hotel\/el-resort\/#breadcrumb"},"inLanguage":"en-US","potentialAction":[{"@type":"ReadAction","target":["https:\/\/barcelopuntaumbriaevents.com\/el-hotel\/el-resort\/"]}]},{"@type":"BreadcrumbList","@id":"https:\/\/barcelopuntaumbriaevents.com\/el-hotel\/el-resort\/#breadcrumb","itemListElement":[{"@type":"ListItem","position":1,"name":"Home","item":"https:\/\/barcelopuntaumbriaevents.com\/es\/"},{"@type":"ListItem","position":2,"name":"El Hotel","item":"https:\/\/barcelopuntaumbriaevents.com\/es\/el-hotel\/"},{"@type":"ListItem","position":3,"name":"El Resort"}]}]}},"_links":{"self":[{"href":"https:\/\/barcelopuntaumbriaevents.com\/en\/wp-json\/wp\/v2\/pages\/281"}],"collection":[{"href":"https:\/\/barcelopuntaumbriaevents.com\/en\/wp-json\/wp\/v2\/pages"}],"about":[{"href":"https:\/\/barcelopuntaumbriaevents.com\/en\/wp-json\/wp\/v2\/types\/page"}],"author":[{"embeddable":true,"href":"https:\/\/barcelopuntaumbriaevents.com\/en\/wp-json\/wp\/v2\/users\/7"}],"replies":[{"embeddable":true,"href":"https:\/\/barcelopuntaumbriaevents.com\/en\/wp-json\/wp\/v2\/comments?post=281"}],"version-history":[{"count":9,"href":"https:\/\/barcelopuntaumbriaevents.com\/en\/wp-json\/wp\/v2\/pages\/281\/revisions"}],"predecessor-version":[{"id":5796,"href":"https:\/\/barcelopuntaumbriaevents.com\/en\/wp-json\/wp\/v2\/pages\/281\/revisions\/5796"}],"up":[{"embeddable":true,"href":"https:\/\/barcelopuntaumbriaevents.com\/en\/wp-json\/wp\/v2\/pages\/22"}],"wp:attachment":[{"href":"https:\/\/barcelopuntaumbriaevents.com\/en\/wp-json\/wp\/v2\/media?parent=281"}],"curies":[{"name":"wp","href":"https:\/\/api.w.org\/{rel}","templated":true}]}}