												{"id":2405,"date":"2015-01-20T13:42:17","date_gmt":"2015-01-20T13:42:17","guid":{"rendered":"http:\/\/www.barcelopuntaumbriaevents.com\/?page_id=2405"},"modified":"2020-01-03T11:53:17","modified_gmt":"2020-01-03T11:53:17","slug":"congresos-y-reuniones","status":"publish","type":"page","link":"https:\/\/barcelopuntaumbriaevents.com\/en\/congresos-y-reuniones\/","title":{"rendered":"Congresses and Meetings"},"content":{"rendered":"<p><\/p>\n<div class=\"blk_c row\">\n<div class=\"promociones-box\">\n<div class=\"main-title\">Hotel for meetings<\/div>\n<div class=\"promociones-box-thumb\"><img src=\"http:\/\/barcelopuntaumbriaevents.com\/wp-content\/uploads\/2019\/11\/021_BPUB_2019.jpg\" alt=\"\" \/><\/div>\n<div class=\"promociones-box-description1\">Discover some of the keys of the hotel design, y and choose the ideal setting for your event from the wide range of available spaces.<\/div>\n<div class=\"read-more\"><a href=\"http:\/\/www.barcelopuntaumbriaevents.com\/congresos-y-reuniones\/hotel-reuniones-y-seminarios\/\">Enter<\/a><\/div>\n<\/div>\n<div class=\"promociones-box\">\n<div class=\"main-title\">Stays for Incentives<\/div>\n<div class=\"promociones-box-thumb\"><img src=\"http:\/\/barcelopuntaumbriaevents.com\/wp-content\/uploads\/2020\/01\/Flash-mob-hotel-1.png\" alt=\"\" \/><\/div>\n<div class=\"promociones-box-description1\">Find the perfect space that will adapt to your needs to enjoy the best gastronomy.<\/div>\n<div class=\"read-more\"><a href=\"http:\/\/www.barcelopuntaumbriaevents.com\/congresos-y-reuniones\/hotel-estancias-para-incentivos\/\">Enter<\/a><\/div>\n<\/div>\n<div class=\"promociones-box\">\n<div class=\"main-title\">Hotel for Congresses<\/div>\n<div class=\"promociones-box-thumb\"><img src=\"http:\/\/barcelopuntaumbriaevents.com\/wp-content\/uploads\/2019\/11\/011_BPUB_2019-telon-negro.jpg\" alt=\"\" \/><\/div>\n<div class=\"promociones-box-description1\">Discover the largest Convention Centre in Europe and the 16 function rooms offering multiple set up possibilities.<\/div>\n<div class=\"read-more\"><a href=\"http:\/\/www.barcelopuntaumbriaevents.com\/congresos-y-reuniones\/hotel-congresos-y-convenciones\/\">Enter<\/a><\/div>\n<\/div>\n<\/div>\n<div class=\"blk_c row\">\n<div class=\"promociones-box\">\n<div class=\"main-title\">Organisation of events<\/div>\n<div class=\"promociones-box-thumb\"><img src=\"http:\/\/barcelopuntaumbriaevents.com\/wp-content\/uploads\/2020\/01\/DSCN1767.jpg\" alt=\"\" \/><\/div>\n<div class=\"promociones-box-description1\">Hold your corporate event with us. We will organise it in the most versatile way, guaranteeing your success.<\/div>\n<div class=\"read-more\"><a href=\"http:\/\/www.barcelopuntaumbriaevents.com\/congresos-y-reuniones\/hotel-organizacion-eventos\">Enter<\/a><\/div>\n<\/div>\n<div class=\"promociones-box\">\n<div class=\"main-title\">M.I.C.E. Portfolio<\/div>\n<div class=\"promociones-box-thumb\"><img src=\"http:\/\/www.barcelopuntaumbriaevents.com\/wp-content\/themes\/barcelo\/images\/secciones\/inicio_ksp.jpg\" alt=\"\" \/><\/div>\n<div class=\"promociones-box-description1\">A wide variety of satisfied customers guarantee our long experience in organizing all kinds of events.<\/div>\n<div class=\"read-more\"><a href=\"http:\/\/www.barcelopuntaumbriaevents.com\/congresos-y-reuniones\/portfolio-mice\/\">Enter<\/a><\/div>\n<\/div>\n<\/div>\n<p><\/p>","protected":false},"excerpt":{"rendered":"<p>Hotel for meetings Discover some of the keys of the hotel design, y and choose the ideal setting for your event from the wide range of available spaces. Enter Stays for Incentives Find the perfect space that will adapt to your needs to enjoy the best gastronomy. Enter Hotel for Congresses Discover the largest Convention [&hellip;]<\/p>\n","protected":false},"author":7,"featured_media":0,"parent":0,"menu_order":0,"comment_status":"open","ping_status":"closed","template":"tpl_menus.php","meta":{"ngg_post_thumbnail":0},"yoast_head":"<!-- This site is optimized with the Yoast SEO plugin v17.4 - https:\/\/yoast.com\/wordpress\/plugins\/seo\/ -->\n<title>Congresses and Meetings &ndash; Barcel\u00f3 Punta Umbr\u00eda Beach Resort<\/title>\n<meta name=\"robots\" content=\"index, follow, max-snippet:-1, max-image-preview:large, max-video-preview:-1\" \/>\n<link rel=\"canonical\" href=\"https:\/\/barcelopuntaumbriaevents.com\/congresos-y-reuniones\/\" \/>\n<meta property=\"og:locale\" content=\"en_US\" \/>\n<meta property=\"og:type\" content=\"article\" \/>\n<meta property=\"og:title\" content=\"Congresses and Meetings &ndash; Barcel\u00f3 Punta Umbr\u00eda Beach Resort\" \/>\n<meta property=\"og:description\" content=\"Hotel for meetings Discover some of the keys of the hotel design, y and choose the ideal setting for your event from the wide range of available spaces. Enter Stays for Incentives Find the perfect space that will adapt to your needs to enjoy the best gastronomy. Enter Hotel for Congresses Discover the largest Convention [&hellip;]\" \/>\n<meta property=\"og:url\" content=\"https:\/\/barcelopuntaumbriaevents.com\/congresos-y-reuniones\/\" \/>\n<meta property=\"og:site_name\" content=\"Barcel\u00f3 Punta Umbr\u00eda Beach Resort\" \/>\n<meta property=\"article:modified_time\" content=\"2020-01-03T11:53:17+00:00\" \/>\n<meta property=\"og:image\" content=\"http:\/\/barcelopuntaumbriaevents.com\/wp-content\/uploads\/2019\/11\/021_BPUB_2019.jpg\" \/>\n<meta name=\"twitter:label1\" content=\"Est. reading time\" \/>\n\t<meta name=\"twitter:data1\" content=\"3 minutes\" \/>\n<script type=\"application\/ld+json\" class=\"yoast-schema-graph\">{\"@context\":\"https:\/\/schema.org\",\"@graph\":[{\"@type\":\"WebSite\",\"@id\":\"https:\/\/barcelopuntaumbriaevents.com\/es\/#website\",\"url\":\"https:\/\/barcelopuntaumbriaevents.com\/es\/\",\"name\":\"Barcel\\u00f3 Punta Umbr\\u00eda Beach Resort\",\"description\":\"Web oficial del Hotel Barcel\\u00f3 Punta Umbr\\u00eda Beach Resort\",\"potentialAction\":[{\"@type\":\"SearchAction\",\"target\":{\"@type\":\"EntryPoint\",\"urlTemplate\":\"https:\/\/barcelopuntaumbriaevents.com\/es\/?s={search_term_string}\"},\"query-input\":\"required name=search_term_string\"}],\"inLanguage\":\"en-US\"},{\"@type\":\"ImageObject\",\"@id\":\"https:\/\/barcelopuntaumbriaevents.com\/congresos-y-reuniones\/#primaryimage\",\"inLanguage\":\"en-US\",\"url\":\"http:\/\/barcelopuntaumbriaevents.com\/wp-content\/uploads\/2019\/11\/021_BPUB_2019.jpg\",\"contentUrl\":\"http:\/\/barcelopuntaumbriaevents.com\/wp-content\/uploads\/2019\/11\/021_BPUB_2019.jpg\"},{\"@type\":\"WebPage\",\"@id\":\"https:\/\/barcelopuntaumbriaevents.com\/congresos-y-reuniones\/#webpage\",\"url\":\"https:\/\/barcelopuntaumbriaevents.com\/congresos-y-reuniones\/\",\"name\":\"Congresses and Meetings &ndash; Barcel\\u00f3 Punta Umbr\\u00eda Beach Resort\",\"isPartOf\":{\"@id\":\"https:\/\/barcelopuntaumbriaevents.com\/es\/#website\"},\"primaryImageOfPage\":{\"@id\":\"https:\/\/barcelopuntaumbriaevents.com\/congresos-y-reuniones\/#primaryimage\"},\"datePublished\":\"2015-01-20T13:42:17+00:00\",\"dateModified\":\"2020-01-03T11:53:17+00:00\",\"breadcrumb\":{\"@id\":\"https:\/\/barcelopuntaumbriaevents.com\/congresos-y-reuniones\/#breadcrumb\"},\"inLanguage\":\"en-US\",\"potentialAction\":[{\"@type\":\"ReadAction\",\"target\":[\"https:\/\/barcelopuntaumbriaevents.com\/congresos-y-reuniones\/\"]}]},{\"@type\":\"BreadcrumbList\",\"@id\":\"https:\/\/barcelopuntaumbriaevents.com\/congresos-y-reuniones\/#breadcrumb\",\"itemListElement\":[{\"@type\":\"ListItem\",\"position\":1,\"name\":\"Home\",\"item\":\"https:\/\/barcelopuntaumbriaevents.com\/es\/\"},{\"@type\":\"ListItem\",\"position\":2,\"name\":\"Congresos y Reuniones\"}]}]}<\/script>\n<!-- \/ Yoast SEO plugin. -->","yoast_head_json":{"title":"Congresses and Meetings &ndash; Barcel\u00f3 Punta Umbr\u00eda Beach Resort","robots":{"index":"index","follow":"follow","max-snippet":"max-snippet:-1","max-image-preview":"max-image-preview:large","max-video-preview":"max-video-preview:-1"},"canonical":"https:\/\/barcelopuntaumbriaevents.com\/congresos-y-reuniones\/","og_locale":"en_US","og_type":"article","og_title":"Congresses and Meetings &ndash; Barcel\u00f3 Punta Umbr\u00eda Beach Resort","og_description":"Hotel for meetings Discover some of the keys of the hotel design, y and choose the ideal setting for your event from the wide range of available spaces. Enter Stays for Incentives Find the perfect space that will adapt to your needs to enjoy the best gastronomy. Enter Hotel for Congresses Discover the largest Convention [&hellip;]","og_url":"https:\/\/barcelopuntaumbriaevents.com\/congresos-y-reuniones\/","og_site_name":"Barcel\u00f3 Punta Umbr\u00eda Beach Resort","article_modified_time":"2020-01-03T11:53:17+00:00","og_image":[{"url":"http:\/\/barcelopuntaumbriaevents.com\/wp-content\/uploads\/2019\/11\/021_BPUB_2019.jpg"}],"twitter_misc":{"Est. reading time":"3 minutes"},"schema":{"@context":"https:\/\/schema.org","@graph":[{"@type":"WebSite","@id":"https:\/\/barcelopuntaumbriaevents.com\/es\/#website","url":"https:\/\/barcelopuntaumbriaevents.com\/es\/","name":"Barcel\u00f3 Punta Umbr\u00eda Beach Resort","description":"Web oficial del Hotel Barcel\u00f3 Punta Umbr\u00eda Beach Resort","potentialAction":[{"@type":"SearchAction","target":{"@type":"EntryPoint","urlTemplate":"https:\/\/barcelopuntaumbriaevents.com\/es\/?s={search_term_string}"},"query-input":"required name=search_term_string"}],"inLanguage":"en-US"},{"@type":"ImageObject","@id":"https:\/\/barcelopuntaumbriaevents.com\/congresos-y-reuniones\/#primaryimage","inLanguage":"en-US","url":"http:\/\/barcelopuntaumbriaevents.com\/wp-content\/uploads\/2019\/11\/021_BPUB_2019.jpg","contentUrl":"http:\/\/barcelopuntaumbriaevents.com\/wp-content\/uploads\/2019\/11\/021_BPUB_2019.jpg"},{"@type":"WebPage","@id":"https:\/\/barcelopuntaumbriaevents.com\/congresos-y-reuniones\/#webpage","url":"https:\/\/barcelopuntaumbriaevents.com\/congresos-y-reuniones\/","name":"Congresses and Meetings &ndash; Barcel\u00f3 Punta Umbr\u00eda Beach Resort","isPartOf":{"@id":"https:\/\/barcelopuntaumbriaevents.com\/es\/#website"},"primaryImageOfPage":{"@id":"https:\/\/barcelopuntaumbriaevents.com\/congresos-y-reuniones\/#primaryimage"},"datePublished":"2015-01-20T13:42:17+00:00","dateModified":"2020-01-03T11:53:17+00:00","breadcrumb":{"@id":"https:\/\/barcelopuntaumbriaevents.com\/congresos-y-reuniones\/#breadcrumb"},"inLanguage":"en-US","potentialAction":[{"@type":"ReadAction","target":["https:\/\/barcelopuntaumbriaevents.com\/congresos-y-reuniones\/"]}]},{"@type":"BreadcrumbList","@id":"https:\/\/barcelopuntaumbriaevents.com\/congresos-y-reuniones\/#breadcrumb","itemListElement":[{"@type":"ListItem","position":1,"name":"Home","item":"https:\/\/barcelopuntaumbriaevents.com\/es\/"},{"@type":"ListItem","position":2,"name":"Congresos y Reuniones"}]}]}},"_links":{"self":[{"href":"https:\/\/barcelopuntaumbriaevents.com\/en\/wp-json\/wp\/v2\/pages\/2405"}],"collection":[{"href":"https:\/\/barcelopuntaumbriaevents.com\/en\/wp-json\/wp\/v2\/pages"}],"about":[{"href":"https:\/\/barcelopuntaumbriaevents.com\/en\/wp-json\/wp\/v2\/types\/page"}],"author":[{"embeddable":true,"href":"https:\/\/barcelopuntaumbriaevents.com\/en\/wp-json\/wp\/v2\/users\/7"}],"replies":[{"embeddable":true,"href":"https:\/\/barcelopuntaumbriaevents.com\/en\/wp-json\/wp\/v2\/comments?post=2405"}],"version-history":[{"count":22,"href":"https:\/\/barcelopuntaumbriaevents.com\/en\/wp-json\/wp\/v2\/pages\/2405\/revisions"}],"predecessor-version":[{"id":6299,"href":"https:\/\/barcelopuntaumbriaevents.com\/en\/wp-json\/wp\/v2\/pages\/2405\/revisions\/6299"}],"wp:attachment":[{"href":"https:\/\/barcelopuntaumbriaevents.com\/en\/wp-json\/wp\/v2\/media?parent=2405"}],"curies":[{"name":"wp","href":"https:\/\/api.w.org\/{rel}","templated":true}]}}