												{"id":35,"date":"2014-02-07T04:58:58","date_gmt":"2014-02-07T04:58:58","guid":{"rendered":"http:\/\/www.barcelopuntaumbriaevents.com\/?page_id=35"},"modified":"2019-12-27T13:40:02","modified_gmt":"2019-12-27T13:40:02","slug":"espacios-singulares","status":"publish","type":"page","link":"https:\/\/barcelopuntaumbriaevents.com\/de\/el-hotel\/espacios-singulares\/","title":{"rendered":"EINZIGARTIGE ORTE"},"content":{"rendered":"<p><\/p>\n<div class=\"blk_c row\">\n<div class=\"promociones-box\">\n<div class=\"main-title\"> Barcel\u00f3 Auditorium<\/div>\n<div class=\"promociones-box-thumb\"> <img alt=\"\" src=\"https:\/\/www.barcelopuntaumbriaevents.com\/wp-content\/uploads\/2014\/02\/Auditorium1.jpg\"><\/div>\n<div class=\"promociones-box-description1\">Im Herzen unseres Kongresszentrums befindet sich das beeindruckende Barcel\u00f3 Auditorium, ein multifunktionaler Tagungssaal mit elegantem, modernem Touch.<\/div>\n<div class=\"read-more\"><a href=\"http:\/\/www.barcelopuntaumbriaevents.com\/el-hotel\/espacios-singulares\/barcelo-auditorium\/\">Enter<\/a><\/div>\n<\/p><\/div>\n<div class=\"promociones-box\">\n<div class=\"main-title\">Terrassen<\/div>\n<div class=\"promociones-box-thumb\"><img alt=\"\" src=\"http:\/\/www.barcelopuntaumbriaevents.com\/wp-content\/themes\/barcelo\/images\/secciones\/espacios_terrazas.png\"><\/div>\n<div class=\"promociones-box-description1\">10.000 m2 Au\u00dfenterrassen, die Barcel\u00f3 Punta Umbr\u00eda Beach Resort f\u00fcr Sie bereith\u00e4lt.<\/div>\n<div class=\"read-more\"><a href=\"http:\/\/www.barcelopuntaumbriaevents.com\/el-hotel\/espacios-singulares\/terrazas\/\">Enter<\/a><\/div>\n<\/div>\n<div class=\"promociones-box\">\n<div class=\"main-title\">POOLBEREICHE IM FREIEN<\/div>\n<div class=\"promociones-box-thumb\"><img alt=\"\" src=\"https:\/\/www.barcelopuntaumbriaevents.com\/wp-content\/uploads\/2014\/02\/Barcelo_piscina.jpg\"><\/div>\n<div class=\"promociones-box-description1\">\u00dcber 6000 m2 Au\u00dfenterrassen mit Parkanlagen, die unsere sehenswerten Pools mit tausend Metern Wasserfl\u00e4che umgeben, sind der passende Ort f\u00fcr spektakul\u00e4re Events und angenehme Abende im Freien.<\/div>\n<div class=\"read-more\"><a href=\"http:\/\/www.barcelopuntaumbriaevents.com\/el-hotel\/espacios-singulares\/patios-piscinas\/\">Enter<\/a><\/div>\n<\/div>\n<div class=\"promociones-box\">\n<div class=\"main-title\">SKYWAYS<\/div>\n<div class=\"promociones-box-thumb\"><img alt=\"\" src=\"https:\/\/www.barcelopuntaumbriaevents.com\/wp-content\/uploads\/2014\/02\/FOTO-PASARELA-1024x683.jpg\"><\/div>\n<div class=\"promociones-box-description1\">Ideal f\u00fcr Kaffeepausen oder einen Unternehmens-Cocktail. Genie\u00dfen Sie die Helligkeit eines einzigartigen Ortes mit unendlichen Fensterfl\u00e4chen, durch die der Blick auf die Naturlandschaft Los Enebrales f\u00e4llt.<\/div>\n<div class=\"read-more\"><a href=\"http:\/\/www.barcelopuntaumbriaevents.com\/el-hotel\/espacios-singulares\/pasarelas\/\">Enter<\/a><\/div>\n<\/div>\n<\/div>\n<p><!-- end blk_c-->  <\/p>","protected":false},"excerpt":{"rendered":"<p>Barcel\u00f3 Auditorium Im Herzen unseres Kongresszentrums befindet sich das beeindruckende Barcel\u00f3 Auditorium, ein multifunktionaler Tagungssaal mit elegantem, modernem Touch. Enter Terrassen 10.000 m2 Au\u00dfenterrassen, die Barcel\u00f3 Punta Umbr\u00eda Beach Resort f\u00fcr Sie bereith\u00e4lt. Enter POOLBEREICHE IM FREIEN \u00dcber 6000 m2 Au\u00dfenterrassen mit Parkanlagen, die unsere sehenswerten Pools mit tausend Metern Wasserfl\u00e4che umgeben, sind der passende [&hellip;]<\/p>\n","protected":false},"author":7,"featured_media":0,"parent":22,"menu_order":0,"comment_status":"closed","ping_status":"open","template":"tpl_menus.php","meta":{"ngg_post_thumbnail":0},"yoast_head":"<!-- This site is optimized with the Yoast SEO plugin v17.4 - https:\/\/yoast.com\/wordpress\/plugins\/seo\/ -->\n<title>EINZIGARTIGE ORTE &ndash; Barcel\u00f3 Punta Umbr\u00eda Beach Resort<\/title>\n<meta name=\"robots\" content=\"index, follow, max-snippet:-1, max-image-preview:large, max-video-preview:-1\" \/>\n<link rel=\"canonical\" href=\"https:\/\/barcelopuntaumbriaevents.com\/es\/el-hotel\/espacios-singulares\/\" \/>\n<meta property=\"og:locale\" content=\"de_DE\" \/>\n<meta property=\"og:type\" content=\"article\" \/>\n<meta property=\"og:title\" content=\"EINZIGARTIGE ORTE &ndash; Barcel\u00f3 Punta Umbr\u00eda Beach Resort\" \/>\n<meta property=\"og:description\" content=\"Barcel\u00f3 Auditorium Im Herzen unseres Kongresszentrums befindet sich das beeindruckende Barcel\u00f3 Auditorium, ein multifunktionaler Tagungssaal mit elegantem, modernem Touch. Enter Terrassen 10.000 m2 Au\u00dfenterrassen, die Barcel\u00f3 Punta Umbr\u00eda Beach Resort f\u00fcr Sie bereith\u00e4lt. Enter POOLBEREICHE IM FREIEN \u00dcber 6000 m2 Au\u00dfenterrassen mit Parkanlagen, die unsere sehenswerten Pools mit tausend Metern Wasserfl\u00e4che umgeben, sind der passende [&hellip;]\" \/>\n<meta property=\"og:url\" content=\"https:\/\/barcelopuntaumbriaevents.com\/es\/el-hotel\/espacios-singulares\/\" \/>\n<meta property=\"og:site_name\" content=\"Barcel\u00f3 Punta Umbr\u00eda Beach Resort\" \/>\n<meta property=\"article:modified_time\" content=\"2019-12-27T13:40:02+00:00\" \/>\n<meta property=\"og:image\" content=\"http:\/\/www.barcelopuntaumbriaevents.com\/wp-content\/uploads\/2014\/02\/Auditorium1.jpg\" \/>\n<meta name=\"twitter:label1\" content=\"Gesch\u00e4tzte Lesezeit\" \/>\n\t<meta name=\"twitter:data1\" content=\"2 Minuten\" \/>\n<script type=\"application\/ld+json\" class=\"yoast-schema-graph\">{\"@context\":\"https:\/\/schema.org\",\"@graph\":[{\"@type\":\"WebSite\",\"@id\":\"https:\/\/barcelopuntaumbriaevents.com\/es\/#website\",\"url\":\"https:\/\/barcelopuntaumbriaevents.com\/es\/\",\"name\":\"Barcel\\u00f3 Punta Umbr\\u00eda Beach Resort\",\"description\":\"Web oficial del Hotel Barcel\\u00f3 Punta Umbr\\u00eda Beach Resort\",\"potentialAction\":[{\"@type\":\"SearchAction\",\"target\":{\"@type\":\"EntryPoint\",\"urlTemplate\":\"https:\/\/barcelopuntaumbriaevents.com\/es\/?s={search_term_string}\"},\"query-input\":\"required name=search_term_string\"}],\"inLanguage\":\"de-DE\"},{\"@type\":\"ImageObject\",\"@id\":\"https:\/\/barcelopuntaumbriaevents.com\/es\/el-hotel\/espacios-singulares\/#primaryimage\",\"inLanguage\":\"de-DE\",\"url\":\"https:\/\/www.barcelopuntaumbriaevents.com\/wp-content\/uploads\/2014\/02\/Auditorium1.jpg\",\"contentUrl\":\"https:\/\/www.barcelopuntaumbriaevents.com\/wp-content\/uploads\/2014\/02\/Auditorium1.jpg\"},{\"@type\":\"WebPage\",\"@id\":\"https:\/\/barcelopuntaumbriaevents.com\/es\/el-hotel\/espacios-singulares\/#webpage\",\"url\":\"https:\/\/barcelopuntaumbriaevents.com\/es\/el-hotel\/espacios-singulares\/\",\"name\":\"EINZIGARTIGE ORTE &ndash; Barcel\\u00f3 Punta Umbr\\u00eda Beach Resort\",\"isPartOf\":{\"@id\":\"https:\/\/barcelopuntaumbriaevents.com\/es\/#website\"},\"primaryImageOfPage\":{\"@id\":\"https:\/\/barcelopuntaumbriaevents.com\/es\/el-hotel\/espacios-singulares\/#primaryimage\"},\"datePublished\":\"2014-02-07T04:58:58+00:00\",\"dateModified\":\"2019-12-27T13:40:02+00:00\",\"breadcrumb\":{\"@id\":\"https:\/\/barcelopuntaumbriaevents.com\/es\/el-hotel\/espacios-singulares\/#breadcrumb\"},\"inLanguage\":\"de-DE\",\"potentialAction\":[{\"@type\":\"ReadAction\",\"target\":[\"https:\/\/barcelopuntaumbriaevents.com\/es\/el-hotel\/espacios-singulares\/\"]}]},{\"@type\":\"BreadcrumbList\",\"@id\":\"https:\/\/barcelopuntaumbriaevents.com\/es\/el-hotel\/espacios-singulares\/#breadcrumb\",\"itemListElement\":[{\"@type\":\"ListItem\",\"position\":1,\"name\":\"Home\",\"item\":\"https:\/\/barcelopuntaumbriaevents.com\/es\/\"},{\"@type\":\"ListItem\",\"position\":2,\"name\":\"El Hotel\",\"item\":\"https:\/\/barcelopuntaumbriaevents.com\/es\/el-hotel\/\"},{\"@type\":\"ListItem\",\"position\":3,\"name\":\"Espacios singulares\"}]}]}<\/script>\n<!-- \/ Yoast SEO plugin. -->","yoast_head_json":{"title":"EINZIGARTIGE ORTE &ndash; Barcel\u00f3 Punta Umbr\u00eda Beach Resort","robots":{"index":"index","follow":"follow","max-snippet":"max-snippet:-1","max-image-preview":"max-image-preview:large","max-video-preview":"max-video-preview:-1"},"canonical":"https:\/\/barcelopuntaumbriaevents.com\/es\/el-hotel\/espacios-singulares\/","og_locale":"de_DE","og_type":"article","og_title":"EINZIGARTIGE ORTE &ndash; Barcel\u00f3 Punta Umbr\u00eda Beach Resort","og_description":"Barcel\u00f3 Auditorium Im Herzen unseres Kongresszentrums befindet sich das beeindruckende Barcel\u00f3 Auditorium, ein multifunktionaler Tagungssaal mit elegantem, modernem Touch. Enter Terrassen 10.000 m2 Au\u00dfenterrassen, die Barcel\u00f3 Punta Umbr\u00eda Beach Resort f\u00fcr Sie bereith\u00e4lt. Enter POOLBEREICHE IM FREIEN \u00dcber 6000 m2 Au\u00dfenterrassen mit Parkanlagen, die unsere sehenswerten Pools mit tausend Metern Wasserfl\u00e4che umgeben, sind der passende [&hellip;]","og_url":"https:\/\/barcelopuntaumbriaevents.com\/es\/el-hotel\/espacios-singulares\/","og_site_name":"Barcel\u00f3 Punta Umbr\u00eda Beach Resort","article_modified_time":"2019-12-27T13:40:02+00:00","og_image":[{"url":"http:\/\/www.barcelopuntaumbriaevents.com\/wp-content\/uploads\/2014\/02\/Auditorium1.jpg"}],"twitter_misc":{"Gesch\u00e4tzte Lesezeit":"2 Minuten"},"schema":{"@context":"https:\/\/schema.org","@graph":[{"@type":"WebSite","@id":"https:\/\/barcelopuntaumbriaevents.com\/es\/#website","url":"https:\/\/barcelopuntaumbriaevents.com\/es\/","name":"Barcel\u00f3 Punta Umbr\u00eda Beach Resort","description":"Web oficial del Hotel Barcel\u00f3 Punta Umbr\u00eda Beach Resort","potentialAction":[{"@type":"SearchAction","target":{"@type":"EntryPoint","urlTemplate":"https:\/\/barcelopuntaumbriaevents.com\/es\/?s={search_term_string}"},"query-input":"required name=search_term_string"}],"inLanguage":"de-DE"},{"@type":"ImageObject","@id":"https:\/\/barcelopuntaumbriaevents.com\/es\/el-hotel\/espacios-singulares\/#primaryimage","inLanguage":"de-DE","url":"https:\/\/www.barcelopuntaumbriaevents.com\/wp-content\/uploads\/2014\/02\/Auditorium1.jpg","contentUrl":"https:\/\/www.barcelopuntaumbriaevents.com\/wp-content\/uploads\/2014\/02\/Auditorium1.jpg"},{"@type":"WebPage","@id":"https:\/\/barcelopuntaumbriaevents.com\/es\/el-hotel\/espacios-singulares\/#webpage","url":"https:\/\/barcelopuntaumbriaevents.com\/es\/el-hotel\/espacios-singulares\/","name":"EINZIGARTIGE ORTE &ndash; Barcel\u00f3 Punta Umbr\u00eda Beach Resort","isPartOf":{"@id":"https:\/\/barcelopuntaumbriaevents.com\/es\/#website"},"primaryImageOfPage":{"@id":"https:\/\/barcelopuntaumbriaevents.com\/es\/el-hotel\/espacios-singulares\/#primaryimage"},"datePublished":"2014-02-07T04:58:58+00:00","dateModified":"2019-12-27T13:40:02+00:00","breadcrumb":{"@id":"https:\/\/barcelopuntaumbriaevents.com\/es\/el-hotel\/espacios-singulares\/#breadcrumb"},"inLanguage":"de-DE","potentialAction":[{"@type":"ReadAction","target":["https:\/\/barcelopuntaumbriaevents.com\/es\/el-hotel\/espacios-singulares\/"]}]},{"@type":"BreadcrumbList","@id":"https:\/\/barcelopuntaumbriaevents.com\/es\/el-hotel\/espacios-singulares\/#breadcrumb","itemListElement":[{"@type":"ListItem","position":1,"name":"Home","item":"https:\/\/barcelopuntaumbriaevents.com\/es\/"},{"@type":"ListItem","position":2,"name":"El Hotel","item":"https:\/\/barcelopuntaumbriaevents.com\/es\/el-hotel\/"},{"@type":"ListItem","position":3,"name":"Espacios singulares"}]}]}},"_links":{"self":[{"href":"https:\/\/barcelopuntaumbriaevents.com\/de\/wp-json\/wp\/v2\/pages\/35"}],"collection":[{"href":"https:\/\/barcelopuntaumbriaevents.com\/de\/wp-json\/wp\/v2\/pages"}],"about":[{"href":"https:\/\/barcelopuntaumbriaevents.com\/de\/wp-json\/wp\/v2\/types\/page"}],"author":[{"embeddable":true,"href":"https:\/\/barcelopuntaumbriaevents.com\/de\/wp-json\/wp\/v2\/users\/7"}],"replies":[{"embeddable":true,"href":"https:\/\/barcelopuntaumbriaevents.com\/de\/wp-json\/wp\/v2\/comments?post=35"}],"version-history":[{"count":1,"href":"https:\/\/barcelopuntaumbriaevents.com\/de\/wp-json\/wp\/v2\/pages\/35\/revisions"}],"predecessor-version":[{"id":6251,"href":"https:\/\/barcelopuntaumbriaevents.com\/de\/wp-json\/wp\/v2\/pages\/35\/revisions\/6251"}],"up":[{"embeddable":true,"href":"https:\/\/barcelopuntaumbriaevents.com\/de\/wp-json\/wp\/v2\/pages\/22"}],"wp:attachment":[{"href":"https:\/\/barcelopuntaumbriaevents.com\/de\/wp-json\/wp\/v2\/media?parent=35"}],"curies":[{"name":"wp","href":"https:\/\/api.w.org\/{rel}","templated":true}]}}