												{"id":281,"date":"2014-02-26T10:47:42","date_gmt":"2014-02-26T10:47:42","guid":{"rendered":"http:\/\/www.barcelopuntaumbriaevents.com\/?page_id=281"},"modified":"2018-06-15T11:59:28","modified_gmt":"2018-06-15T11:59:28","slug":"el-resort","status":"publish","type":"page","link":"https:\/\/barcelopuntaumbriaevents.com\/de\/el-hotel\/el-resort\/","title":{"rendered":"Das Resort"},"content":{"rendered":"<p><\/p>\n<div class=\"entorno-banner\"><img src=\"http:\/\/www.barcelopuntaumbriaevents.com\/wp-content\/themes\/barcelo\/images\/el_proyecto_arquitectonico.png\" alt=\"\" \/><\/div>\n<div class=\"nuecontent\">\n<p>Entdecken Sie einige der Schl\u00fcsselfaktoren des Designs des von Antonio Alba Carrillo und Carlos Jim\u00e9nez Pose, 2 der emblematischsten Architekten des 21. Jahrhunderts, entworfenen Bauwerks. Bei ihrem Entwurf st\u00fctzten Sie sich auf folgende Grundkonzepte:<\/p>\n<ul>\n<li><strong>Funktionalit\u00e4t: Drei durch Skyways auf der H\u00f6he der ersten Etage verbundene Geb\u00e4ude<\/strong>, Beach (500 Zimmer), Dunas (200 Zimmer und Kongresszentrum) sowie Enebrales (500 Zimmer), deren Inneres dezent mit ausgew\u00e4hlten Bildern der Kolumbus-Route in Huelva dekoriert ist. Das Hotel wurde im Sommer 2007 mit dem Geb\u00e4ude Beach er\u00f6ffnet, darauf folgten in den Sommern 2008 und 2009 die Geb\u00e4ude Dunas bzw. Enebrales.<\/li>\n<li><strong>Exklusive R\u00e4umlichkeiten: <\/strong> Jedes Geb\u00e4ude verf\u00fcgt \u00fcber seine eigene Ein- und Ausfahrt der Tiefgarage, eigene Rezeption, Restaurants und Privatbars. Dies erm\u00f6glicht es uns, unseren G\u00e4sten eine breite Palette an M\u00f6glichkeiten f\u00fcr Branding und Markenpflege in einem einzigartigen Rahmen voller Privilegien zu bieten.<\/li>\n<li>Ein <strong>moderner arabisch-andalusischer Hauch <\/strong> spiegelt sich in seinen Brunnen und den in Terrakotta-Farbt\u00f6nen gehaltenen Innenh\u00f6fen wider.<\/li>\n<li><strong>Gerade Linien mit einem innovativem, elegantem Touch in den Farbt\u00f6nen Ocker und Sand.<\/strong><\/li>\n<li><strong>Eine gewisse asketische und postmoderne Strenge <\/strong> im Hinblick auf die Verwendung grundlegender Materialien; auf Deko-Elemente wird verzichtet, wenn nicht im strikten Sinne funktional sind. R\u00e4ume, die zu Kreativit\u00e4t bei der Schaffung von Innenbereichen als Paradigma des Angenehmen und Flexiblen einladen.<\/li>\n<\/ul>\n<\/div>\n<div id=\"planos\"><\/div>\n<ul>\nDas <strong>Stadtzentrum<\/strong> kann zu Fu\u00df in 15 Minuten erreicht werden.<br \/>\nGegen\u00fcber dem Hotel befindet sich das <a href=\"http:\/\/www.puntaalmenara.es\/\">Einkaufzentrum \u201cPunta Almenara\u201d<\/a> mit 7 Multi-Kinos\u00e4len, Boutiquen, Restaurants, Bars und der Diskothek \u201eLa Suite\u201c, in der Gruppen bis zu 1.000 Personen Platz finden.<\/ul>\n<p><span class=\"descargar\"><a href=\"https:\/\/www.barcelopuntaumbriaevents.com\/wp-content\/uploads\/2014\/02\/NUEVO-TRIPTICO-BPUBR-2017.jpg\">Faltblatt Barcel\u00f3 Punta Umbr\u00eda Beach Resort (pdf) herunterladen<\/a><\/span><br \/>\n<span class=\"descargar\"><a href=\"https:\/\/www.barcelopuntaumbriaevents.com\/wp-content\/uploads\/2014\/02\/El_Resort.eps\">Faltblatt Barcel\u00f3 Punta Umbr\u00eda Beach Resort (eps) herunterladen<\/a><\/span><\/p>","protected":false},"excerpt":{"rendered":"<p>Entdecken Sie einige der Schl\u00fcsselfaktoren des Designs des von Antonio Alba Carrillo und Carlos Jim\u00e9nez Pose, 2 der emblematischsten Architekten des 21. Jahrhunderts, entworfenen Bauwerks. Bei ihrem Entwurf st\u00fctzten Sie sich auf folgende Grundkonzepte: Funktionalit\u00e4t: Drei durch Skyways auf der H\u00f6he der ersten Etage verbundene Geb\u00e4ude, Beach (500 Zimmer), Dunas (200 Zimmer und Kongresszentrum) sowie [&hellip;]<\/p>\n","protected":false},"author":7,"featured_media":0,"parent":22,"menu_order":0,"comment_status":"closed","ping_status":"open","template":"tpl_el_hotel.php","meta":{"ngg_post_thumbnail":0},"yoast_head":"<!-- This site is optimized with the Yoast SEO plugin v17.4 - https:\/\/yoast.com\/wordpress\/plugins\/seo\/ -->\n<title>Das Resort &ndash; Barcel\u00f3 Punta Umbr\u00eda Beach Resort<\/title>\n<meta name=\"robots\" content=\"index, follow, max-snippet:-1, max-image-preview:large, max-video-preview:-1\" \/>\n<link rel=\"canonical\" href=\"https:\/\/barcelopuntaumbriaevents.com\/el-hotel\/el-resort\/\" \/>\n<meta property=\"og:locale\" content=\"de_DE\" \/>\n<meta property=\"og:type\" content=\"article\" \/>\n<meta property=\"og:title\" content=\"Das Resort &ndash; Barcel\u00f3 Punta Umbr\u00eda Beach Resort\" \/>\n<meta property=\"og:description\" content=\"Entdecken Sie einige der Schl\u00fcsselfaktoren des Designs des von Antonio Alba Carrillo und Carlos Jim\u00e9nez Pose, 2 der emblematischsten Architekten des 21. Jahrhunderts, entworfenen Bauwerks. Bei ihrem Entwurf st\u00fctzten Sie sich auf folgende Grundkonzepte: Funktionalit\u00e4t: Drei durch Skyways auf der H\u00f6he der ersten Etage verbundene Geb\u00e4ude, Beach (500 Zimmer), Dunas (200 Zimmer und Kongresszentrum) sowie [&hellip;]\" \/>\n<meta property=\"og:url\" content=\"https:\/\/barcelopuntaumbriaevents.com\/el-hotel\/el-resort\/\" \/>\n<meta property=\"og:site_name\" content=\"Barcel\u00f3 Punta Umbr\u00eda Beach Resort\" \/>\n<meta property=\"article:modified_time\" content=\"2018-06-15T11:59:28+00:00\" \/>\n<meta property=\"og:image\" content=\"http:\/\/www.barcelopuntaumbriaevents.com\/wp-content\/themes\/barcelo\/images\/el_proyecto_arquitectonico.png\" \/>\n<meta name=\"twitter:label1\" content=\"Gesch\u00e4tzte Lesezeit\" \/>\n\t<meta name=\"twitter:data1\" content=\"6 Minuten\" \/>\n<script type=\"application\/ld+json\" class=\"yoast-schema-graph\">{\"@context\":\"https:\/\/schema.org\",\"@graph\":[{\"@type\":\"WebSite\",\"@id\":\"https:\/\/barcelopuntaumbriaevents.com\/es\/#website\",\"url\":\"https:\/\/barcelopuntaumbriaevents.com\/es\/\",\"name\":\"Barcel\\u00f3 Punta Umbr\\u00eda Beach Resort\",\"description\":\"Web oficial del Hotel Barcel\\u00f3 Punta Umbr\\u00eda Beach Resort\",\"potentialAction\":[{\"@type\":\"SearchAction\",\"target\":{\"@type\":\"EntryPoint\",\"urlTemplate\":\"https:\/\/barcelopuntaumbriaevents.com\/es\/?s={search_term_string}\"},\"query-input\":\"required name=search_term_string\"}],\"inLanguage\":\"de-DE\"},{\"@type\":\"ImageObject\",\"@id\":\"https:\/\/barcelopuntaumbriaevents.com\/el-hotel\/el-resort\/#primaryimage\",\"inLanguage\":\"de-DE\",\"url\":\"http:\/\/www.barcelopuntaumbriaevents.com\/wp-content\/themes\/barcelo\/images\/el_proyecto_arquitectonico.png\",\"contentUrl\":\"http:\/\/www.barcelopuntaumbriaevents.com\/wp-content\/themes\/barcelo\/images\/el_proyecto_arquitectonico.png\"},{\"@type\":\"WebPage\",\"@id\":\"https:\/\/barcelopuntaumbriaevents.com\/el-hotel\/el-resort\/#webpage\",\"url\":\"https:\/\/barcelopuntaumbriaevents.com\/el-hotel\/el-resort\/\",\"name\":\"Das Resort &ndash; Barcel\\u00f3 Punta Umbr\\u00eda Beach Resort\",\"isPartOf\":{\"@id\":\"https:\/\/barcelopuntaumbriaevents.com\/es\/#website\"},\"primaryImageOfPage\":{\"@id\":\"https:\/\/barcelopuntaumbriaevents.com\/el-hotel\/el-resort\/#primaryimage\"},\"datePublished\":\"2014-02-26T10:47:42+00:00\",\"dateModified\":\"2018-06-15T11:59:28+00:00\",\"breadcrumb\":{\"@id\":\"https:\/\/barcelopuntaumbriaevents.com\/el-hotel\/el-resort\/#breadcrumb\"},\"inLanguage\":\"de-DE\",\"potentialAction\":[{\"@type\":\"ReadAction\",\"target\":[\"https:\/\/barcelopuntaumbriaevents.com\/el-hotel\/el-resort\/\"]}]},{\"@type\":\"BreadcrumbList\",\"@id\":\"https:\/\/barcelopuntaumbriaevents.com\/el-hotel\/el-resort\/#breadcrumb\",\"itemListElement\":[{\"@type\":\"ListItem\",\"position\":1,\"name\":\"Home\",\"item\":\"https:\/\/barcelopuntaumbriaevents.com\/es\/\"},{\"@type\":\"ListItem\",\"position\":2,\"name\":\"El Hotel\",\"item\":\"https:\/\/barcelopuntaumbriaevents.com\/es\/el-hotel\/\"},{\"@type\":\"ListItem\",\"position\":3,\"name\":\"El Resort\"}]}]}<\/script>\n<!-- \/ Yoast SEO plugin. -->","yoast_head_json":{"title":"Das Resort &ndash; Barcel\u00f3 Punta Umbr\u00eda Beach Resort","robots":{"index":"index","follow":"follow","max-snippet":"max-snippet:-1","max-image-preview":"max-image-preview:large","max-video-preview":"max-video-preview:-1"},"canonical":"https:\/\/barcelopuntaumbriaevents.com\/el-hotel\/el-resort\/","og_locale":"de_DE","og_type":"article","og_title":"Das Resort &ndash; Barcel\u00f3 Punta Umbr\u00eda Beach Resort","og_description":"Entdecken Sie einige der Schl\u00fcsselfaktoren des Designs des von Antonio Alba Carrillo und Carlos Jim\u00e9nez Pose, 2 der emblematischsten Architekten des 21. Jahrhunderts, entworfenen Bauwerks. Bei ihrem Entwurf st\u00fctzten Sie sich auf folgende Grundkonzepte: Funktionalit\u00e4t: Drei durch Skyways auf der H\u00f6he der ersten Etage verbundene Geb\u00e4ude, Beach (500 Zimmer), Dunas (200 Zimmer und Kongresszentrum) sowie [&hellip;]","og_url":"https:\/\/barcelopuntaumbriaevents.com\/el-hotel\/el-resort\/","og_site_name":"Barcel\u00f3 Punta Umbr\u00eda Beach Resort","article_modified_time":"2018-06-15T11:59:28+00:00","og_image":[{"url":"http:\/\/www.barcelopuntaumbriaevents.com\/wp-content\/themes\/barcelo\/images\/el_proyecto_arquitectonico.png"}],"twitter_misc":{"Gesch\u00e4tzte Lesezeit":"6 Minuten"},"schema":{"@context":"https:\/\/schema.org","@graph":[{"@type":"WebSite","@id":"https:\/\/barcelopuntaumbriaevents.com\/es\/#website","url":"https:\/\/barcelopuntaumbriaevents.com\/es\/","name":"Barcel\u00f3 Punta Umbr\u00eda Beach Resort","description":"Web oficial del Hotel Barcel\u00f3 Punta Umbr\u00eda Beach Resort","potentialAction":[{"@type":"SearchAction","target":{"@type":"EntryPoint","urlTemplate":"https:\/\/barcelopuntaumbriaevents.com\/es\/?s={search_term_string}"},"query-input":"required name=search_term_string"}],"inLanguage":"de-DE"},{"@type":"ImageObject","@id":"https:\/\/barcelopuntaumbriaevents.com\/el-hotel\/el-resort\/#primaryimage","inLanguage":"de-DE","url":"http:\/\/www.barcelopuntaumbriaevents.com\/wp-content\/themes\/barcelo\/images\/el_proyecto_arquitectonico.png","contentUrl":"http:\/\/www.barcelopuntaumbriaevents.com\/wp-content\/themes\/barcelo\/images\/el_proyecto_arquitectonico.png"},{"@type":"WebPage","@id":"https:\/\/barcelopuntaumbriaevents.com\/el-hotel\/el-resort\/#webpage","url":"https:\/\/barcelopuntaumbriaevents.com\/el-hotel\/el-resort\/","name":"Das Resort &ndash; Barcel\u00f3 Punta Umbr\u00eda Beach Resort","isPartOf":{"@id":"https:\/\/barcelopuntaumbriaevents.com\/es\/#website"},"primaryImageOfPage":{"@id":"https:\/\/barcelopuntaumbriaevents.com\/el-hotel\/el-resort\/#primaryimage"},"datePublished":"2014-02-26T10:47:42+00:00","dateModified":"2018-06-15T11:59:28+00:00","breadcrumb":{"@id":"https:\/\/barcelopuntaumbriaevents.com\/el-hotel\/el-resort\/#breadcrumb"},"inLanguage":"de-DE","potentialAction":[{"@type":"ReadAction","target":["https:\/\/barcelopuntaumbriaevents.com\/el-hotel\/el-resort\/"]}]},{"@type":"BreadcrumbList","@id":"https:\/\/barcelopuntaumbriaevents.com\/el-hotel\/el-resort\/#breadcrumb","itemListElement":[{"@type":"ListItem","position":1,"name":"Home","item":"https:\/\/barcelopuntaumbriaevents.com\/es\/"},{"@type":"ListItem","position":2,"name":"El Hotel","item":"https:\/\/barcelopuntaumbriaevents.com\/es\/el-hotel\/"},{"@type":"ListItem","position":3,"name":"El Resort"}]}]}},"_links":{"self":[{"href":"https:\/\/barcelopuntaumbriaevents.com\/de\/wp-json\/wp\/v2\/pages\/281"}],"collection":[{"href":"https:\/\/barcelopuntaumbriaevents.com\/de\/wp-json\/wp\/v2\/pages"}],"about":[{"href":"https:\/\/barcelopuntaumbriaevents.com\/de\/wp-json\/wp\/v2\/types\/page"}],"author":[{"embeddable":true,"href":"https:\/\/barcelopuntaumbriaevents.com\/de\/wp-json\/wp\/v2\/users\/7"}],"replies":[{"embeddable":true,"href":"https:\/\/barcelopuntaumbriaevents.com\/de\/wp-json\/wp\/v2\/comments?post=281"}],"version-history":[{"count":9,"href":"https:\/\/barcelopuntaumbriaevents.com\/de\/wp-json\/wp\/v2\/pages\/281\/revisions"}],"predecessor-version":[{"id":5796,"href":"https:\/\/barcelopuntaumbriaevents.com\/de\/wp-json\/wp\/v2\/pages\/281\/revisions\/5796"}],"up":[{"embeddable":true,"href":"https:\/\/barcelopuntaumbriaevents.com\/de\/wp-json\/wp\/v2\/pages\/22"}],"wp:attachment":[{"href":"https:\/\/barcelopuntaumbriaevents.com\/de\/wp-json\/wp\/v2\/media?parent=281"}],"curies":[{"name":"wp","href":"https:\/\/api.w.org\/{rel}","templated":true}]}}