												{"id":22,"date":"2014-02-05T09:17:57","date_gmt":"2014-02-05T09:17:57","guid":{"rendered":"http:\/\/www.barcelopuntaumbriaevents.com\/?page_id=22"},"modified":"2020-01-03T12:23:44","modified_gmt":"2020-01-03T12:23:44","slug":"el-hotel","status":"publish","type":"page","link":"https:\/\/barcelopuntaumbriaevents.com\/de\/el-hotel\/","title":{"rendered":"Das Hotel"},"content":{"rendered":"<p><\/p>\n<div class=\"black-title\"><strong>Pr\u00e4sentation des hotels<\/strong><\/div>\n<div class=\"blk_c row\">\n<div class=\"promociones-box\">\n<div class=\"main-title\">Das Resort<\/div>\n<div class=\"promociones-box-thumb\"><img src=\"http:\/\/www.barcelopuntaumbriaevents.com\/wp-content\/themes\/barcelo\/images\/secciones\/inicio_resort.jpg\" alt=\"\" \/><\/div>\n<div class=\"promociones-box-description1\">Entdecken Sie einige der Schl\u00fcsselfaktoren des Designs und der Gestaltung des Hotels und w\u00e4hlen Sie aus dem vielf\u00e4ltigen Angebot an R\u00e4umlichkeiten den idealen Rahmen f\u00fcr Ihr Event.<\/div>\n<div class=\"read-more\"><a href=\"http:\/\/www.barcelopuntaumbriaevents.com\/el-hotel\/el-resort\/\">Enter<\/a><\/div>\n<\/div>\n<div class=\"promociones-box\">\n<div class=\"main-title\">Key selling points<\/div>\n<div class=\"promociones-box-thumb\"><img src=\"http:\/\/www.barcelopuntaumbriaevents.com\/wp-content\/themes\/barcelo\/images\/secciones\/inicio_ksp.jpg\" alt=\"\" \/><\/div>\n<div class=\"promociones-box-description1\">Entdecken Sie, was im Hotel Barcel\u00f3 Punta Umbr\u00eda Beach Resort den Unterschied ausmacht.<\/div>\n<div class=\"read-more\"><a href=\"http:\/\/www.barcelopuntaumbriaevents.com\/el-hotel\/key-selling-points\/\">Enter<\/a><\/div>\n<\/div>\n<\/div>\n<p>&nbsp;<\/p>\n<div class=\"black-title\"><strong>Zimmer und Einrichtungen<\/strong><\/div>\n<div class=\"blk_c row\">\n<div class=\"promociones-box\">\n<div class=\"main-title\">Zimmer<\/div>\n<div class=\"promociones-box-thumb\"><img src=\"http:\/\/www.barcelopuntaumbriaevents.com\/wp-content\/themes\/barcelo\/images\/secciones\/instalaciones_habitaciones.jpg\" alt=\"\" \/><\/div>\n<div class=\"promociones-box-description1\">F\u00fchlen Sie sich wohl und genie\u00dfen Sie die Helligkeit und Ger\u00e4umigkeit, die Ihnen unsere 1200 identischen und auf drei Geb\u00e4ude verteilten Zimmer bieten.<\/div>\n<div class=\"read-more\"><a href=\"http:\/\/www.barcelopuntaumbriaevents.com\/el-hotel\/habitaciones\/\">Enter<\/a><\/div>\n<\/div>\n<div class=\"promociones-box\">\n<div class=\"main-title\">Kongresszentrum<\/div>\n<div class=\"promociones-box-thumb\"><img src=\"http:\/\/barcelopuntaumbriaevents.com\/wp-content\/uploads\/2019\/06\/026_bpub_2019.jpg\" alt=\"\" \/><\/div>\n<div class=\"promociones-box-description1\">Entdecken Sie den Komfort und die unz\u00e4hligen Vorteile eines Kongresszentrums direkt in Ihrem Hotel.<\/div>\n<div class=\"read-more\"><a href=\"http:\/\/www.barcelopuntaumbriaevents.com\/el-hotel\/centro-de-convenciones\/\">Enter<\/a><\/div>\n<\/div>\n<div class=\"promociones-box\">\n<div class=\"main-title\">Restaurantbereiche<\/div>\n<div class=\"promociones-box-thumb\"><img src=\"http:\/\/www.barcelopuntaumbriaevents.com\/wp-content\/themes\/barcelo\/images\/secciones\/instalaciones_restauracion.jpg\" alt=\"\" \/><\/div>\n<div class=\"promociones-box-description1\">Finden Sie die perfekte Umgebung, um ganz nach Ihren W\u00fcnschen erstklassige Gastronomie zu genie\u00dfen.<\/div>\n<div class=\"read-more\"><a href=\"http:\/\/www.barcelopuntaumbriaevents.com\/el-hotel\/espacios-para-restauracion\/\">Enter<\/a><\/div>\n<\/div>\n<div class=\"promociones-box\">\n<div class=\"main-title\">Einzigartige Orte<\/div>\n<div class=\"promociones-box-thumb\"><img src=\"http:\/\/www.barcelopuntaumbriaevents.com\/wp-content\/themes\/barcelo\/images\/secciones\/btn_Espacios_singulares.jpg\" alt=\"\" \/><\/div>\n<div class=\"promociones-box-description1\">Lassen Sie sich von der Originalit\u00e4t einzigartiger Veranstaltungsorte f\u00fcr Ihr Event \u00fcberraschen. <\/div>\n<div class=\"read-more\"><a href=\"http:\/\/www.barcelopuntaumbriaevents.com\/el-hotel\/espacios-singulares\/\">Enter<\/a><\/div>\n<\/div>\n<\/div>\n<p>&nbsp;<\/p>\n<div class=\"black-title\"><strong>Sport und Aktivit\u00e4ten<\/strong><\/div>\n<div class=\"blk_c row\">\n<div class=\"promociones-box\">\n<div class=\"main-title\">Sportanlagen<\/div>\n<div class=\"promociones-box-thumb\"><img src=\"http:\/\/www.barcelopuntaumbriaevents.com\/wp-content\/themes\/barcelo\/images\/secciones\/servicios_instalaciones_deportivas.png\" alt=\"\" \/><\/div>\n<div class=\"promociones-box-description1\">Nutzen Sie die hervorragenden Sportanlagen.<\/div>\n<div class=\"read-more\"><a href=\"http:\/\/www.barcelopuntaumbriaevents.com\/el-hotel\/instalaciones-deportivas\/\">Enter<\/a><\/div>\n<\/div>\n<div class=\"promociones-box\">\n<div class=\"main-title\">Spa &amp; Gym<\/div>\n<div class=\"promociones-box-thumb\"><img src=\"http:\/\/www.barcelopuntaumbriaevents.com\/wp-content\/themes\/barcelo\/images\/secciones\/servicios_spa_gym.png\" alt=\"\" \/><\/div>\n<div class=\"promociones-box-description1\">Lassen Sie sich nach einem harten Arbeitstag in unseren 2000 m2 gro\u00dfen Wellnessbereich verw\u00f6hnen.<\/div>\n<div class=\"read-more\"><a href=\"http:\/\/www.barcelopuntaumbriaevents.com\/el-hotel\/spa-gym\/\">Enter<\/a><\/div>\n<\/div>\n<div class=\"promociones-box\">\n<div class=\"main-title\">GRUPPENAKTIVIT\u00c4TEN<\/div>\n<div class=\"promociones-box-thumb\"><img src=\"http:\/\/barcelopuntaumbriaevents.com\/wp-content\/uploads\/2020\/01\/LMI-7.jpg\" alt=\"\" \/><\/div>\n<div class=\"promociones-box-description1\">Erh\u00f6hen Sie Ihre M\u00f6glichkeiten, indem Sie bei Ihrem Event mal etwas ganz anderes unternehmen.<\/div>\n<div class=\"read-more\"><a href=\"http:\/\/www.barcelopuntaumbriaevents.com\/el-hotel\/actividades-de-grupo\/\">Enter<\/a><\/div>\n<\/div>\n<\/div>\n<p>&nbsp;<\/p>\n<div class=\"black-title\"><strong>Technische Ressourcen f\u00fcr Events und Pr\u00e4sentationen<\/strong><\/div>\n<div class=\"blk_c row\">\n<div class=\"promociones-box\">\n<div class=\"main-title\">TAGUNGSTECHNISCHE AUSSTATTUNG<\/div>\n<div class=\"promociones-box-thumb\"><img src=\"http:\/\/barcelopuntaumbriaevents.com\/wp-content\/uploads\/2020\/01\/img_4443.jpg\" alt=\"\" \/><\/div>\n<div class=\"promociones-box-description1\">Wir stellen Ihnen die neueste Tagungstechnologie zur Verf\u00fcgung, mit der die Inszenierung Ihres Events mit Sicherheit ein Erfolg wird. <\/div>\n<div class=\"read-more\"><a href=\"http:\/\/www.barcelopuntaumbriaevents.com\/el-hotel\/oferta-audiovisual\/\">Enter<\/a><\/div>\n<\/div>\n<div class=\"promociones-box\">\n<div class=\"main-title\">EINRICHTUNGEN F\u00dcR DIE AUTOMOBILINDUSTRIE<\/div>\n<div class=\"promociones-box-thumb\"><img src=\"http:\/\/barcelopuntaumbriaevents.com\/wp-content\/uploads\/2020\/01\/VEHICULO-ENTRADA-2.jpg\" alt=\"\" \/><\/div>\n<div class=\"promociones-box-description1\">Wir verf\u00fcgen \u00fcber beispiellose Anlagen f\u00fcr Events des Automobilsektors.<\/div>\n<div class=\"read-more\"><a href=\"http:\/\/www.barcelopuntaumbriaevents.com\/el-hotel\/parking-y-montacargas\/\">Enter<\/a><\/div>\n<\/div>\n<div class=\"promociones-box\">\n<div class=\"main-title\">&nbsp;<br \/>Branding<\/div>\n<div class=\"promociones-box-thumb\"><img src=\"http:\/\/www.barcelopuntaumbriaevents.com\/wp-content\/themes\/barcelo\/images\/secciones\/btn_Branding.jpg\" alt=\"\" \/><\/div>\n<div class=\"promociones-box-description1\">Entdecken Sie die unz\u00e4hligen M\u00f6glichkeiten, Ihrem Event das passende \u00c4u\u00dfere zu verleihen und einfach und bequem Markenpflege zu betreiben.<\/div>\n<div class=\"read-more\"><a href=\"http:\/\/www.barcelopuntaumbriaevents.com\/el-hotel\/branding\/\">Enter<\/a><\/div>\n<\/div>\n<\/div>\n<p><\/p>","protected":false},"excerpt":{"rendered":"<p>Pr\u00e4sentation des hotels Das Resort Entdecken Sie einige der Schl\u00fcsselfaktoren des Designs und der Gestaltung des Hotels und w\u00e4hlen Sie aus dem vielf\u00e4ltigen Angebot an R\u00e4umlichkeiten den idealen Rahmen f\u00fcr Ihr Event. Enter Key selling points Entdecken Sie, was im Hotel Barcel\u00f3 Punta Umbr\u00eda Beach Resort den Unterschied ausmacht. Enter &nbsp; Zimmer und Einrichtungen Zimmer [&hellip;]<\/p>\n","protected":false},"author":7,"featured_media":0,"parent":0,"menu_order":0,"comment_status":"closed","ping_status":"open","template":"tpl_menus.php","meta":{"ngg_post_thumbnail":0},"yoast_head":"<!-- This site is optimized with the Yoast SEO plugin v17.4 - https:\/\/yoast.com\/wordpress\/plugins\/seo\/ -->\n<title>Das Hotel &ndash; Barcel\u00f3 Punta Umbr\u00eda Beach Resort<\/title>\n<meta name=\"robots\" content=\"index, follow, max-snippet:-1, max-image-preview:large, max-video-preview:-1\" \/>\n<link rel=\"canonical\" href=\"https:\/\/barcelopuntaumbriaevents.com\/es\/el-hotel\/\" \/>\n<meta property=\"og:locale\" content=\"de_DE\" \/>\n<meta property=\"og:type\" content=\"article\" \/>\n<meta property=\"og:title\" content=\"Das Hotel &ndash; Barcel\u00f3 Punta Umbr\u00eda Beach Resort\" \/>\n<meta property=\"og:description\" content=\"Pr\u00e4sentation des hotels Das Resort Entdecken Sie einige der Schl\u00fcsselfaktoren des Designs und der Gestaltung des Hotels und w\u00e4hlen Sie aus dem vielf\u00e4ltigen Angebot an R\u00e4umlichkeiten den idealen Rahmen f\u00fcr Ihr Event. Enter Key selling points Entdecken Sie, was im Hotel Barcel\u00f3 Punta Umbr\u00eda Beach Resort den Unterschied ausmacht. Enter &nbsp; Zimmer und Einrichtungen Zimmer [&hellip;]\" \/>\n<meta property=\"og:url\" content=\"https:\/\/barcelopuntaumbriaevents.com\/es\/el-hotel\/\" \/>\n<meta property=\"og:site_name\" content=\"Barcel\u00f3 Punta Umbr\u00eda Beach Resort\" \/>\n<meta property=\"article:modified_time\" content=\"2020-01-03T12:23:44+00:00\" \/>\n<meta property=\"og:image\" content=\"http:\/\/www.barcelopuntaumbriaevents.com\/wp-content\/themes\/barcelo\/images\/secciones\/inicio_resort.jpg\" \/>\n<meta name=\"twitter:label1\" content=\"Gesch\u00e4tzte Lesezeit\" \/>\n\t<meta name=\"twitter:data1\" content=\"5 Minuten\" \/>\n<script type=\"application\/ld+json\" class=\"yoast-schema-graph\">{\"@context\":\"https:\/\/schema.org\",\"@graph\":[{\"@type\":\"WebSite\",\"@id\":\"https:\/\/barcelopuntaumbriaevents.com\/es\/#website\",\"url\":\"https:\/\/barcelopuntaumbriaevents.com\/es\/\",\"name\":\"Barcel\\u00f3 Punta Umbr\\u00eda Beach Resort\",\"description\":\"Web oficial del Hotel Barcel\\u00f3 Punta Umbr\\u00eda Beach Resort\",\"potentialAction\":[{\"@type\":\"SearchAction\",\"target\":{\"@type\":\"EntryPoint\",\"urlTemplate\":\"https:\/\/barcelopuntaumbriaevents.com\/es\/?s={search_term_string}\"},\"query-input\":\"required name=search_term_string\"}],\"inLanguage\":\"de-DE\"},{\"@type\":\"ImageObject\",\"@id\":\"https:\/\/barcelopuntaumbriaevents.com\/es\/el-hotel\/#primaryimage\",\"inLanguage\":\"de-DE\",\"url\":\"http:\/\/www.barcelopuntaumbriaevents.com\/wp-content\/themes\/barcelo\/images\/secciones\/inicio_resort.jpg\",\"contentUrl\":\"http:\/\/www.barcelopuntaumbriaevents.com\/wp-content\/themes\/barcelo\/images\/secciones\/inicio_resort.jpg\"},{\"@type\":\"WebPage\",\"@id\":\"https:\/\/barcelopuntaumbriaevents.com\/es\/el-hotel\/#webpage\",\"url\":\"https:\/\/barcelopuntaumbriaevents.com\/es\/el-hotel\/\",\"name\":\"Das Hotel &ndash; Barcel\\u00f3 Punta Umbr\\u00eda Beach Resort\",\"isPartOf\":{\"@id\":\"https:\/\/barcelopuntaumbriaevents.com\/es\/#website\"},\"primaryImageOfPage\":{\"@id\":\"https:\/\/barcelopuntaumbriaevents.com\/es\/el-hotel\/#primaryimage\"},\"datePublished\":\"2014-02-05T09:17:57+00:00\",\"dateModified\":\"2020-01-03T12:23:44+00:00\",\"breadcrumb\":{\"@id\":\"https:\/\/barcelopuntaumbriaevents.com\/es\/el-hotel\/#breadcrumb\"},\"inLanguage\":\"de-DE\",\"potentialAction\":[{\"@type\":\"ReadAction\",\"target\":[\"https:\/\/barcelopuntaumbriaevents.com\/es\/el-hotel\/\"]}]},{\"@type\":\"BreadcrumbList\",\"@id\":\"https:\/\/barcelopuntaumbriaevents.com\/es\/el-hotel\/#breadcrumb\",\"itemListElement\":[{\"@type\":\"ListItem\",\"position\":1,\"name\":\"Home\",\"item\":\"https:\/\/barcelopuntaumbriaevents.com\/es\/\"},{\"@type\":\"ListItem\",\"position\":2,\"name\":\"El Hotel\"}]}]}<\/script>\n<!-- \/ Yoast SEO plugin. -->","yoast_head_json":{"title":"Das Hotel &ndash; Barcel\u00f3 Punta Umbr\u00eda Beach Resort","robots":{"index":"index","follow":"follow","max-snippet":"max-snippet:-1","max-image-preview":"max-image-preview:large","max-video-preview":"max-video-preview:-1"},"canonical":"https:\/\/barcelopuntaumbriaevents.com\/es\/el-hotel\/","og_locale":"de_DE","og_type":"article","og_title":"Das Hotel &ndash; Barcel\u00f3 Punta Umbr\u00eda Beach Resort","og_description":"Pr\u00e4sentation des hotels Das Resort Entdecken Sie einige der Schl\u00fcsselfaktoren des Designs und der Gestaltung des Hotels und w\u00e4hlen Sie aus dem vielf\u00e4ltigen Angebot an R\u00e4umlichkeiten den idealen Rahmen f\u00fcr Ihr Event. Enter Key selling points Entdecken Sie, was im Hotel Barcel\u00f3 Punta Umbr\u00eda Beach Resort den Unterschied ausmacht. Enter &nbsp; Zimmer und Einrichtungen Zimmer [&hellip;]","og_url":"https:\/\/barcelopuntaumbriaevents.com\/es\/el-hotel\/","og_site_name":"Barcel\u00f3 Punta Umbr\u00eda Beach Resort","article_modified_time":"2020-01-03T12:23:44+00:00","og_image":[{"url":"http:\/\/www.barcelopuntaumbriaevents.com\/wp-content\/themes\/barcelo\/images\/secciones\/inicio_resort.jpg"}],"twitter_misc":{"Gesch\u00e4tzte Lesezeit":"5 Minuten"},"schema":{"@context":"https:\/\/schema.org","@graph":[{"@type":"WebSite","@id":"https:\/\/barcelopuntaumbriaevents.com\/es\/#website","url":"https:\/\/barcelopuntaumbriaevents.com\/es\/","name":"Barcel\u00f3 Punta Umbr\u00eda Beach Resort","description":"Web oficial del Hotel Barcel\u00f3 Punta Umbr\u00eda Beach Resort","potentialAction":[{"@type":"SearchAction","target":{"@type":"EntryPoint","urlTemplate":"https:\/\/barcelopuntaumbriaevents.com\/es\/?s={search_term_string}"},"query-input":"required name=search_term_string"}],"inLanguage":"de-DE"},{"@type":"ImageObject","@id":"https:\/\/barcelopuntaumbriaevents.com\/es\/el-hotel\/#primaryimage","inLanguage":"de-DE","url":"http:\/\/www.barcelopuntaumbriaevents.com\/wp-content\/themes\/barcelo\/images\/secciones\/inicio_resort.jpg","contentUrl":"http:\/\/www.barcelopuntaumbriaevents.com\/wp-content\/themes\/barcelo\/images\/secciones\/inicio_resort.jpg"},{"@type":"WebPage","@id":"https:\/\/barcelopuntaumbriaevents.com\/es\/el-hotel\/#webpage","url":"https:\/\/barcelopuntaumbriaevents.com\/es\/el-hotel\/","name":"Das Hotel &ndash; Barcel\u00f3 Punta Umbr\u00eda Beach Resort","isPartOf":{"@id":"https:\/\/barcelopuntaumbriaevents.com\/es\/#website"},"primaryImageOfPage":{"@id":"https:\/\/barcelopuntaumbriaevents.com\/es\/el-hotel\/#primaryimage"},"datePublished":"2014-02-05T09:17:57+00:00","dateModified":"2020-01-03T12:23:44+00:00","breadcrumb":{"@id":"https:\/\/barcelopuntaumbriaevents.com\/es\/el-hotel\/#breadcrumb"},"inLanguage":"de-DE","potentialAction":[{"@type":"ReadAction","target":["https:\/\/barcelopuntaumbriaevents.com\/es\/el-hotel\/"]}]},{"@type":"BreadcrumbList","@id":"https:\/\/barcelopuntaumbriaevents.com\/es\/el-hotel\/#breadcrumb","itemListElement":[{"@type":"ListItem","position":1,"name":"Home","item":"https:\/\/barcelopuntaumbriaevents.com\/es\/"},{"@type":"ListItem","position":2,"name":"El Hotel"}]}]}},"_links":{"self":[{"href":"https:\/\/barcelopuntaumbriaevents.com\/de\/wp-json\/wp\/v2\/pages\/22"}],"collection":[{"href":"https:\/\/barcelopuntaumbriaevents.com\/de\/wp-json\/wp\/v2\/pages"}],"about":[{"href":"https:\/\/barcelopuntaumbriaevents.com\/de\/wp-json\/wp\/v2\/types\/page"}],"author":[{"embeddable":true,"href":"https:\/\/barcelopuntaumbriaevents.com\/de\/wp-json\/wp\/v2\/users\/7"}],"replies":[{"embeddable":true,"href":"https:\/\/barcelopuntaumbriaevents.com\/de\/wp-json\/wp\/v2\/comments?post=22"}],"version-history":[{"count":21,"href":"https:\/\/barcelopuntaumbriaevents.com\/de\/wp-json\/wp\/v2\/pages\/22\/revisions"}],"predecessor-version":[{"id":6321,"href":"https:\/\/barcelopuntaumbriaevents.com\/de\/wp-json\/wp\/v2\/pages\/22\/revisions\/6321"}],"wp:attachment":[{"href":"https:\/\/barcelopuntaumbriaevents.com\/de\/wp-json\/wp\/v2\/media?parent=22"}],"curies":[{"name":"wp","href":"https:\/\/api.w.org\/{rel}","templated":true}]}}